{"id":638,"date":"2016-09-29T15:47:46","date_gmt":"2016-09-29T13:47:46","guid":{"rendered":"http:\/\/snirscfecgc.neowordpress.fr\/?page_id=638"},"modified":"2016-09-29T15:47:46","modified_gmt":"2016-09-29T13:47:46","slug":"les-nouvelles-breves","status":"publish","type":"page","link":"https:\/\/snirs-cfecgc.fr\/?page_id=638","title":{"rendered":"Les nouvelles br\u00e8ves"},"content":{"rendered":"<h1>D\u00e9couvrez notre p\u00e9riodique d&rsquo;information<\/h1>\n<p><img decoding=\"async\" class=\"size-thumbnail wp-image-1472 alignleft\" src=\"http:\/\/www.snirs.fr\/\/wp-content\/uploads\/sites\/20836\/2017\/05\/NB-SPECIAL-REVU_Page_01-150x150.jpg\" alt=\"\" width=\"150\" height=\"150\" srcset=\"https:\/\/snirs-cfecgc.fr\/wp-content\/uploads\/2017\/05\/NB-SPECIAL-REVU_Page_01-150x150.jpg 150w, https:\/\/snirs-cfecgc.fr\/wp-content\/uploads\/2017\/05\/NB-SPECIAL-REVU_Page_01-50x50.jpg 50w, https:\/\/snirs-cfecgc.fr\/wp-content\/uploads\/2017\/05\/NB-SPECIAL-REVU_Page_01-80x80.jpg 80w\" sizes=\"(max-width: 150px) 100vw, 150px\" \/><\/p>\n<p>Le dernier num\u00e9ro<\/p>\n<ul class=\"lcp_catlist\" id=\"lcp_instance_0\"><li><a href=\"https:\/\/snirs-cfecgc.fr\/?p=4159\">Tensions dans les universit\u00e9s et IEP<\/a><\/li><\/ul>\n<p>&nbsp;<\/p>\n<p>&nbsp;<\/p>\n<p>&nbsp;<\/p>\n<p><!--more--><\/p>\n<p>Les archives<\/p>\n<ul class=\"lcp_catlist\" id=\"lcp_instance_0\"><li><a href=\"https:\/\/snirs-cfecgc.fr\/?p=4159\">Tensions dans les universit\u00e9s et IEP<\/a><\/li><li><a href=\"https:\/\/snirs-cfecgc.fr\/?p=4298\">Sur le terrain (Toulouse)<\/a><\/li><li><a href=\"https:\/\/snirs-cfecgc.fr\/?p=4290\">Sur le terrain (Perpignan)<\/a><\/li><li><a href=\"https:\/\/snirs-cfecgc.fr\/?p=4319\">Sur le terrain (Nantes, Le Mans)<\/a><\/li><li><a href=\"https:\/\/snirs-cfecgc.fr\/?p=4287\">Sur le terrain (Montpellier)<\/a><\/li><li><a href=\"https:\/\/snirs-cfecgc.fr\/?p=4281\">Sur le terrain<\/a><\/li><li><a href=\"https:\/\/snirs-cfecgc.fr\/?p=3686\">Prix Nobel de physique<\/a><\/li><li><a href=\"https:\/\/snirs-cfecgc.fr\/?p=1467\">Nouvelles br\u00e8ves n\u00b0 161 &#8211; Num\u00e9ro sp\u00e9cial conseil d&rsquo;administration du CNRS<\/a><\/li><li><a href=\"https:\/\/snirs-cfecgc.fr\/?p=1423\">Nouvelles br\u00e8ves n\u00b0 160 &#8211; Mars 2017<\/a><\/li><\/ul>\n","protected":false},"excerpt":{"rendered":"<p>D\u00e9couvrez notre p\u00e9riodique d&rsquo;information Le dernier num\u00e9ro &nbsp; &nbsp; &nbsp;<\/p>\n","protected":false},"author":2,"featured_media":0,"parent":0,"menu_order":0,"comment_status":"closed","ping_status":"closed","template":"","meta":{"_bbp_topic_count":0,"_bbp_reply_count":0,"_bbp_total_topic_count":0,"_bbp_total_reply_count":0,"_bbp_voice_count":0,"_bbp_anonymous_reply_count":0,"_bbp_topic_count_hidden":0,"_bbp_reply_count_hidden":0,"_bbp_forum_subforum_count":0,"om_disable_all_campaigns":false,"footnotes":""},"class_list":["post-638","page","type-page","status-publish","hentry"],"yoast_head":"<!-- This site is optimized with the Yoast SEO plugin v27.2 - https:\/\/yoast.com\/product\/yoast-seo-wordpress\/ -->\n<title>Les nouvelles br\u00e8ves - Syndicat National Ind\u00e9pendant de la Recherche Scientifique et de l&#039;Enseignement Sup\u00e9rieur<\/title>\n<meta name=\"robots\" content=\"index, follow, max-snippet:-1, max-image-preview:large, max-video-preview:-1\" \/>\n<link rel=\"canonical\" href=\"https:\/\/snirs-cfecgc.fr\/?page_id=638\" class=\"yoast-seo-meta-tag\" \/>\n<meta property=\"og:locale\" content=\"fr_FR\" class=\"yoast-seo-meta-tag\" \/>\n<meta property=\"og:type\" content=\"article\" class=\"yoast-seo-meta-tag\" \/>\n<meta property=\"og:title\" content=\"Les nouvelles br\u00e8ves - Syndicat National Ind\u00e9pendant de la Recherche Scientifique et de l&#039;Enseignement Sup\u00e9rieur\" class=\"yoast-seo-meta-tag\" \/>\n<meta property=\"og:description\" content=\"D\u00e9couvrez notre p\u00e9riodique d&rsquo;information Le dernier num\u00e9ro &nbsp; &nbsp; &nbsp;\" class=\"yoast-seo-meta-tag\" \/>\n<meta property=\"og:url\" content=\"https:\/\/snirs-cfecgc.fr\/?page_id=638\" class=\"yoast-seo-meta-tag\" \/>\n<meta property=\"og:site_name\" content=\"Syndicat National Ind\u00e9pendant de la Recherche Scientifique et de l&#039;Enseignement Sup\u00e9rieur\" class=\"yoast-seo-meta-tag\" \/>\n<meta property=\"og:image\" content=\"http:\/\/www.snirs.fr\/\/wp-content\/uploads\/sites\/20836\/2017\/05\/NB-SPECIAL-REVU_Page_01-150x150.jpg\" class=\"yoast-seo-meta-tag\" \/>\n<meta name=\"twitter:card\" content=\"summary_large_image\" class=\"yoast-seo-meta-tag\" \/>\n<meta name=\"twitter:site\" content=\"@SnirsCGC\" class=\"yoast-seo-meta-tag\" \/>\n<script type=\"application\/ld+json\" class=\"yoast-schema-graph\">{\"@context\":\"https:\/\/schema.org\",\"@graph\":[{\"@type\":\"WebPage\",\"@id\":\"https:\/\/snirs-cfecgc.fr\/?page_id=638\",\"url\":\"https:\/\/snirs-cfecgc.fr\/?page_id=638\",\"name\":\"Les nouvelles br\u00e8ves - Syndicat National Ind\u00e9pendant de la Recherche Scientifique et de l&#039;Enseignement Sup\u00e9rieur\",\"isPartOf\":{\"@id\":\"https:\/\/snirs-cfecgc.fr\/#website\"},\"primaryImageOfPage\":{\"@id\":\"https:\/\/snirs-cfecgc.fr\/?page_id=638#primaryimage\"},\"image\":{\"@id\":\"https:\/\/snirs-cfecgc.fr\/?page_id=638#primaryimage\"},\"thumbnailUrl\":\"http:\/\/www.snirs.fr\/\/wp-content\/uploads\/sites\/20836\/2017\/05\/NB-SPECIAL-REVU_Page_01-150x150.jpg\",\"datePublished\":\"2016-09-29T13:47:46+00:00\",\"breadcrumb\":{\"@id\":\"https:\/\/snirs-cfecgc.fr\/?page_id=638#breadcrumb\"},\"inLanguage\":\"fr-FR\",\"potentialAction\":[{\"@type\":\"ReadAction\",\"target\":[\"https:\/\/snirs-cfecgc.fr\/?page_id=638\"]}]},{\"@type\":\"ImageObject\",\"inLanguage\":\"fr-FR\",\"@id\":\"https:\/\/snirs-cfecgc.fr\/?page_id=638#primaryimage\",\"url\":\"http:\/\/www.snirs.fr\/\/wp-content\/uploads\/sites\/20836\/2017\/05\/NB-SPECIAL-REVU_Page_01-150x150.jpg\",\"contentUrl\":\"http:\/\/www.snirs.fr\/\/wp-content\/uploads\/sites\/20836\/2017\/05\/NB-SPECIAL-REVU_Page_01-150x150.jpg\"},{\"@type\":\"BreadcrumbList\",\"@id\":\"https:\/\/snirs-cfecgc.fr\/?page_id=638#breadcrumb\",\"itemListElement\":[{\"@type\":\"ListItem\",\"position\":1,\"name\":\"Accueil\",\"item\":\"https:\/\/snirs-cfecgc.fr\/\"},{\"@type\":\"ListItem\",\"position\":2,\"name\":\"Les nouvelles br\u00e8ves\"}]},{\"@type\":\"WebSite\",\"@id\":\"https:\/\/snirs-cfecgc.fr\/#website\",\"url\":\"https:\/\/snirs-cfecgc.fr\/\",\"name\":\"Syndicat National Ind\u00e9pendant de la Recherche Scientifique et de l'Enseignement Sup\u00e9rieur\",\"description\":\"Ne pas prendre parti, c&#039;est accepter le parti pris des autres\",\"publisher\":{\"@id\":\"https:\/\/snirs-cfecgc.fr\/#organization\"},\"alternateName\":\"Snirs CFE-CGC\",\"potentialAction\":[{\"@type\":\"SearchAction\",\"target\":{\"@type\":\"EntryPoint\",\"urlTemplate\":\"https:\/\/snirs-cfecgc.fr\/?s={search_term_string}\"},\"query-input\":{\"@type\":\"PropertyValueSpecification\",\"valueRequired\":true,\"valueName\":\"search_term_string\"}}],\"inLanguage\":\"fr-FR\"},{\"@type\":\"Organization\",\"@id\":\"https:\/\/snirs-cfecgc.fr\/#organization\",\"name\":\"SNIRS CFE-CGC\",\"alternateName\":\"SNIRS\",\"url\":\"https:\/\/snirs-cfecgc.fr\/\",\"logo\":{\"@type\":\"ImageObject\",\"inLanguage\":\"fr-FR\",\"@id\":\"https:\/\/snirs-cfecgc.fr\/#\/schema\/logo\/image\/\",\"url\":\"https:\/\/snirs-cfecgc.fr\/wp-content\/uploads\/SNIRS_CFECGCFP-3-300x145-1.png\",\"contentUrl\":\"https:\/\/snirs-cfecgc.fr\/wp-content\/uploads\/SNIRS_CFECGCFP-3-300x145-1.png\",\"width\":300,\"height\":145,\"caption\":\"SNIRS CFE-CGC\"},\"image\":{\"@id\":\"https:\/\/snirs-cfecgc.fr\/#\/schema\/logo\/image\/\"},\"sameAs\":[\"https:\/\/x.com\/SnirsCGC\"]}]}<\/script>\n<!-- \/ Yoast SEO plugin. -->","yoast_head_json":{"title":"Les nouvelles br\u00e8ves - Syndicat National Ind\u00e9pendant de la Recherche Scientifique et de l&#039;Enseignement Sup\u00e9rieur","robots":{"index":"index","follow":"follow","max-snippet":"max-snippet:-1","max-image-preview":"max-image-preview:large","max-video-preview":"max-video-preview:-1"},"canonical":"https:\/\/snirs-cfecgc.fr\/?page_id=638","og_locale":"fr_FR","og_type":"article","og_title":"Les nouvelles br\u00e8ves - Syndicat National Ind\u00e9pendant de la Recherche Scientifique et de l&#039;Enseignement Sup\u00e9rieur","og_description":"D\u00e9couvrez notre p\u00e9riodique d&rsquo;information Le dernier num\u00e9ro &nbsp; &nbsp; &nbsp;","og_url":"https:\/\/snirs-cfecgc.fr\/?page_id=638","og_site_name":"Syndicat National Ind\u00e9pendant de la Recherche Scientifique et de l&#039;Enseignement Sup\u00e9rieur","og_image":[{"url":"http:\/\/www.snirs.fr\/\/wp-content\/uploads\/sites\/20836\/2017\/05\/NB-SPECIAL-REVU_Page_01-150x150.jpg","type":"","width":"","height":""}],"twitter_card":"summary_large_image","twitter_site":"@SnirsCGC","schema":{"@context":"https:\/\/schema.org","@graph":[{"@type":"WebPage","@id":"https:\/\/snirs-cfecgc.fr\/?page_id=638","url":"https:\/\/snirs-cfecgc.fr\/?page_id=638","name":"Les nouvelles br\u00e8ves - Syndicat National Ind\u00e9pendant de la Recherche Scientifique et de l&#039;Enseignement Sup\u00e9rieur","isPartOf":{"@id":"https:\/\/snirs-cfecgc.fr\/#website"},"primaryImageOfPage":{"@id":"https:\/\/snirs-cfecgc.fr\/?page_id=638#primaryimage"},"image":{"@id":"https:\/\/snirs-cfecgc.fr\/?page_id=638#primaryimage"},"thumbnailUrl":"http:\/\/www.snirs.fr\/\/wp-content\/uploads\/sites\/20836\/2017\/05\/NB-SPECIAL-REVU_Page_01-150x150.jpg","datePublished":"2016-09-29T13:47:46+00:00","breadcrumb":{"@id":"https:\/\/snirs-cfecgc.fr\/?page_id=638#breadcrumb"},"inLanguage":"fr-FR","potentialAction":[{"@type":"ReadAction","target":["https:\/\/snirs-cfecgc.fr\/?page_id=638"]}]},{"@type":"ImageObject","inLanguage":"fr-FR","@id":"https:\/\/snirs-cfecgc.fr\/?page_id=638#primaryimage","url":"http:\/\/www.snirs.fr\/\/wp-content\/uploads\/sites\/20836\/2017\/05\/NB-SPECIAL-REVU_Page_01-150x150.jpg","contentUrl":"http:\/\/www.snirs.fr\/\/wp-content\/uploads\/sites\/20836\/2017\/05\/NB-SPECIAL-REVU_Page_01-150x150.jpg"},{"@type":"BreadcrumbList","@id":"https:\/\/snirs-cfecgc.fr\/?page_id=638#breadcrumb","itemListElement":[{"@type":"ListItem","position":1,"name":"Accueil","item":"https:\/\/snirs-cfecgc.fr\/"},{"@type":"ListItem","position":2,"name":"Les nouvelles br\u00e8ves"}]},{"@type":"WebSite","@id":"https:\/\/snirs-cfecgc.fr\/#website","url":"https:\/\/snirs-cfecgc.fr\/","name":"Syndicat National Ind\u00e9pendant de la Recherche Scientifique et de l'Enseignement Sup\u00e9rieur","description":"Ne pas prendre parti, c&#039;est accepter le parti pris des autres","publisher":{"@id":"https:\/\/snirs-cfecgc.fr\/#organization"},"alternateName":"Snirs CFE-CGC","potentialAction":[{"@type":"SearchAction","target":{"@type":"EntryPoint","urlTemplate":"https:\/\/snirs-cfecgc.fr\/?s={search_term_string}"},"query-input":{"@type":"PropertyValueSpecification","valueRequired":true,"valueName":"search_term_string"}}],"inLanguage":"fr-FR"},{"@type":"Organization","@id":"https:\/\/snirs-cfecgc.fr\/#organization","name":"SNIRS CFE-CGC","alternateName":"SNIRS","url":"https:\/\/snirs-cfecgc.fr\/","logo":{"@type":"ImageObject","inLanguage":"fr-FR","@id":"https:\/\/snirs-cfecgc.fr\/#\/schema\/logo\/image\/","url":"https:\/\/snirs-cfecgc.fr\/wp-content\/uploads\/SNIRS_CFECGCFP-3-300x145-1.png","contentUrl":"https:\/\/snirs-cfecgc.fr\/wp-content\/uploads\/SNIRS_CFECGCFP-3-300x145-1.png","width":300,"height":145,"caption":"SNIRS CFE-CGC"},"image":{"@id":"https:\/\/snirs-cfecgc.fr\/#\/schema\/logo\/image\/"},"sameAs":["https:\/\/x.com\/SnirsCGC"]}]}},"_links":{"self":[{"href":"https:\/\/snirs-cfecgc.fr\/index.php?rest_route=\/wp\/v2\/pages\/638","targetHints":{"allow":["GET"]}}],"collection":[{"href":"https:\/\/snirs-cfecgc.fr\/index.php?rest_route=\/wp\/v2\/pages"}],"about":[{"href":"https:\/\/snirs-cfecgc.fr\/index.php?rest_route=\/wp\/v2\/types\/page"}],"author":[{"embeddable":true,"href":"https:\/\/snirs-cfecgc.fr\/index.php?rest_route=\/wp\/v2\/users\/2"}],"replies":[{"embeddable":true,"href":"https:\/\/snirs-cfecgc.fr\/index.php?rest_route=%2Fwp%2Fv2%2Fcomments&post=638"}],"version-history":[{"count":0,"href":"https:\/\/snirs-cfecgc.fr\/index.php?rest_route=\/wp\/v2\/pages\/638\/revisions"}],"wp:attachment":[{"href":"https:\/\/snirs-cfecgc.fr\/index.php?rest_route=%2Fwp%2Fv2%2Fmedia&parent=638"}],"curies":[{"name":"wp","href":"https:\/\/api.w.org\/{rel}","templated":true}]}}