{"id":4272,"date":"2024-09-25T17:49:14","date_gmt":"2024-09-25T15:49:14","guid":{"rendered":"https:\/\/snirs-cfecgc.fr\/?page_id=4272"},"modified":"2024-09-25T17:49:14","modified_gmt":"2024-09-25T15:49:14","slug":"nos-revendications","status":"publish","type":"page","link":"https:\/\/snirs-cfecgc.fr\/?page_id=4272","title":{"rendered":"Nos revendications"},"content":{"rendered":"\n<p>Un plan pluriannuel de <strong>revalorisation des traitements et des primes<\/strong>, une r\u00e9elle n\u00e9gociation sur les grilles indiciaires, la prise en compte de l\u2019ensemble des r\u00e9gimes indemnitaires dans le calcul de la retraite<\/p>\n\n\n\n<p>L\u2019accroissement du <strong>financement p\u00e9renne de la recherche<\/strong> pour les EPST et pour les EPSCP, accompagn\u00e9 d\u2019une <strong>simplification administrative<\/strong> du quotidien de nos \u00e9tablissements<\/p>\n\n\n\n<p>Une nouvelle politique des ressources humaines : <strong>r\u00e9forme des proc\u00e9dures de recrutement et de promotion<\/strong> pour plus de transparence et d\u2019\u00e9quit\u00e9, <strong>choc d\u2019attractivit\u00e9 en faveur des m\u00e9tiers de l\u2019ESR<\/strong>, <strong>cadre de gestion offrant des garanties aux agents contractuels<\/strong> (carri\u00e8re, r\u00e9mun\u00e9ration etc.)<\/p>\n\n\n\n<p>Un <strong>soutien sp\u00e9cifique aux chercheurs et enseignants-chercheurs en d\u00e9but de carri\u00e8re<\/strong> (dotation abond\u00e9e par les pr\u00e9ciputs ANR vers\u00e9s aux \u00e9tablissements)<\/p>\n\n\n\n<p><\/p>\n","protected":false},"excerpt":{"rendered":"<p>Un plan pluriannuel de revalorisation des traitements et des primes, une r\u00e9elle n\u00e9gociation sur les grilles indiciaires, la prise en compte de l\u2019ensemble des r\u00e9gimes indemnitaires dans le calcul de la retraite L\u2019accroissement du financement p\u00e9renne de la recherche pour les EPST et pour les EPSCP, accompagn\u00e9 d\u2019une simplification administrative du quotidien de nos \u00e9tablissements [&hellip;]<\/p>\n","protected":false},"author":6,"featured_media":0,"parent":0,"menu_order":0,"comment_status":"closed","ping_status":"closed","template":"","meta":{"_bbp_topic_count":0,"_bbp_reply_count":0,"_bbp_total_topic_count":0,"_bbp_total_reply_count":0,"_bbp_voice_count":0,"_bbp_anonymous_reply_count":0,"_bbp_topic_count_hidden":0,"_bbp_reply_count_hidden":0,"_bbp_forum_subforum_count":0,"om_disable_all_campaigns":false,"footnotes":""},"class_list":["post-4272","page","type-page","status-publish","hentry"],"yoast_head":"<!-- This site is optimized with the Yoast SEO plugin v27.2 - https:\/\/yoast.com\/product\/yoast-seo-wordpress\/ -->\n<title>Nos revendications - Syndicat National Ind\u00e9pendant de la Recherche Scientifique et de l&#039;Enseignement Sup\u00e9rieur<\/title>\n<meta name=\"robots\" content=\"index, follow, max-snippet:-1, max-image-preview:large, max-video-preview:-1\" \/>\n<link rel=\"canonical\" href=\"https:\/\/snirs-cfecgc.fr\/?page_id=4272\" class=\"yoast-seo-meta-tag\" \/>\n<meta property=\"og:locale\" content=\"fr_FR\" class=\"yoast-seo-meta-tag\" \/>\n<meta property=\"og:type\" content=\"article\" class=\"yoast-seo-meta-tag\" \/>\n<meta property=\"og:title\" content=\"Nos revendications - Syndicat National Ind\u00e9pendant de la Recherche Scientifique et de l&#039;Enseignement Sup\u00e9rieur\" class=\"yoast-seo-meta-tag\" \/>\n<meta property=\"og:description\" content=\"Un plan pluriannuel de revalorisation des traitements et des primes, une r\u00e9elle n\u00e9gociation sur les grilles indiciaires, la prise en compte de l\u2019ensemble des r\u00e9gimes indemnitaires dans le calcul de la retraite L\u2019accroissement du financement p\u00e9renne de la recherche pour les EPST et pour les EPSCP, accompagn\u00e9 d\u2019une simplification administrative du quotidien de nos \u00e9tablissements [&hellip;]\" class=\"yoast-seo-meta-tag\" \/>\n<meta property=\"og:url\" content=\"https:\/\/snirs-cfecgc.fr\/?page_id=4272\" class=\"yoast-seo-meta-tag\" \/>\n<meta property=\"og:site_name\" content=\"Syndicat National Ind\u00e9pendant de la Recherche Scientifique et de l&#039;Enseignement Sup\u00e9rieur\" class=\"yoast-seo-meta-tag\" \/>\n<meta property=\"og:image\" content=\"https:\/\/snirs-cfecgc.fr\/wp-content\/uploads\/SNIRS_CFECGCFP-3-300x145-1.png\" class=\"yoast-seo-meta-tag\" \/>\n\t<meta property=\"og:image:width\" content=\"300\" class=\"yoast-seo-meta-tag\" \/>\n\t<meta property=\"og:image:height\" content=\"145\" class=\"yoast-seo-meta-tag\" \/>\n\t<meta property=\"og:image:type\" content=\"image\/png\" class=\"yoast-seo-meta-tag\" \/>\n<meta name=\"twitter:card\" content=\"summary_large_image\" class=\"yoast-seo-meta-tag\" \/>\n<meta name=\"twitter:site\" content=\"@SnirsCGC\" class=\"yoast-seo-meta-tag\" \/>\n<meta name=\"twitter:label1\" content=\"Dur\u00e9e de lecture estim\u00e9e\" class=\"yoast-seo-meta-tag\" \/>\n\t<meta name=\"twitter:data1\" content=\"1 minute\" class=\"yoast-seo-meta-tag\" \/>\n<script type=\"application\/ld+json\" class=\"yoast-schema-graph\">{\"@context\":\"https:\/\/schema.org\",\"@graph\":[{\"@type\":\"WebPage\",\"@id\":\"https:\/\/snirs-cfecgc.fr\/?page_id=4272\",\"url\":\"https:\/\/snirs-cfecgc.fr\/?page_id=4272\",\"name\":\"Nos revendications - Syndicat National Ind\u00e9pendant de la Recherche Scientifique et de l&#039;Enseignement Sup\u00e9rieur\",\"isPartOf\":{\"@id\":\"https:\/\/snirs-cfecgc.fr\/#website\"},\"datePublished\":\"2024-09-25T15:49:14+00:00\",\"breadcrumb\":{\"@id\":\"https:\/\/snirs-cfecgc.fr\/?page_id=4272#breadcrumb\"},\"inLanguage\":\"fr-FR\",\"potentialAction\":[{\"@type\":\"ReadAction\",\"target\":[\"https:\/\/snirs-cfecgc.fr\/?page_id=4272\"]}]},{\"@type\":\"BreadcrumbList\",\"@id\":\"https:\/\/snirs-cfecgc.fr\/?page_id=4272#breadcrumb\",\"itemListElement\":[{\"@type\":\"ListItem\",\"position\":1,\"name\":\"Accueil\",\"item\":\"https:\/\/snirs-cfecgc.fr\/\"},{\"@type\":\"ListItem\",\"position\":2,\"name\":\"Nos revendications\"}]},{\"@type\":\"WebSite\",\"@id\":\"https:\/\/snirs-cfecgc.fr\/#website\",\"url\":\"https:\/\/snirs-cfecgc.fr\/\",\"name\":\"Syndicat National Ind\u00e9pendant de la Recherche Scientifique et de l'Enseignement Sup\u00e9rieur\",\"description\":\"Ne pas prendre parti, c&#039;est accepter le parti pris des autres\",\"publisher\":{\"@id\":\"https:\/\/snirs-cfecgc.fr\/#organization\"},\"alternateName\":\"Snirs CFE-CGC\",\"potentialAction\":[{\"@type\":\"SearchAction\",\"target\":{\"@type\":\"EntryPoint\",\"urlTemplate\":\"https:\/\/snirs-cfecgc.fr\/?s={search_term_string}\"},\"query-input\":{\"@type\":\"PropertyValueSpecification\",\"valueRequired\":true,\"valueName\":\"search_term_string\"}}],\"inLanguage\":\"fr-FR\"},{\"@type\":\"Organization\",\"@id\":\"https:\/\/snirs-cfecgc.fr\/#organization\",\"name\":\"SNIRS CFE-CGC\",\"alternateName\":\"SNIRS\",\"url\":\"https:\/\/snirs-cfecgc.fr\/\",\"logo\":{\"@type\":\"ImageObject\",\"inLanguage\":\"fr-FR\",\"@id\":\"https:\/\/snirs-cfecgc.fr\/#\/schema\/logo\/image\/\",\"url\":\"https:\/\/snirs-cfecgc.fr\/wp-content\/uploads\/SNIRS_CFECGCFP-3-300x145-1.png\",\"contentUrl\":\"https:\/\/snirs-cfecgc.fr\/wp-content\/uploads\/SNIRS_CFECGCFP-3-300x145-1.png\",\"width\":300,\"height\":145,\"caption\":\"SNIRS CFE-CGC\"},\"image\":{\"@id\":\"https:\/\/snirs-cfecgc.fr\/#\/schema\/logo\/image\/\"},\"sameAs\":[\"https:\/\/x.com\/SnirsCGC\"]}]}<\/script>\n<!-- \/ Yoast SEO plugin. -->","yoast_head_json":{"title":"Nos revendications - Syndicat National Ind\u00e9pendant de la Recherche Scientifique et de l&#039;Enseignement Sup\u00e9rieur","robots":{"index":"index","follow":"follow","max-snippet":"max-snippet:-1","max-image-preview":"max-image-preview:large","max-video-preview":"max-video-preview:-1"},"canonical":"https:\/\/snirs-cfecgc.fr\/?page_id=4272","og_locale":"fr_FR","og_type":"article","og_title":"Nos revendications - Syndicat National Ind\u00e9pendant de la Recherche Scientifique et de l&#039;Enseignement Sup\u00e9rieur","og_description":"Un plan pluriannuel de revalorisation des traitements et des primes, une r\u00e9elle n\u00e9gociation sur les grilles indiciaires, la prise en compte de l\u2019ensemble des r\u00e9gimes indemnitaires dans le calcul de la retraite L\u2019accroissement du financement p\u00e9renne de la recherche pour les EPST et pour les EPSCP, accompagn\u00e9 d\u2019une simplification administrative du quotidien de nos \u00e9tablissements [&hellip;]","og_url":"https:\/\/snirs-cfecgc.fr\/?page_id=4272","og_site_name":"Syndicat National Ind\u00e9pendant de la Recherche Scientifique et de l&#039;Enseignement Sup\u00e9rieur","og_image":[{"width":300,"height":145,"url":"https:\/\/snirs-cfecgc.fr\/wp-content\/uploads\/SNIRS_CFECGCFP-3-300x145-1.png","type":"image\/png"}],"twitter_card":"summary_large_image","twitter_site":"@SnirsCGC","twitter_misc":{"Dur\u00e9e de lecture estim\u00e9e":"1 minute"},"schema":{"@context":"https:\/\/schema.org","@graph":[{"@type":"WebPage","@id":"https:\/\/snirs-cfecgc.fr\/?page_id=4272","url":"https:\/\/snirs-cfecgc.fr\/?page_id=4272","name":"Nos revendications - Syndicat National Ind\u00e9pendant de la Recherche Scientifique et de l&#039;Enseignement Sup\u00e9rieur","isPartOf":{"@id":"https:\/\/snirs-cfecgc.fr\/#website"},"datePublished":"2024-09-25T15:49:14+00:00","breadcrumb":{"@id":"https:\/\/snirs-cfecgc.fr\/?page_id=4272#breadcrumb"},"inLanguage":"fr-FR","potentialAction":[{"@type":"ReadAction","target":["https:\/\/snirs-cfecgc.fr\/?page_id=4272"]}]},{"@type":"BreadcrumbList","@id":"https:\/\/snirs-cfecgc.fr\/?page_id=4272#breadcrumb","itemListElement":[{"@type":"ListItem","position":1,"name":"Accueil","item":"https:\/\/snirs-cfecgc.fr\/"},{"@type":"ListItem","position":2,"name":"Nos revendications"}]},{"@type":"WebSite","@id":"https:\/\/snirs-cfecgc.fr\/#website","url":"https:\/\/snirs-cfecgc.fr\/","name":"Syndicat National Ind\u00e9pendant de la Recherche Scientifique et de l'Enseignement Sup\u00e9rieur","description":"Ne pas prendre parti, c&#039;est accepter le parti pris des autres","publisher":{"@id":"https:\/\/snirs-cfecgc.fr\/#organization"},"alternateName":"Snirs CFE-CGC","potentialAction":[{"@type":"SearchAction","target":{"@type":"EntryPoint","urlTemplate":"https:\/\/snirs-cfecgc.fr\/?s={search_term_string}"},"query-input":{"@type":"PropertyValueSpecification","valueRequired":true,"valueName":"search_term_string"}}],"inLanguage":"fr-FR"},{"@type":"Organization","@id":"https:\/\/snirs-cfecgc.fr\/#organization","name":"SNIRS CFE-CGC","alternateName":"SNIRS","url":"https:\/\/snirs-cfecgc.fr\/","logo":{"@type":"ImageObject","inLanguage":"fr-FR","@id":"https:\/\/snirs-cfecgc.fr\/#\/schema\/logo\/image\/","url":"https:\/\/snirs-cfecgc.fr\/wp-content\/uploads\/SNIRS_CFECGCFP-3-300x145-1.png","contentUrl":"https:\/\/snirs-cfecgc.fr\/wp-content\/uploads\/SNIRS_CFECGCFP-3-300x145-1.png","width":300,"height":145,"caption":"SNIRS CFE-CGC"},"image":{"@id":"https:\/\/snirs-cfecgc.fr\/#\/schema\/logo\/image\/"},"sameAs":["https:\/\/x.com\/SnirsCGC"]}]}},"_links":{"self":[{"href":"https:\/\/snirs-cfecgc.fr\/index.php?rest_route=\/wp\/v2\/pages\/4272","targetHints":{"allow":["GET"]}}],"collection":[{"href":"https:\/\/snirs-cfecgc.fr\/index.php?rest_route=\/wp\/v2\/pages"}],"about":[{"href":"https:\/\/snirs-cfecgc.fr\/index.php?rest_route=\/wp\/v2\/types\/page"}],"author":[{"embeddable":true,"href":"https:\/\/snirs-cfecgc.fr\/index.php?rest_route=\/wp\/v2\/users\/6"}],"replies":[{"embeddable":true,"href":"https:\/\/snirs-cfecgc.fr\/index.php?rest_route=%2Fwp%2Fv2%2Fcomments&post=4272"}],"version-history":[{"count":1,"href":"https:\/\/snirs-cfecgc.fr\/index.php?rest_route=\/wp\/v2\/pages\/4272\/revisions"}],"predecessor-version":[{"id":4273,"href":"https:\/\/snirs-cfecgc.fr\/index.php?rest_route=\/wp\/v2\/pages\/4272\/revisions\/4273"}],"wp:attachment":[{"href":"https:\/\/snirs-cfecgc.fr\/index.php?rest_route=%2Fwp%2Fv2%2Fmedia&parent=4272"}],"curies":[{"name":"wp","href":"https:\/\/api.w.org\/{rel}","templated":true}]}}