{"id":4238,"date":"2024-09-25T16:41:27","date_gmt":"2024-09-25T14:41:27","guid":{"rendered":"https:\/\/snirs-cfecgc.fr\/?page_id=4238"},"modified":"2024-09-25T16:41:27","modified_gmt":"2024-09-25T14:41:27","slug":"ingenieur-detude","status":"publish","type":"page","link":"https:\/\/snirs-cfecgc.fr\/?page_id=4238","title":{"rendered":"Ing\u00e9nieur d&rsquo;\u00e9tude"},"content":{"rendered":"","protected":false},"excerpt":{"rendered":"","protected":false},"author":6,"featured_media":0,"parent":0,"menu_order":0,"comment_status":"closed","ping_status":"closed","template":"","meta":{"_bbp_topic_count":0,"_bbp_reply_count":0,"_bbp_total_topic_count":0,"_bbp_total_reply_count":0,"_bbp_voice_count":0,"_bbp_anonymous_reply_count":0,"_bbp_topic_count_hidden":0,"_bbp_reply_count_hidden":0,"_bbp_forum_subforum_count":0,"om_disable_all_campaigns":false,"footnotes":""},"class_list":["post-4238","page","type-page","status-publish","hentry"],"yoast_head":"<!-- This site is optimized with the Yoast SEO plugin v27.2 - https:\/\/yoast.com\/product\/yoast-seo-wordpress\/ -->\n<title>Ing\u00e9nieur d&#039;\u00e9tude - Syndicat National Ind\u00e9pendant de la Recherche Scientifique et de l&#039;Enseignement Sup\u00e9rieur<\/title>\n<meta name=\"robots\" content=\"index, follow, max-snippet:-1, max-image-preview:large, max-video-preview:-1\" \/>\n<link rel=\"canonical\" href=\"https:\/\/snirs-cfecgc.fr\/?page_id=4238\" class=\"yoast-seo-meta-tag\" \/>\n<meta property=\"og:locale\" content=\"fr_FR\" class=\"yoast-seo-meta-tag\" \/>\n<meta property=\"og:type\" content=\"article\" class=\"yoast-seo-meta-tag\" \/>\n<meta property=\"og:title\" content=\"Ing\u00e9nieur d&#039;\u00e9tude - Syndicat National Ind\u00e9pendant de la Recherche Scientifique et de l&#039;Enseignement Sup\u00e9rieur\" class=\"yoast-seo-meta-tag\" \/>\n<meta property=\"og:url\" content=\"https:\/\/snirs-cfecgc.fr\/?page_id=4238\" class=\"yoast-seo-meta-tag\" \/>\n<meta property=\"og:site_name\" content=\"Syndicat National Ind\u00e9pendant de la Recherche Scientifique et de l&#039;Enseignement Sup\u00e9rieur\" class=\"yoast-seo-meta-tag\" \/>\n<meta property=\"og:image\" content=\"https:\/\/snirs-cfecgc.fr\/wp-content\/uploads\/SNIRS_CFECGCFP-3-300x145-1.png\" class=\"yoast-seo-meta-tag\" \/>\n\t<meta property=\"og:image:width\" content=\"300\" class=\"yoast-seo-meta-tag\" \/>\n\t<meta property=\"og:image:height\" content=\"145\" class=\"yoast-seo-meta-tag\" \/>\n\t<meta property=\"og:image:type\" content=\"image\/png\" class=\"yoast-seo-meta-tag\" \/>\n<meta name=\"twitter:card\" content=\"summary_large_image\" class=\"yoast-seo-meta-tag\" \/>\n<meta name=\"twitter:site\" content=\"@SnirsCGC\" class=\"yoast-seo-meta-tag\" \/>\n<script type=\"application\/ld+json\" class=\"yoast-schema-graph\">{\"@context\":\"https:\/\/schema.org\",\"@graph\":[{\"@type\":\"WebPage\",\"@id\":\"https:\/\/snirs-cfecgc.fr\/?page_id=4238\",\"url\":\"https:\/\/snirs-cfecgc.fr\/?page_id=4238\",\"name\":\"Ing\u00e9nieur d'\u00e9tude - Syndicat National Ind\u00e9pendant de la Recherche Scientifique et de l&#039;Enseignement Sup\u00e9rieur\",\"isPartOf\":{\"@id\":\"https:\/\/snirs-cfecgc.fr\/#website\"},\"datePublished\":\"2024-09-25T14:41:27+00:00\",\"breadcrumb\":{\"@id\":\"https:\/\/snirs-cfecgc.fr\/?page_id=4238#breadcrumb\"},\"inLanguage\":\"fr-FR\",\"potentialAction\":[{\"@type\":\"ReadAction\",\"target\":[\"https:\/\/snirs-cfecgc.fr\/?page_id=4238\"]}]},{\"@type\":\"BreadcrumbList\",\"@id\":\"https:\/\/snirs-cfecgc.fr\/?page_id=4238#breadcrumb\",\"itemListElement\":[{\"@type\":\"ListItem\",\"position\":1,\"name\":\"Accueil\",\"item\":\"https:\/\/snirs-cfecgc.fr\/\"},{\"@type\":\"ListItem\",\"position\":2,\"name\":\"Ing\u00e9nieur d&#8217;\u00e9tude\"}]},{\"@type\":\"WebSite\",\"@id\":\"https:\/\/snirs-cfecgc.fr\/#website\",\"url\":\"https:\/\/snirs-cfecgc.fr\/\",\"name\":\"Syndicat National Ind\u00e9pendant de la Recherche Scientifique et de l'Enseignement Sup\u00e9rieur\",\"description\":\"Ne pas prendre parti, c&#039;est accepter le parti pris des autres\",\"publisher\":{\"@id\":\"https:\/\/snirs-cfecgc.fr\/#organization\"},\"alternateName\":\"Snirs CFE-CGC\",\"potentialAction\":[{\"@type\":\"SearchAction\",\"target\":{\"@type\":\"EntryPoint\",\"urlTemplate\":\"https:\/\/snirs-cfecgc.fr\/?s={search_term_string}\"},\"query-input\":{\"@type\":\"PropertyValueSpecification\",\"valueRequired\":true,\"valueName\":\"search_term_string\"}}],\"inLanguage\":\"fr-FR\"},{\"@type\":\"Organization\",\"@id\":\"https:\/\/snirs-cfecgc.fr\/#organization\",\"name\":\"SNIRS CFE-CGC\",\"alternateName\":\"SNIRS\",\"url\":\"https:\/\/snirs-cfecgc.fr\/\",\"logo\":{\"@type\":\"ImageObject\",\"inLanguage\":\"fr-FR\",\"@id\":\"https:\/\/snirs-cfecgc.fr\/#\/schema\/logo\/image\/\",\"url\":\"https:\/\/snirs-cfecgc.fr\/wp-content\/uploads\/SNIRS_CFECGCFP-3-300x145-1.png\",\"contentUrl\":\"https:\/\/snirs-cfecgc.fr\/wp-content\/uploads\/SNIRS_CFECGCFP-3-300x145-1.png\",\"width\":300,\"height\":145,\"caption\":\"SNIRS CFE-CGC\"},\"image\":{\"@id\":\"https:\/\/snirs-cfecgc.fr\/#\/schema\/logo\/image\/\"},\"sameAs\":[\"https:\/\/x.com\/SnirsCGC\"]}]}<\/script>\n<!-- \/ Yoast SEO plugin. -->","yoast_head_json":{"title":"Ing\u00e9nieur d'\u00e9tude - Syndicat National Ind\u00e9pendant de la Recherche Scientifique et de l&#039;Enseignement Sup\u00e9rieur","robots":{"index":"index","follow":"follow","max-snippet":"max-snippet:-1","max-image-preview":"max-image-preview:large","max-video-preview":"max-video-preview:-1"},"canonical":"https:\/\/snirs-cfecgc.fr\/?page_id=4238","og_locale":"fr_FR","og_type":"article","og_title":"Ing\u00e9nieur d'\u00e9tude - Syndicat National Ind\u00e9pendant de la Recherche Scientifique et de l&#039;Enseignement Sup\u00e9rieur","og_url":"https:\/\/snirs-cfecgc.fr\/?page_id=4238","og_site_name":"Syndicat National Ind\u00e9pendant de la Recherche Scientifique et de l&#039;Enseignement Sup\u00e9rieur","og_image":[{"width":300,"height":145,"url":"https:\/\/snirs-cfecgc.fr\/wp-content\/uploads\/SNIRS_CFECGCFP-3-300x145-1.png","type":"image\/png"}],"twitter_card":"summary_large_image","twitter_site":"@SnirsCGC","schema":{"@context":"https:\/\/schema.org","@graph":[{"@type":"WebPage","@id":"https:\/\/snirs-cfecgc.fr\/?page_id=4238","url":"https:\/\/snirs-cfecgc.fr\/?page_id=4238","name":"Ing\u00e9nieur d'\u00e9tude - Syndicat National Ind\u00e9pendant de la Recherche Scientifique et de l&#039;Enseignement Sup\u00e9rieur","isPartOf":{"@id":"https:\/\/snirs-cfecgc.fr\/#website"},"datePublished":"2024-09-25T14:41:27+00:00","breadcrumb":{"@id":"https:\/\/snirs-cfecgc.fr\/?page_id=4238#breadcrumb"},"inLanguage":"fr-FR","potentialAction":[{"@type":"ReadAction","target":["https:\/\/snirs-cfecgc.fr\/?page_id=4238"]}]},{"@type":"BreadcrumbList","@id":"https:\/\/snirs-cfecgc.fr\/?page_id=4238#breadcrumb","itemListElement":[{"@type":"ListItem","position":1,"name":"Accueil","item":"https:\/\/snirs-cfecgc.fr\/"},{"@type":"ListItem","position":2,"name":"Ing\u00e9nieur d&#8217;\u00e9tude"}]},{"@type":"WebSite","@id":"https:\/\/snirs-cfecgc.fr\/#website","url":"https:\/\/snirs-cfecgc.fr\/","name":"Syndicat National Ind\u00e9pendant de la Recherche Scientifique et de l'Enseignement Sup\u00e9rieur","description":"Ne pas prendre parti, c&#039;est accepter le parti pris des autres","publisher":{"@id":"https:\/\/snirs-cfecgc.fr\/#organization"},"alternateName":"Snirs CFE-CGC","potentialAction":[{"@type":"SearchAction","target":{"@type":"EntryPoint","urlTemplate":"https:\/\/snirs-cfecgc.fr\/?s={search_term_string}"},"query-input":{"@type":"PropertyValueSpecification","valueRequired":true,"valueName":"search_term_string"}}],"inLanguage":"fr-FR"},{"@type":"Organization","@id":"https:\/\/snirs-cfecgc.fr\/#organization","name":"SNIRS CFE-CGC","alternateName":"SNIRS","url":"https:\/\/snirs-cfecgc.fr\/","logo":{"@type":"ImageObject","inLanguage":"fr-FR","@id":"https:\/\/snirs-cfecgc.fr\/#\/schema\/logo\/image\/","url":"https:\/\/snirs-cfecgc.fr\/wp-content\/uploads\/SNIRS_CFECGCFP-3-300x145-1.png","contentUrl":"https:\/\/snirs-cfecgc.fr\/wp-content\/uploads\/SNIRS_CFECGCFP-3-300x145-1.png","width":300,"height":145,"caption":"SNIRS CFE-CGC"},"image":{"@id":"https:\/\/snirs-cfecgc.fr\/#\/schema\/logo\/image\/"},"sameAs":["https:\/\/x.com\/SnirsCGC"]}]}},"_links":{"self":[{"href":"https:\/\/snirs-cfecgc.fr\/index.php?rest_route=\/wp\/v2\/pages\/4238","targetHints":{"allow":["GET"]}}],"collection":[{"href":"https:\/\/snirs-cfecgc.fr\/index.php?rest_route=\/wp\/v2\/pages"}],"about":[{"href":"https:\/\/snirs-cfecgc.fr\/index.php?rest_route=\/wp\/v2\/types\/page"}],"author":[{"embeddable":true,"href":"https:\/\/snirs-cfecgc.fr\/index.php?rest_route=\/wp\/v2\/users\/6"}],"replies":[{"embeddable":true,"href":"https:\/\/snirs-cfecgc.fr\/index.php?rest_route=%2Fwp%2Fv2%2Fcomments&post=4238"}],"version-history":[{"count":1,"href":"https:\/\/snirs-cfecgc.fr\/index.php?rest_route=\/wp\/v2\/pages\/4238\/revisions"}],"predecessor-version":[{"id":4239,"href":"https:\/\/snirs-cfecgc.fr\/index.php?rest_route=\/wp\/v2\/pages\/4238\/revisions\/4239"}],"wp:attachment":[{"href":"https:\/\/snirs-cfecgc.fr\/index.php?rest_route=%2Fwp%2Fv2%2Fmedia&parent=4238"}],"curies":[{"name":"wp","href":"https:\/\/api.w.org\/{rel}","templated":true}]}}