{"id":40,"date":"2016-09-01T12:18:23","date_gmt":"2016-09-01T10:18:23","guid":{"rendered":"http:\/\/snirscfecgc.neowordpress.fr\/?page_id=40"},"modified":"2026-03-15T18:43:20","modified_gmt":"2026-03-15T17:43:20","slug":"qui-sommes-nous","status":"publish","type":"page","link":"https:\/\/snirs-cfecgc.fr\/?page_id=40","title":{"rendered":"Qui sommes-nous ?"},"content":{"rendered":"<h3>Pr\u00e9sentation du SNIRS-CGC<\/h3>\n<p>Le SNIRS est un syndicat ind\u00e9pendant :<\/p>\n<ul>\n<li>des partis politiques,<\/li>\n<li>des religions,<\/li>\n<li>des doctrines philosophiques,<\/li>\n<li>de l&rsquo;administration avec laquelle il n\u00e9gocie librement.<\/li>\n<\/ul>\n<p>C&rsquo;est un syndicat compos\u00e9 de coll\u00e8gues de la communaut\u00e9 scientifique, libres de leurs opinions, pr\u00eats \u00e0 vous \u00e9couter, responsables dans la d\u00e9fense des personnels de la recherche.<\/p>\n<h3>Repr\u00e9sentativit\u00e9 du SNIRS<\/h3>\n<p>Le SNIRS-CGC est rattach\u00e9 \u00e0 la CFE-CGC\u00a0: c\u2019est ce qui lui permet de b\u00e9n\u00e9ficier d\u2019une exp\u00e9rience de plus de 70 ans et de l\u2019appui de milliers de d\u00e9l\u00e9gu\u00e9s de toutes les branches professionnelles.<\/p>\n<p>Ainsi le SNIRS assure la repr\u00e9sentation des personnels aupr\u00e8s de nombreuses instances nationales et d&rsquo;\u00e9tablissement.<\/p>\n<p>Il est l&rsquo;un des principaux interlocuteurs reconnus des autorit\u00e9s de tutelle (Direction des organismes et minist\u00e8res) et, \u00e0 ce titre, il participe \u00e0 toutes les grandes n\u00e9gociations \u00e0 caract\u00e8re national.<\/p>\n<h3>Un bref historique du SNIRS<\/h3>\n<p>Ses<a href=\"http:\/\/snirscfecgc.neowordpress.fr\/nous-connaitre\/les-statuts\/\"> statuts<\/a> ont \u00e9t\u00e9 d\u00e9pos\u00e9s \u00e0 la Pr\u00e9fecture de Police de Paris en 1950. Il fut, de sa cr\u00e9ation \u00e0 1956, le seul syndicat de chercheurs au CNRS.<\/p>\n<p>En 1964, le SNIRS, conform\u00e9ment \u00e0 l&rsquo;article 1 de ses statuts, d\u00e9cida de s&rsquo;affilier \u00e0 la Conf\u00e9d\u00e9ration g\u00e9n\u00e9rale des Cadres (CGC), devenue depuis la Conf\u00e9d\u00e9ration fran\u00e7aise de l&rsquo;Encadrement (CFE-CGC).<\/p>\n<p>Le SNIRS est l&rsquo;un des syndicats adh\u00e9rents de la F\u00e9d\u00e9ration des Fonctions publiques CFE\/CGC (Conf\u00e9d\u00e9ration fran\u00e7aise de l&rsquo;encadrement &#8211; Conf\u00e9d\u00e9ration g\u00e9n\u00e9rale des cadres)s et de l&rsquo;Union CGC ERD (\u00c9ducation Recherche D\u00e9veloppement).<\/p>\n<p>Peu apr\u00e8s une autre \u00e9tape importante fut franchie quand le SNIRS s&rsquo;est ouvert \u00e0 l&rsquo;ensemble des personnels de recherche et assimil\u00e9s, puis, en 2018, \u00e0 tous les personnels (enseignants-chercheurs, chercheurs, BIATSS) de l&rsquo;Enseignement sup\u00e9rieur et de la Recherche (universit\u00e9s, grands \u00e9tablissements etc.).<\/p>\n<p>Le SNIRS est ouvert \u00e0 l&rsquo;ensemble des personnels, quel que soit leur grade, titulaires ou contractuels, de la Recherche et de l&rsquo;Enseignement Sup\u00e9rieur.<\/p>\n<h3>Comment fonctionne le SNIRS ?<\/h3>\n<p>Le SNIRS est administr\u00e9 par un Conseil syndical, instance d\u00e9lib\u00e9rative, compos\u00e9 de membres \u00e9lus pour un an par l&rsquo;ensemble des adh\u00e9rents et de membres de droit (les d\u00e9l\u00e9gu\u00e9s r\u00e9gionaux du SNIRS et les d\u00e9l\u00e9gu\u00e9s des Sections locales).<\/p>\n<p>Les membres \u00e9lus sur liste SNIRS aux diff\u00e9rentes instances statutaires des organismes de recherche sont invit\u00e9s \u00e0 chaque r\u00e9union de Conseil.<\/p>\n<p>Ce Conseil<\/p>\n<ul>\n<li>\u00e9tudie tous les probl\u00e8mes qui lui sont soumis tant par les autorit\u00e9s de tutelle que par les adh\u00e9rents ;<\/li>\n<li>s&rsquo;informe et vous informe ;<\/li>\n<li>r\u00e9fl\u00e9chit \u00e0 la politique scientifique et \u00e0 l&rsquo;organisation de la recherche ;<\/li>\n<li>d\u00e9termine les positions du syndicat.<\/li>\n<\/ul>\n<p>La gestion du syndicat est assur\u00e9e par un Bureau qui comprend neuf personnes \u00e9lues en m\u00eame temps que le Conseil par l&rsquo;ensemble des adh\u00e9rents.<\/p>\n<p>Le Bureau traite les affaires courantes :<\/p>\n<ul>\n<li>il r\u00e9dige et diffuse les Nouvelles br\u00e8ves de la recherche scientifique ;<\/li>\n<li>il r\u00e9unit et transmet toute la documentation susceptible de vous int\u00e9resser ;<\/li>\n<li>il assure une permanence t\u00e9l\u00e9phonique ;<\/li>\n<li>il rend compte de son activit\u00e9 au Conseil et \u00e0 l&rsquo;Assembl\u00e9e g\u00e9n\u00e9rale ordinaire annuelle.<\/li>\n<\/ul>\n<p>Le SNIRS a constitu\u00e9 un r\u00e9seau de sections locales implant\u00e9es le plus souvent dans les centres de recherche et universit\u00e9s. Elles sont regroup\u00e9es au plan r\u00e9gional selon un dispositif calqu\u00e9 sur le d\u00e9coupage des d\u00e9l\u00e9gations du CNRS et des administrations d\u00e9l\u00e9gu\u00e9es r\u00e9gionales de l&rsquo;INSERM.<\/p>\n<p><a href=\"https:\/\/www.snirs.fr\/nous-contacter\/\">N&rsquo;h\u00e9sitez pas \u00e0 prendre contact<\/a><\/p>\n<p><iframe title=\"3 minutes avec le SNIRS actualit\u00e9s 9 mars 2026 n\u00b01\" width=\"610\" height=\"343\" src=\"https:\/\/www.youtube.com\/embed\/BBTXiEIqfGg?feature=oembed\" frameborder=\"0\" allow=\"accelerometer; autoplay; clipboard-write; encrypted-media; gyroscope; picture-in-picture; web-share\" referrerpolicy=\"strict-origin-when-cross-origin\" allowfullscreen><\/iframe><\/p>\n","protected":false},"excerpt":{"rendered":"<p>Pr\u00e9sentation du SNIRS-CGC Le SNIRS est un syndicat ind\u00e9pendant : des partis politiques, des religions, des doctrines philosophiques, de l&rsquo;administration avec laquelle il n\u00e9gocie librement. C&rsquo;est un syndicat compos\u00e9 de coll\u00e8gues de la communaut\u00e9 scientifique, libres de leurs opinions, pr\u00eats \u00e0 vous \u00e9couter, responsables dans la d\u00e9fense des personnels de la recherche. Repr\u00e9sentativit\u00e9 du SNIRS [&hellip;]<\/p>\n","protected":false},"author":2,"featured_media":0,"parent":25,"menu_order":0,"comment_status":"closed","ping_status":"closed","template":"","meta":{"_bbp_topic_count":0,"_bbp_reply_count":0,"_bbp_total_topic_count":0,"_bbp_total_reply_count":0,"_bbp_voice_count":0,"_bbp_anonymous_reply_count":0,"_bbp_topic_count_hidden":0,"_bbp_reply_count_hidden":0,"_bbp_forum_subforum_count":0,"om_disable_all_campaigns":false,"footnotes":""},"class_list":["post-40","page","type-page","status-publish","hentry"],"yoast_head":"<!-- This site is optimized with the Yoast SEO plugin v27.4 - https:\/\/yoast.com\/product\/yoast-seo-wordpress\/ -->\n<title>Qui sommes-nous ? - Syndicat National Ind\u00e9pendant de la Recherche Scientifique et de l&#039;Enseignement Sup\u00e9rieur<\/title>\n<meta name=\"robots\" content=\"index, follow, max-snippet:-1, max-image-preview:large, max-video-preview:-1\" \/>\n<link rel=\"canonical\" href=\"https:\/\/snirs-cfecgc.fr\/?page_id=40\" class=\"yoast-seo-meta-tag\" \/>\n<meta property=\"og:locale\" content=\"fr_FR\" class=\"yoast-seo-meta-tag\" \/>\n<meta property=\"og:type\" content=\"article\" class=\"yoast-seo-meta-tag\" \/>\n<meta property=\"og:title\" content=\"Qui sommes-nous ? - Syndicat National Ind\u00e9pendant de la Recherche Scientifique et de l&#039;Enseignement Sup\u00e9rieur\" class=\"yoast-seo-meta-tag\" \/>\n<meta property=\"og:description\" content=\"Pr\u00e9sentation du SNIRS-CGC Le SNIRS est un syndicat ind\u00e9pendant : des partis politiques, des religions, des doctrines philosophiques, de l&rsquo;administration avec laquelle il n\u00e9gocie librement. C&rsquo;est un syndicat compos\u00e9 de coll\u00e8gues de la communaut\u00e9 scientifique, libres de leurs opinions, pr\u00eats \u00e0 vous \u00e9couter, responsables dans la d\u00e9fense des personnels de la recherche. Repr\u00e9sentativit\u00e9 du SNIRS [&hellip;]\" class=\"yoast-seo-meta-tag\" \/>\n<meta property=\"og:url\" content=\"https:\/\/snirs-cfecgc.fr\/?page_id=40\" class=\"yoast-seo-meta-tag\" \/>\n<meta property=\"og:site_name\" content=\"Syndicat National Ind\u00e9pendant de la Recherche Scientifique et de l&#039;Enseignement Sup\u00e9rieur\" class=\"yoast-seo-meta-tag\" \/>\n<meta property=\"article:modified_time\" content=\"2026-03-15T17:43:20+00:00\" class=\"yoast-seo-meta-tag\" \/>\n<meta property=\"og:image\" content=\"https:\/\/snirs-cfecgc.fr\/wp-content\/uploads\/SNIRS_CFECGCFP-3-300x145-1.png\" class=\"yoast-seo-meta-tag\" \/>\n\t<meta property=\"og:image:width\" content=\"300\" class=\"yoast-seo-meta-tag\" \/>\n\t<meta property=\"og:image:height\" content=\"145\" class=\"yoast-seo-meta-tag\" \/>\n\t<meta property=\"og:image:type\" content=\"image\/png\" class=\"yoast-seo-meta-tag\" \/>\n<meta name=\"twitter:card\" content=\"summary_large_image\" class=\"yoast-seo-meta-tag\" \/>\n<meta name=\"twitter:site\" content=\"@SnirsCGC\" class=\"yoast-seo-meta-tag\" \/>\n<meta name=\"twitter:label1\" content=\"Dur\u00e9e de lecture estim\u00e9e\" class=\"yoast-seo-meta-tag\" \/>\n\t<meta name=\"twitter:data1\" content=\"3 minutes\" class=\"yoast-seo-meta-tag\" \/>\n<script type=\"application\/ld+json\" class=\"yoast-schema-graph\">{\"@context\":\"https:\\\/\\\/schema.org\",\"@graph\":[{\"@type\":\"WebPage\",\"@id\":\"https:\\\/\\\/snirs-cfecgc.fr\\\/?page_id=40\",\"url\":\"https:\\\/\\\/snirs-cfecgc.fr\\\/?page_id=40\",\"name\":\"Qui sommes-nous ? - Syndicat National Ind\u00e9pendant de la Recherche Scientifique et de l&#039;Enseignement Sup\u00e9rieur\",\"isPartOf\":{\"@id\":\"https:\\\/\\\/snirs-cfecgc.fr\\\/#website\"},\"datePublished\":\"2016-09-01T10:18:23+00:00\",\"dateModified\":\"2026-03-15T17:43:20+00:00\",\"breadcrumb\":{\"@id\":\"https:\\\/\\\/snirs-cfecgc.fr\\\/?page_id=40#breadcrumb\"},\"inLanguage\":\"fr-FR\",\"potentialAction\":[{\"@type\":\"ReadAction\",\"target\":[\"https:\\\/\\\/snirs-cfecgc.fr\\\/?page_id=40\"]}]},{\"@type\":\"BreadcrumbList\",\"@id\":\"https:\\\/\\\/snirs-cfecgc.fr\\\/?page_id=40#breadcrumb\",\"itemListElement\":[{\"@type\":\"ListItem\",\"position\":1,\"name\":\"Accueil\",\"item\":\"https:\\\/\\\/snirs-cfecgc.fr\\\/\"},{\"@type\":\"ListItem\",\"position\":2,\"name\":\"Nous conna\u00eetre\",\"item\":\"https:\\\/\\\/snirs-cfecgc.fr\\\/?page_id=25\"},{\"@type\":\"ListItem\",\"position\":3,\"name\":\"Qui sommes-nous ?\"}]},{\"@type\":\"WebSite\",\"@id\":\"https:\\\/\\\/snirs-cfecgc.fr\\\/#website\",\"url\":\"https:\\\/\\\/snirs-cfecgc.fr\\\/\",\"name\":\"Syndicat National Ind\u00e9pendant de la Recherche Scientifique et de l'Enseignement Sup\u00e9rieur\",\"description\":\"Ne pas prendre parti, c&#039;est accepter le parti pris des autres\",\"publisher\":{\"@id\":\"https:\\\/\\\/snirs-cfecgc.fr\\\/#organization\"},\"alternateName\":\"Snirs CFE-CGC\",\"potentialAction\":[{\"@type\":\"SearchAction\",\"target\":{\"@type\":\"EntryPoint\",\"urlTemplate\":\"https:\\\/\\\/snirs-cfecgc.fr\\\/?s={search_term_string}\"},\"query-input\":{\"@type\":\"PropertyValueSpecification\",\"valueRequired\":true,\"valueName\":\"search_term_string\"}}],\"inLanguage\":\"fr-FR\"},{\"@type\":\"Organization\",\"@id\":\"https:\\\/\\\/snirs-cfecgc.fr\\\/#organization\",\"name\":\"SNIRS CFE-CGC\",\"alternateName\":\"SNIRS\",\"url\":\"https:\\\/\\\/snirs-cfecgc.fr\\\/\",\"logo\":{\"@type\":\"ImageObject\",\"inLanguage\":\"fr-FR\",\"@id\":\"https:\\\/\\\/snirs-cfecgc.fr\\\/#\\\/schema\\\/logo\\\/image\\\/\",\"url\":\"https:\\\/\\\/snirs-cfecgc.fr\\\/wp-content\\\/uploads\\\/SNIRS_CFECGCFP-3-300x145-1.png\",\"contentUrl\":\"https:\\\/\\\/snirs-cfecgc.fr\\\/wp-content\\\/uploads\\\/SNIRS_CFECGCFP-3-300x145-1.png\",\"width\":300,\"height\":145,\"caption\":\"SNIRS CFE-CGC\"},\"image\":{\"@id\":\"https:\\\/\\\/snirs-cfecgc.fr\\\/#\\\/schema\\\/logo\\\/image\\\/\"},\"sameAs\":[\"https:\\\/\\\/x.com\\\/SnirsCGC\"]}]}<\/script>\n<!-- \/ Yoast SEO plugin. -->","yoast_head_json":{"title":"Qui sommes-nous ? - Syndicat National Ind\u00e9pendant de la Recherche Scientifique et de l&#039;Enseignement Sup\u00e9rieur","robots":{"index":"index","follow":"follow","max-snippet":"max-snippet:-1","max-image-preview":"max-image-preview:large","max-video-preview":"max-video-preview:-1"},"canonical":"https:\/\/snirs-cfecgc.fr\/?page_id=40","og_locale":"fr_FR","og_type":"article","og_title":"Qui sommes-nous ? - Syndicat National Ind\u00e9pendant de la Recherche Scientifique et de l&#039;Enseignement Sup\u00e9rieur","og_description":"Pr\u00e9sentation du SNIRS-CGC Le SNIRS est un syndicat ind\u00e9pendant : des partis politiques, des religions, des doctrines philosophiques, de l&rsquo;administration avec laquelle il n\u00e9gocie librement. C&rsquo;est un syndicat compos\u00e9 de coll\u00e8gues de la communaut\u00e9 scientifique, libres de leurs opinions, pr\u00eats \u00e0 vous \u00e9couter, responsables dans la d\u00e9fense des personnels de la recherche. Repr\u00e9sentativit\u00e9 du SNIRS [&hellip;]","og_url":"https:\/\/snirs-cfecgc.fr\/?page_id=40","og_site_name":"Syndicat National Ind\u00e9pendant de la Recherche Scientifique et de l&#039;Enseignement Sup\u00e9rieur","article_modified_time":"2026-03-15T17:43:20+00:00","og_image":[{"width":300,"height":145,"url":"https:\/\/snirs-cfecgc.fr\/wp-content\/uploads\/SNIRS_CFECGCFP-3-300x145-1.png","type":"image\/png"}],"twitter_card":"summary_large_image","twitter_site":"@SnirsCGC","twitter_misc":{"Dur\u00e9e de lecture estim\u00e9e":"3 minutes"},"schema":{"@context":"https:\/\/schema.org","@graph":[{"@type":"WebPage","@id":"https:\/\/snirs-cfecgc.fr\/?page_id=40","url":"https:\/\/snirs-cfecgc.fr\/?page_id=40","name":"Qui sommes-nous ? - Syndicat National Ind\u00e9pendant de la Recherche Scientifique et de l&#039;Enseignement Sup\u00e9rieur","isPartOf":{"@id":"https:\/\/snirs-cfecgc.fr\/#website"},"datePublished":"2016-09-01T10:18:23+00:00","dateModified":"2026-03-15T17:43:20+00:00","breadcrumb":{"@id":"https:\/\/snirs-cfecgc.fr\/?page_id=40#breadcrumb"},"inLanguage":"fr-FR","potentialAction":[{"@type":"ReadAction","target":["https:\/\/snirs-cfecgc.fr\/?page_id=40"]}]},{"@type":"BreadcrumbList","@id":"https:\/\/snirs-cfecgc.fr\/?page_id=40#breadcrumb","itemListElement":[{"@type":"ListItem","position":1,"name":"Accueil","item":"https:\/\/snirs-cfecgc.fr\/"},{"@type":"ListItem","position":2,"name":"Nous conna\u00eetre","item":"https:\/\/snirs-cfecgc.fr\/?page_id=25"},{"@type":"ListItem","position":3,"name":"Qui sommes-nous ?"}]},{"@type":"WebSite","@id":"https:\/\/snirs-cfecgc.fr\/#website","url":"https:\/\/snirs-cfecgc.fr\/","name":"Syndicat National Ind\u00e9pendant de la Recherche Scientifique et de l'Enseignement Sup\u00e9rieur","description":"Ne pas prendre parti, c&#039;est accepter le parti pris des autres","publisher":{"@id":"https:\/\/snirs-cfecgc.fr\/#organization"},"alternateName":"Snirs CFE-CGC","potentialAction":[{"@type":"SearchAction","target":{"@type":"EntryPoint","urlTemplate":"https:\/\/snirs-cfecgc.fr\/?s={search_term_string}"},"query-input":{"@type":"PropertyValueSpecification","valueRequired":true,"valueName":"search_term_string"}}],"inLanguage":"fr-FR"},{"@type":"Organization","@id":"https:\/\/snirs-cfecgc.fr\/#organization","name":"SNIRS CFE-CGC","alternateName":"SNIRS","url":"https:\/\/snirs-cfecgc.fr\/","logo":{"@type":"ImageObject","inLanguage":"fr-FR","@id":"https:\/\/snirs-cfecgc.fr\/#\/schema\/logo\/image\/","url":"https:\/\/snirs-cfecgc.fr\/wp-content\/uploads\/SNIRS_CFECGCFP-3-300x145-1.png","contentUrl":"https:\/\/snirs-cfecgc.fr\/wp-content\/uploads\/SNIRS_CFECGCFP-3-300x145-1.png","width":300,"height":145,"caption":"SNIRS CFE-CGC"},"image":{"@id":"https:\/\/snirs-cfecgc.fr\/#\/schema\/logo\/image\/"},"sameAs":["https:\/\/x.com\/SnirsCGC"]}]}},"_links":{"self":[{"href":"https:\/\/snirs-cfecgc.fr\/index.php?rest_route=\/wp\/v2\/pages\/40","targetHints":{"allow":["GET"]}}],"collection":[{"href":"https:\/\/snirs-cfecgc.fr\/index.php?rest_route=\/wp\/v2\/pages"}],"about":[{"href":"https:\/\/snirs-cfecgc.fr\/index.php?rest_route=\/wp\/v2\/types\/page"}],"author":[{"embeddable":true,"href":"https:\/\/snirs-cfecgc.fr\/index.php?rest_route=\/wp\/v2\/users\/2"}],"replies":[{"embeddable":true,"href":"https:\/\/snirs-cfecgc.fr\/index.php?rest_route=%2Fwp%2Fv2%2Fcomments&post=40"}],"version-history":[{"count":2,"href":"https:\/\/snirs-cfecgc.fr\/index.php?rest_route=\/wp\/v2\/pages\/40\/revisions"}],"predecessor-version":[{"id":4691,"href":"https:\/\/snirs-cfecgc.fr\/index.php?rest_route=\/wp\/v2\/pages\/40\/revisions\/4691"}],"up":[{"embeddable":true,"href":"https:\/\/snirs-cfecgc.fr\/index.php?rest_route=\/wp\/v2\/pages\/25"}],"wp:attachment":[{"href":"https:\/\/snirs-cfecgc.fr\/index.php?rest_route=%2Fwp%2Fv2%2Fmedia&parent=40"}],"curies":[{"name":"wp","href":"https:\/\/api.w.org\/{rel}","templated":true}]}}