{"id":3802,"date":"2024-01-14T21:53:02","date_gmt":"2024-01-14T20:53:02","guid":{"rendered":"https:\/\/snirs-cfecgc.fr\/?page_id=3802"},"modified":"2024-09-21T18:32:26","modified_gmt":"2024-09-21T16:32:26","slug":"enseignement-recherche-et-formation","status":"publish","type":"page","link":"https:\/\/snirs-cfecgc.fr\/?page_id=3802","title":{"rendered":"Enseignement recherche et formation"},"content":{"rendered":"\t\t<div data-elementor-type=\"wp-page\" data-elementor-id=\"3802\" class=\"elementor elementor-3802\">\n\t\t\t\t<div class=\"elementor-element elementor-element-5f02769 e-flex e-con-boxed e-con e-parent\" data-id=\"5f02769\" data-element_type=\"container\" data-e-type=\"container\">\n\t\t\t\t\t<div class=\"e-con-inner\">\n\t\t\t\t<div class=\"elementor-element elementor-element-fab5807 elementor-widget elementor-widget-heading\" data-id=\"fab5807\" data-element_type=\"widget\" data-e-type=\"widget\" data-widget_type=\"heading.default\">\n\t\t\t\t<div class=\"elementor-widget-container\">\n\t\t\t\t\t<h2 class=\"elementor-heading-title elementor-size-default\">Professeur des Universit\u00e9s<\/h2>\t\t\t\t<\/div>\n\t\t\t\t<\/div>\n\t\t\t\t\t<\/div>\n\t\t\t\t<\/div>\n\t\t<div class=\"elementor-element elementor-element-41e4dfe e-flex e-con-boxed e-con e-parent\" data-id=\"41e4dfe\" data-element_type=\"container\" data-e-type=\"container\">\n\t\t\t\t\t<div class=\"e-con-inner\">\n\t\t\t\t<div class=\"elementor-element elementor-element-601486e elementor-widget elementor-widget-text-editor\" data-id=\"601486e\" data-element_type=\"widget\" data-e-type=\"widget\" data-widget_type=\"text-editor.default\">\n\t\t\t\t<div class=\"elementor-widget-container\">\n\t\t\t\t\t\t\t\t\t<p>Au sein des universit\u00e9s, les Professeurs exercent des fonctions d&rsquo;enseignement, de recherche et ont des responsabilit\u00e9s administratives. En ce qui concerne l&rsquo;enseignement, ils assurent par priorit\u00e9 des cours magistraux et des s\u00e9minaires de master ainsi que ceux de l&rsquo;\u00e9cole doctorale. En mati\u00e8re de recherche, ils dirigent des m\u00e9moires de master, des th\u00e8ses et sont garants des habilitations \u00e0 diriger des recherches. Ils si\u00e8gent et dirigent habituellement les centres de recherche, que ce soit des unit\u00e9s de recherche ou des unit\u00e9s mixtes de recherche. Ils exercent \u00e9galement des responsabilit\u00e9s au sein des d\u00e9partements, des unit\u00e9s de formation et de recherche et des conseils centraux. Le SNIRS (syndicat national ind\u00e9pendant de la recherche scientifique et de l&rsquo;enseignement sup\u00e9rieur) est attach\u00e9 \u00e0 ce que les professeurs d&rsquo;universit\u00e9 exercent prioritairement les pr\u00e9sidences, et vice-pr\u00e9sidences du conseil d\u2019administration, de la Commission de la formation et de la vie universitaire ainsi que de la commission recherche.<\/p>\n<p>Pour devenir professeur d&rsquo;universit\u00e9, il faut disposer d&rsquo;une habilitation \u00e0 diriger des recherches, et \u00eatre \u00e9lu par un comit\u00e9 de sp\u00e9cialistes. Le SNIRS regrette la disparition de la qualification par le CNU. Dans les disciplines juridiques, \u00e9conomiques, le recrutement se fait \u00e9galement par la voie du concours d\u2019agr\u00e9gation, concours auquel le SNIRS est attach\u00e9. Le SNIRS souhaite que les comit\u00e9s de recrutement soient \u00e9lus, au moins pour leurs membres permanents, pour des p\u00e9riodes de quatre ans, \u00e0 l\u2019image du conseil national des universit\u00e9s et non \u00e0 chaque recrutement. S&rsquo;il consid\u00e8re le repyramidage n\u00e9cessaire, compte tenu du faible nombre de postes cr\u00e9\u00e9s par la politique budg\u00e9taire des divers gouvernements depuis le d\u00e9but des ann\u00e9es 2000, il est oppos\u00e9 aux modalit\u00e9s actuelles qui laissent le champ libre au pr\u00e9sident de l&rsquo;universit\u00e9 et demande le retour \u00e0 un vote par un coll\u00e8ge de pairs. Le SNIRS est attach\u00e9 \u00e0 la qualification des enseignants-chercheurs par le CNU et s\u2019oppose par ailleurs aux chaires de professeur junior qui d\u00e9voient le processus de recrutement.<\/p>\n<p>Comme pour d\u2019autres fonctions universitaires, le texte de base concernant les Professeurs est le d\u00e9cret n\u00b084-431 du 6 juin 1984 (https:\/\/www.legifrance.gouv.fr\/loda\/id\/JORFTEXT000000520453). <br>Les professeurs d&rsquo;universit\u00e9 sont nomm\u00e9s par d\u00e9cret pris en conseil des ministres. Il existe des professeurs de deuxi\u00e8me classe (avec 6 \u00e9chelons), de premi\u00e8re classe (3 \u00e9chelons) et de classe exceptionnelle (2 chevrons). Les promotions sont faites par le CNU puis le cas \u00e9ch\u00e9ant au niveau local par les \u00e9tablissements. Le traitement brut mensuel des PR en 2024 est le suivant&nbsp;:<\/p>\n<p><span style=\"font-size: 10pt;\"><em>PR 2e classe de 3308,11 \u00e0 5272,30\u20ac<\/em><\/span><br><span style=\"font-size: 10pt;\"><em>PR 1e classe de 4110,52 \u00e0 5799,04 \u20ac<\/em><\/span><br><span style=\"font-size: 10pt;\"><em>PR classe exceptionnelle de 5799,04 \u00e0 6566,99 \u20ac<\/em><\/span><br>(source&nbsp;: <a href=\"https:\/\/www.emploitheque.org\/grille-indiciaire-etat-Professeurs-des-universites-33\">https:\/\/www.emploitheque.org\/grille-indiciaire-etat-Professeurs-des-universites-33<\/a> )<\/p>\t\t\t\t\t\t\t\t<\/div>\n\t\t\t\t<\/div>\n\t\t\t\t\t<\/div>\n\t\t\t\t<\/div>\n\t\t<div class=\"elementor-element elementor-element-e44da19 e-flex e-con-boxed e-con e-parent\" data-id=\"e44da19\" data-element_type=\"container\" data-e-type=\"container\">\n\t\t\t\t\t<div class=\"e-con-inner\">\n\t\t\t\t<div class=\"elementor-element elementor-element-61c4c24 elementor-widget elementor-widget-heading\" data-id=\"61c4c24\" data-element_type=\"widget\" data-e-type=\"widget\" data-widget_type=\"heading.default\">\n\t\t\t\t<div class=\"elementor-widget-container\">\n\t\t\t\t\t<h2 class=\"elementor-heading-title elementor-size-default\"><div><div><div><div><div><article><div><div data-elementor-type=\"wp-page\" data-elementor-id=\"3802\" data-elementor-title=\"Page\"><div><div data-id=\"5f02769\" data-element_type=\"container\" data-model-cid=\"c32\" data-nesting-level=\"0\"><div><div data-id=\"fab5807\" data-element_type=\"widget\" data-model-cid=\"c33\" data-widget_type=\"heading.default\"><div><h2 data-elementor-setting-key=\"title\" data-pen-placeholder=\"\u00c9crivez ici...\"><\/h2><h2 data-elementor-setting-key=\"title\" data-pen-placeholder=\"\u00c9crivez ici...\">MAITRE DE CONFERENCES<\/h2><\/div><\/div><\/div><\/div><\/div><\/div><\/div><\/article><\/div><\/div><\/div><\/div><\/div><\/h2>\t\t\t\t<\/div>\n\t\t\t\t<\/div>\n\t\t\t\t\t<\/div>\n\t\t\t\t<\/div>\n\t\t<div class=\"elementor-element elementor-element-3280106 e-grid e-con-boxed e-con e-parent\" data-id=\"3280106\" data-element_type=\"container\" data-e-type=\"container\">\n\t\t\t\t\t<div class=\"e-con-inner\">\n\t\t\t\t<div class=\"elementor-element elementor-element-31ff2e2 elementor-widget elementor-widget-text-editor\" data-id=\"31ff2e2\" data-element_type=\"widget\" data-e-type=\"widget\" data-widget_type=\"text-editor.default\">\n\t\t\t\t<div class=\"elementor-widget-container\">\n\t\t\t\t\t\t\t\t\t<p>Au sein des universit\u00e9s et des grands \u00e9tablissements, les ma\u00eetres de conf\u00e9rences (MCF)<br \/>exercent des fonctions d&rsquo;enseignement, de recherche et ont des responsabilit\u00e9s<br \/>administratives. En ce qui concerne l&rsquo;enseignement, ils assurent des cours magistraux, des<br \/>travaux dirig\u00e9s, et, selon les \u00e9tablissements, des s\u00e9minaires de master. En mati\u00e8re de<br \/>recherche, ils dirigent des m\u00e9moires de master, et peuvent co-diriger des th\u00e8ses. Ils si\u00e8gent<br \/>dans les conseils scientifiques des centres de recherche, que ce soit des unit\u00e9s de recherche<br \/>ou des unit\u00e9s mixtes de recherche. Ils exercent \u00e9galement des responsabilit\u00e9s au sein des<br \/>d\u00e9partements, des unit\u00e9s de formation et de recherche et des conseils centraux.<br \/>Pour devenir ma\u00eetre de conf\u00e9rences, il faut \u00eatre titulaire d\u2019un doctorat ou de l&rsquo;habilitation \u00e0<br \/>diriger des recherches, ou bien \u00eatre enseignant associ\u00e9 \u00e0 temps plein, ou justifier d&rsquo;au moins<br \/>trois ans d&rsquo;activit\u00e9 professionnelle effective dans les six ans qui pr\u00e9c\u00e8dent, ou \u00eatre d\u00e9tach\u00e9<br \/>dans le corps des ma\u00eetres de conf\u00e9rences ( conservateurs des biblioth\u00e8ques, des mus\u00e9es et du<br \/>patrimoine, anciens \u00e9l\u00e8ves des \u00e9coles normales sup\u00e9rieures, magistrats de l&rsquo;ordre judiciaire,<br \/>membres des corps d&rsquo;ing\u00e9nieurs de recherche, etc) ou appartenir \u00e0 un corps de chercheurs<br \/>relevant du d\u00e9cret du 30 d\u00e9cembre 1983. Si un concours de type CAPES ou agr\u00e9gation n\u2019est<br \/>pas exig\u00e9 explicitement, dans les faits, en \u00eatre titulaire est presque un \u00ab requis \u00bb dans un<br \/>certain nombre de disciplines.<br \/>Le candidat doit \u00eatre qualifi\u00e9 par la section du Conseil national des universit\u00e9s (CNU) dont il<br \/>d\u00e9pend. Les candidats exer\u00e7ant ou ayant cess\u00e9 d&rsquo;exercer depuis moins de 18 mois une<br \/>fonction d&rsquo;enseignant-chercheur, d&rsquo;un niveau \u00e9quivalent \u00e0 celui de l&#8217;emploi \u00e0 pourvoir, dans<br \/>un \u00e9tablissement d&rsquo;enseignement sup\u00e9rieur d&rsquo;un Etat \u00e9tranger, sont dispens\u00e9s de l&rsquo;inscription<br \/>sur la liste de qualification aux fonctions de MCF.<br \/>Enfin, il faut \u00eatre \u00e9lu par un comit\u00e9 de s\u00e9lection.<br \/>Le SNIRS souhaite que les comit\u00e9s de recrutement soient \u00e9lus, au moins pour leurs membres<br \/>permanents, pour des p\u00e9riodes de quatre ans, \u00e0 l\u2019image du conseil national des universit\u00e9s et<br \/>non d\u00e9sign\u00e9s \u00e0 chaque recrutement.<br \/>Les MCF sont nomm\u00e9s en qualit\u00e9 de stagiaire pour une dur\u00e9e d&rsquo;un an par arr\u00eat\u00e9 du MESR, et,<br \/>durant cette ann\u00e9e, ils sont d\u00e9charg\u00e9s d&rsquo;un sixi\u00e8me du service d&rsquo;enseignement. A l&rsquo;issue du<br \/>stage, les MCF stagiaires sont soit titularis\u00e9s, soit maintenus stagiaires pour une p\u00e9riode d&rsquo;un<br \/>an, soit r\u00e9int\u00e9gr\u00e9s dans leur corps d&rsquo;origine, soit licenci\u00e9s.<br \/>Les MCF peuvent devenir HDR (Habilit\u00e9s \u00e0 diriger des recherches), en vue de devenir<br \/>Professeurs des universit\u00e9s. Le SNIRS est oppos\u00e9 aux dispositions de l\u2019alin\u00e9a 2 du 5\u00b0 de l\u2019article<br \/>46 du d\u00e9cret du 6 juin 1984 qui permet \u00e0 un MCF ayant exerc\u00e9 des responsabilit\u00e9s importantes<br \/>dans son \u00e9tablissement d\u2019\u00eatre dispens\u00e9 d\u2019une HDR. Une bonne gestion n\u2019est pas une garantie<br \/>\u00e9quivalente \u00e0 une HDR.<\/p><div>Il existe une classe normale comportant neuf \u00e9chelons et, une hors-classe comportant six<br \/>\u00e9chelons et un \u00e9chelon exceptionnel.<br \/>Les promotions sont faites par le CNU puis le cas \u00e9ch\u00e9ant au niveau local par les<br \/>\u00e9tablissements. Le traitement brut mensuel des MCF en 2024 est le suivant :<br \/>MCF de classe normale de 2358,01 \u00e0 4110,52 \u20ac<br \/>MCF hors classe (1er au 6e \u00e9chelon) de 3362,26 \u00e0 4809,56 \u20ac<br \/>MCF 7e \u00e9chelon HEB de 4809,56 \u00e0 5272,30 \u20ac<br \/>Comme pour d\u2019autres fonctions universitaires, le texte de base concernant les ma\u00eetres de conf\u00e9rences est le d\u00e9cret n\u00b084-431<br \/>du 6 juin 1984<br \/>(https:\/\/www.legifrance.gouv.fr\/loda\/id\/JORFTEXT000000520453 ).<br \/>(source : https:\/\/www.emploitheque.org\/grille-indiciaire-etat-Maitres-de-conferences-32)<br \/>Le genre neutre appliqu\u00e9 aux titres et aux fonctions d\u00e9signe les femmes autant que les hom<\/div>\t\t\t\t\t\t\t\t<\/div>\n\t\t\t\t<\/div>\n\t\t\t\t\t<\/div>\n\t\t\t\t<\/div>\n\t\t\t\t<\/div>\n\t\t","protected":false},"excerpt":{"rendered":"<p>Professeur des Universit\u00e9s Au sein des universit\u00e9s, les Professeurs exercent des fonctions d&rsquo;enseignement, de recherche et ont des responsabilit\u00e9s administratives. En ce qui concerne l&rsquo;enseignement, ils assurent par priorit\u00e9 des cours magistraux et des s\u00e9minaires de master ainsi que ceux de l&rsquo;\u00e9cole doctorale. En mati\u00e8re de recherche, ils dirigent des m\u00e9moires de master, des th\u00e8ses [&hellip;]<\/p>\n","protected":false},"author":1,"featured_media":0,"parent":0,"menu_order":0,"comment_status":"closed","ping_status":"closed","template":"","meta":{"_bbp_topic_count":0,"_bbp_reply_count":0,"_bbp_total_topic_count":0,"_bbp_total_reply_count":0,"_bbp_voice_count":0,"_bbp_anonymous_reply_count":0,"_bbp_topic_count_hidden":0,"_bbp_reply_count_hidden":0,"_bbp_forum_subforum_count":0,"om_disable_all_campaigns":false,"footnotes":""},"class_list":["post-3802","page","type-page","status-publish","hentry"],"yoast_head":"<!-- This site is optimized with the Yoast SEO plugin v27.2 - https:\/\/yoast.com\/product\/yoast-seo-wordpress\/ -->\n<title>Enseignement recherche et formation - Syndicat National Ind\u00e9pendant de la Recherche Scientifique et de l&#039;Enseignement Sup\u00e9rieur<\/title>\n<meta name=\"robots\" content=\"index, follow, max-snippet:-1, max-image-preview:large, max-video-preview:-1\" \/>\n<link rel=\"canonical\" href=\"https:\/\/snirs-cfecgc.fr\/?page_id=3802\" class=\"yoast-seo-meta-tag\" \/>\n<meta property=\"og:locale\" content=\"fr_FR\" class=\"yoast-seo-meta-tag\" \/>\n<meta property=\"og:type\" content=\"article\" class=\"yoast-seo-meta-tag\" \/>\n<meta property=\"og:title\" content=\"Enseignement recherche et formation - Syndicat National Ind\u00e9pendant de la Recherche Scientifique et de l&#039;Enseignement Sup\u00e9rieur\" class=\"yoast-seo-meta-tag\" \/>\n<meta property=\"og:description\" content=\"Professeur des Universit\u00e9s Au sein des universit\u00e9s, les Professeurs exercent des fonctions d&rsquo;enseignement, de recherche et ont des responsabilit\u00e9s administratives. En ce qui concerne l&rsquo;enseignement, ils assurent par priorit\u00e9 des cours magistraux et des s\u00e9minaires de master ainsi que ceux de l&rsquo;\u00e9cole doctorale. En mati\u00e8re de recherche, ils dirigent des m\u00e9moires de master, des th\u00e8ses [&hellip;]\" class=\"yoast-seo-meta-tag\" \/>\n<meta property=\"og:url\" content=\"https:\/\/snirs-cfecgc.fr\/?page_id=3802\" class=\"yoast-seo-meta-tag\" \/>\n<meta property=\"og:site_name\" content=\"Syndicat National Ind\u00e9pendant de la Recherche Scientifique et de l&#039;Enseignement Sup\u00e9rieur\" class=\"yoast-seo-meta-tag\" \/>\n<meta property=\"article:modified_time\" content=\"2024-09-21T16:32:26+00:00\" class=\"yoast-seo-meta-tag\" \/>\n<meta property=\"og:image\" content=\"https:\/\/snirs-cfecgc.fr\/wp-content\/uploads\/SNIRS_CFECGCFP-3-300x145-1.png\" class=\"yoast-seo-meta-tag\" \/>\n\t<meta property=\"og:image:width\" content=\"300\" class=\"yoast-seo-meta-tag\" \/>\n\t<meta property=\"og:image:height\" content=\"145\" class=\"yoast-seo-meta-tag\" \/>\n\t<meta property=\"og:image:type\" content=\"image\/png\" class=\"yoast-seo-meta-tag\" \/>\n<meta name=\"twitter:card\" content=\"summary_large_image\" class=\"yoast-seo-meta-tag\" \/>\n<meta name=\"twitter:site\" content=\"@SnirsCGC\" class=\"yoast-seo-meta-tag\" \/>\n<meta name=\"twitter:label1\" content=\"Dur\u00e9e de lecture estim\u00e9e\" class=\"yoast-seo-meta-tag\" \/>\n\t<meta name=\"twitter:data1\" content=\"6 minutes\" class=\"yoast-seo-meta-tag\" \/>\n<script type=\"application\/ld+json\" class=\"yoast-schema-graph\">{\"@context\":\"https:\/\/schema.org\",\"@graph\":[{\"@type\":\"WebPage\",\"@id\":\"https:\/\/snirs-cfecgc.fr\/?page_id=3802\",\"url\":\"https:\/\/snirs-cfecgc.fr\/?page_id=3802\",\"name\":\"Enseignement recherche et formation - Syndicat National Ind\u00e9pendant de la Recherche Scientifique et de l&#039;Enseignement Sup\u00e9rieur\",\"isPartOf\":{\"@id\":\"https:\/\/snirs-cfecgc.fr\/#website\"},\"datePublished\":\"2024-01-14T20:53:02+00:00\",\"dateModified\":\"2024-09-21T16:32:26+00:00\",\"breadcrumb\":{\"@id\":\"https:\/\/snirs-cfecgc.fr\/?page_id=3802#breadcrumb\"},\"inLanguage\":\"fr-FR\",\"potentialAction\":[{\"@type\":\"ReadAction\",\"target\":[\"https:\/\/snirs-cfecgc.fr\/?page_id=3802\"]}]},{\"@type\":\"BreadcrumbList\",\"@id\":\"https:\/\/snirs-cfecgc.fr\/?page_id=3802#breadcrumb\",\"itemListElement\":[{\"@type\":\"ListItem\",\"position\":1,\"name\":\"Accueil\",\"item\":\"https:\/\/snirs-cfecgc.fr\/\"},{\"@type\":\"ListItem\",\"position\":2,\"name\":\"Enseignement recherche et formation\"}]},{\"@type\":\"WebSite\",\"@id\":\"https:\/\/snirs-cfecgc.fr\/#website\",\"url\":\"https:\/\/snirs-cfecgc.fr\/\",\"name\":\"Syndicat National Ind\u00e9pendant de la Recherche Scientifique et de l'Enseignement Sup\u00e9rieur\",\"description\":\"Ne pas prendre parti, c&#039;est accepter le parti pris des autres\",\"publisher\":{\"@id\":\"https:\/\/snirs-cfecgc.fr\/#organization\"},\"alternateName\":\"Snirs CFE-CGC\",\"potentialAction\":[{\"@type\":\"SearchAction\",\"target\":{\"@type\":\"EntryPoint\",\"urlTemplate\":\"https:\/\/snirs-cfecgc.fr\/?s={search_term_string}\"},\"query-input\":{\"@type\":\"PropertyValueSpecification\",\"valueRequired\":true,\"valueName\":\"search_term_string\"}}],\"inLanguage\":\"fr-FR\"},{\"@type\":\"Organization\",\"@id\":\"https:\/\/snirs-cfecgc.fr\/#organization\",\"name\":\"SNIRS CFE-CGC\",\"alternateName\":\"SNIRS\",\"url\":\"https:\/\/snirs-cfecgc.fr\/\",\"logo\":{\"@type\":\"ImageObject\",\"inLanguage\":\"fr-FR\",\"@id\":\"https:\/\/snirs-cfecgc.fr\/#\/schema\/logo\/image\/\",\"url\":\"https:\/\/snirs-cfecgc.fr\/wp-content\/uploads\/SNIRS_CFECGCFP-3-300x145-1.png\",\"contentUrl\":\"https:\/\/snirs-cfecgc.fr\/wp-content\/uploads\/SNIRS_CFECGCFP-3-300x145-1.png\",\"width\":300,\"height\":145,\"caption\":\"SNIRS CFE-CGC\"},\"image\":{\"@id\":\"https:\/\/snirs-cfecgc.fr\/#\/schema\/logo\/image\/\"},\"sameAs\":[\"https:\/\/x.com\/SnirsCGC\"]}]}<\/script>\n<!-- \/ Yoast SEO plugin. -->","yoast_head_json":{"title":"Enseignement recherche et formation - Syndicat National Ind\u00e9pendant de la Recherche Scientifique et de l&#039;Enseignement Sup\u00e9rieur","robots":{"index":"index","follow":"follow","max-snippet":"max-snippet:-1","max-image-preview":"max-image-preview:large","max-video-preview":"max-video-preview:-1"},"canonical":"https:\/\/snirs-cfecgc.fr\/?page_id=3802","og_locale":"fr_FR","og_type":"article","og_title":"Enseignement recherche et formation - Syndicat National Ind\u00e9pendant de la Recherche Scientifique et de l&#039;Enseignement Sup\u00e9rieur","og_description":"Professeur des Universit\u00e9s Au sein des universit\u00e9s, les Professeurs exercent des fonctions d&rsquo;enseignement, de recherche et ont des responsabilit\u00e9s administratives. En ce qui concerne l&rsquo;enseignement, ils assurent par priorit\u00e9 des cours magistraux et des s\u00e9minaires de master ainsi que ceux de l&rsquo;\u00e9cole doctorale. En mati\u00e8re de recherche, ils dirigent des m\u00e9moires de master, des th\u00e8ses [&hellip;]","og_url":"https:\/\/snirs-cfecgc.fr\/?page_id=3802","og_site_name":"Syndicat National Ind\u00e9pendant de la Recherche Scientifique et de l&#039;Enseignement Sup\u00e9rieur","article_modified_time":"2024-09-21T16:32:26+00:00","og_image":[{"width":300,"height":145,"url":"https:\/\/snirs-cfecgc.fr\/wp-content\/uploads\/SNIRS_CFECGCFP-3-300x145-1.png","type":"image\/png"}],"twitter_card":"summary_large_image","twitter_site":"@SnirsCGC","twitter_misc":{"Dur\u00e9e de lecture estim\u00e9e":"6 minutes"},"schema":{"@context":"https:\/\/schema.org","@graph":[{"@type":"WebPage","@id":"https:\/\/snirs-cfecgc.fr\/?page_id=3802","url":"https:\/\/snirs-cfecgc.fr\/?page_id=3802","name":"Enseignement recherche et formation - Syndicat National Ind\u00e9pendant de la Recherche Scientifique et de l&#039;Enseignement Sup\u00e9rieur","isPartOf":{"@id":"https:\/\/snirs-cfecgc.fr\/#website"},"datePublished":"2024-01-14T20:53:02+00:00","dateModified":"2024-09-21T16:32:26+00:00","breadcrumb":{"@id":"https:\/\/snirs-cfecgc.fr\/?page_id=3802#breadcrumb"},"inLanguage":"fr-FR","potentialAction":[{"@type":"ReadAction","target":["https:\/\/snirs-cfecgc.fr\/?page_id=3802"]}]},{"@type":"BreadcrumbList","@id":"https:\/\/snirs-cfecgc.fr\/?page_id=3802#breadcrumb","itemListElement":[{"@type":"ListItem","position":1,"name":"Accueil","item":"https:\/\/snirs-cfecgc.fr\/"},{"@type":"ListItem","position":2,"name":"Enseignement recherche et formation"}]},{"@type":"WebSite","@id":"https:\/\/snirs-cfecgc.fr\/#website","url":"https:\/\/snirs-cfecgc.fr\/","name":"Syndicat National Ind\u00e9pendant de la Recherche Scientifique et de l'Enseignement Sup\u00e9rieur","description":"Ne pas prendre parti, c&#039;est accepter le parti pris des autres","publisher":{"@id":"https:\/\/snirs-cfecgc.fr\/#organization"},"alternateName":"Snirs CFE-CGC","potentialAction":[{"@type":"SearchAction","target":{"@type":"EntryPoint","urlTemplate":"https:\/\/snirs-cfecgc.fr\/?s={search_term_string}"},"query-input":{"@type":"PropertyValueSpecification","valueRequired":true,"valueName":"search_term_string"}}],"inLanguage":"fr-FR"},{"@type":"Organization","@id":"https:\/\/snirs-cfecgc.fr\/#organization","name":"SNIRS CFE-CGC","alternateName":"SNIRS","url":"https:\/\/snirs-cfecgc.fr\/","logo":{"@type":"ImageObject","inLanguage":"fr-FR","@id":"https:\/\/snirs-cfecgc.fr\/#\/schema\/logo\/image\/","url":"https:\/\/snirs-cfecgc.fr\/wp-content\/uploads\/SNIRS_CFECGCFP-3-300x145-1.png","contentUrl":"https:\/\/snirs-cfecgc.fr\/wp-content\/uploads\/SNIRS_CFECGCFP-3-300x145-1.png","width":300,"height":145,"caption":"SNIRS CFE-CGC"},"image":{"@id":"https:\/\/snirs-cfecgc.fr\/#\/schema\/logo\/image\/"},"sameAs":["https:\/\/x.com\/SnirsCGC"]}]}},"_links":{"self":[{"href":"https:\/\/snirs-cfecgc.fr\/index.php?rest_route=\/wp\/v2\/pages\/3802","targetHints":{"allow":["GET"]}}],"collection":[{"href":"https:\/\/snirs-cfecgc.fr\/index.php?rest_route=\/wp\/v2\/pages"}],"about":[{"href":"https:\/\/snirs-cfecgc.fr\/index.php?rest_route=\/wp\/v2\/types\/page"}],"author":[{"embeddable":true,"href":"https:\/\/snirs-cfecgc.fr\/index.php?rest_route=\/wp\/v2\/users\/1"}],"replies":[{"embeddable":true,"href":"https:\/\/snirs-cfecgc.fr\/index.php?rest_route=%2Fwp%2Fv2%2Fcomments&post=3802"}],"version-history":[{"count":15,"href":"https:\/\/snirs-cfecgc.fr\/index.php?rest_route=\/wp\/v2\/pages\/3802\/revisions"}],"predecessor-version":[{"id":4217,"href":"https:\/\/snirs-cfecgc.fr\/index.php?rest_route=\/wp\/v2\/pages\/3802\/revisions\/4217"}],"wp:attachment":[{"href":"https:\/\/snirs-cfecgc.fr\/index.php?rest_route=%2Fwp%2Fv2%2Fmedia&parent=3802"}],"curies":[{"name":"wp","href":"https:\/\/api.w.org\/{rel}","templated":true}]}}