{"id":308,"date":"2016-09-14T14:18:33","date_gmt":"2016-09-14T12:18:33","guid":{"rendered":"http:\/\/snirscfecgc.neowordpress.fr\/?page_id=308"},"modified":"2016-09-14T14:18:33","modified_gmt":"2016-09-14T12:18:33","slug":"actions-nationales","status":"publish","type":"page","link":"https:\/\/snirs-cfecgc.fr\/?page_id=308","title":{"rendered":"Actions nationales"},"content":{"rendered":"<h1 style=\"text-align: center\">CNESER<\/h1>\n<h2><strong>La CFE-CGC au <\/strong><\/h2>\n<h2><strong>Conseil national de l&rsquo;enseignement sup\u00e9rieur et de la recherche (CNESER)<\/strong><\/h2>\n<p>Deux&nbsp;repr\u00e9sentants du SNIRS (1 titulaire et 1 suppl\u00e9ant), de par leur affiliation \u00e0 la CFE-CGC&nbsp;(4\u00e8&nbsp;syndicat repr\u00e9sentatif au niveau national), ont \u00e9t\u00e9 nomm\u00e9s membres du CNESER.<\/p>\n<p>Le minist\u00e8re les a nomm\u00e9s, par arr\u00eat\u00e9 en date du 13 octobre 2015, au titre des personnalit\u00e9s repr\u00e9sentant les grands int\u00e9r\u00eats nationaux.<\/p>\n<p>Qu\u2019est-ce que le CNESER&nbsp;?<\/p>\n<p>Le <strong>Conseil national de l&rsquo;enseignement sup\u00e9rieur et de la recherche (<\/strong><strong>CNESER<\/strong><strong>)<\/strong> est un organe consultatif plac\u00e9 aupr\u00e8s du ministre charg\u00e9 de l&rsquo;enseignement sup\u00e9rieur.<\/p>\n<p>Il est compos\u00e9 de 100 membres, dont 60 repr\u00e9sentants \u00e9lus des universit\u00e9s et organismes de recherche. Parmi ces \u00e9lus, si\u00e8gent 2 repr\u00e9sentants CFE-CGC \u00e9lus au titre des 7 si\u00e8ges r\u00e9serv\u00e9s aux organismes ayant le statut d\u2019EPIC. Les autres membres (40) repr\u00e9sentent les forces politiques, \u00e9conomiques, sociales et culturelles du pays. Parmi eux, 18 sont d\u00e9sign\u00e9s par les organisations professionnelles, \u00e0 parit\u00e9 entre syndicats de salari\u00e9s et organisations patronales.<\/p>\n<p>A ce titre, la CFE-CGC a choisi de proposer trois militants du SNIRS pour la repr\u00e9senter, les attributions du CNESER \u00e9tant li\u00e9es \u00e0 l\u2019enseignement sup\u00e9rieur et \u00e0 la recherche.<\/p>\n<h2>Quel est son r\u00f4le ?<\/h2>\n<p>Le CNESER&nbsp; donne notamment son avis sur :<\/p>\n<ul>\n<li>la r\u00e9partition des dotations d\u2019\u00e9quipement et de fonctionnement et des emplois entre les diff\u00e9rents \u00e9tablissements,<\/li>\n<li>&nbsp;l\u2019habilitation des \u00e9tablissements publics d\u2019enseignement sup\u00e9rieur \u00e0 d\u00e9livrer des dipl\u00f4mes nationaux,<\/li>\n<li>la cr\u00e9ation des E.P.S.C.P. ou des \u00e9coles\/instituts,<\/li>\n<li>la carte des formations sup\u00e9rieures et de la recherche&#8230;<\/li>\n<\/ul>\n<p>Le CNESER se r\u00e9unit en session pl\u00e9ni\u00e8re 3 fois dans l\u2019ann\u00e9e et en commission permanente, \u00e0 raison de&nbsp; 2 s\u00e9ances par mois. Cette commission permanente est compos\u00e9e de 40 personnes \u00e9lus parmi les 100 personnes&nbsp; avec une repr\u00e9sentativit\u00e9 de toutes les sensibilit\u00e9s. Des s\u00e9ances suppl\u00e9mentaires en cas d&rsquo;urgence peuvent tomber comme la s\u00e9ance du 29 f\u00e9vrier qui sera consacr\u00e9 \u00e0 l&rsquo;article 34 de la loi de travail concernant la VAE.<\/p>\n<p>Le travail de nos repr\u00e9sentants consiste, au-del\u00e0 des d\u00e9lib\u00e9rations, discussions, prises de parole, votes, accr\u00e9ditations des \u00e9tablissements, \u00e0 pr\u00e9senter aussi des avis et amendements sur des articles de loi quand c&rsquo;est n\u00e9cessaire.<\/p>\n<p><strong>&nbsp;<\/strong><\/p>\n<p>&nbsp;<\/p>\n","protected":false},"excerpt":{"rendered":"<p>CNESER La CFE-CGC au Conseil national de l&rsquo;enseignement sup\u00e9rieur et de la recherche (CNESER) Deux&nbsp;repr\u00e9sentants du SNIRS (1 titulaire et 1 suppl\u00e9ant), de par leur affiliation \u00e0 la CFE-CGC&nbsp;(4\u00e8&nbsp;syndicat repr\u00e9sentatif au niveau national), ont \u00e9t\u00e9 nomm\u00e9s membres du CNESER. Le minist\u00e8re les a nomm\u00e9s, par arr\u00eat\u00e9 en date du 13 octobre 2015, au titre des [&hellip;]<\/p>\n","protected":false},"author":5,"featured_media":0,"parent":0,"menu_order":0,"comment_status":"closed","ping_status":"closed","template":"","meta":{"_bbp_topic_count":0,"_bbp_reply_count":0,"_bbp_total_topic_count":0,"_bbp_total_reply_count":0,"_bbp_voice_count":0,"_bbp_anonymous_reply_count":0,"_bbp_topic_count_hidden":0,"_bbp_reply_count_hidden":0,"_bbp_forum_subforum_count":0,"om_disable_all_campaigns":false,"footnotes":""},"class_list":["post-308","page","type-page","status-publish","hentry"],"yoast_head":"<!-- This site is optimized with the Yoast SEO plugin v27.4 - https:\/\/yoast.com\/product\/yoast-seo-wordpress\/ -->\n<title>Actions nationales - Syndicat National Ind\u00e9pendant de la Recherche Scientifique et de l&#039;Enseignement Sup\u00e9rieur<\/title>\n<meta name=\"robots\" content=\"index, follow, max-snippet:-1, max-image-preview:large, max-video-preview:-1\" \/>\n<link rel=\"canonical\" href=\"https:\/\/snirs-cfecgc.fr\/?page_id=308\" class=\"yoast-seo-meta-tag\" \/>\n<meta property=\"og:locale\" content=\"fr_FR\" class=\"yoast-seo-meta-tag\" \/>\n<meta property=\"og:type\" content=\"article\" class=\"yoast-seo-meta-tag\" \/>\n<meta property=\"og:title\" content=\"Actions nationales - Syndicat National Ind\u00e9pendant de la Recherche Scientifique et de l&#039;Enseignement Sup\u00e9rieur\" class=\"yoast-seo-meta-tag\" \/>\n<meta property=\"og:description\" content=\"CNESER La CFE-CGC au Conseil national de l&rsquo;enseignement sup\u00e9rieur et de la recherche (CNESER) Deux&nbsp;repr\u00e9sentants du SNIRS (1 titulaire et 1 suppl\u00e9ant), de par leur affiliation \u00e0 la CFE-CGC&nbsp;(4\u00e8&nbsp;syndicat repr\u00e9sentatif au niveau national), ont \u00e9t\u00e9 nomm\u00e9s membres du CNESER. Le minist\u00e8re les a nomm\u00e9s, par arr\u00eat\u00e9 en date du 13 octobre 2015, au titre des [&hellip;]\" class=\"yoast-seo-meta-tag\" \/>\n<meta property=\"og:url\" content=\"https:\/\/snirs-cfecgc.fr\/?page_id=308\" class=\"yoast-seo-meta-tag\" \/>\n<meta property=\"og:site_name\" content=\"Syndicat National Ind\u00e9pendant de la Recherche Scientifique et de l&#039;Enseignement Sup\u00e9rieur\" class=\"yoast-seo-meta-tag\" \/>\n<meta property=\"og:image\" content=\"https:\/\/snirs-cfecgc.fr\/wp-content\/uploads\/SNIRS_CFECGCFP-3-300x145-1.png\" class=\"yoast-seo-meta-tag\" \/>\n\t<meta property=\"og:image:width\" content=\"300\" class=\"yoast-seo-meta-tag\" \/>\n\t<meta property=\"og:image:height\" content=\"145\" class=\"yoast-seo-meta-tag\" \/>\n\t<meta property=\"og:image:type\" content=\"image\/png\" class=\"yoast-seo-meta-tag\" \/>\n<meta name=\"twitter:card\" content=\"summary_large_image\" class=\"yoast-seo-meta-tag\" \/>\n<meta name=\"twitter:site\" content=\"@SnirsCGC\" class=\"yoast-seo-meta-tag\" \/>\n<meta name=\"twitter:label1\" content=\"Dur\u00e9e de lecture estim\u00e9e\" class=\"yoast-seo-meta-tag\" \/>\n\t<meta name=\"twitter:data1\" content=\"2 minutes\" class=\"yoast-seo-meta-tag\" \/>\n<script type=\"application\/ld+json\" class=\"yoast-schema-graph\">{\"@context\":\"https:\\\/\\\/schema.org\",\"@graph\":[{\"@type\":\"WebPage\",\"@id\":\"https:\\\/\\\/snirs-cfecgc.fr\\\/?page_id=308\",\"url\":\"https:\\\/\\\/snirs-cfecgc.fr\\\/?page_id=308\",\"name\":\"Actions nationales - Syndicat National Ind\u00e9pendant de la Recherche Scientifique et de l&#039;Enseignement Sup\u00e9rieur\",\"isPartOf\":{\"@id\":\"https:\\\/\\\/snirs-cfecgc.fr\\\/#website\"},\"datePublished\":\"2016-09-14T12:18:33+00:00\",\"breadcrumb\":{\"@id\":\"https:\\\/\\\/snirs-cfecgc.fr\\\/?page_id=308#breadcrumb\"},\"inLanguage\":\"fr-FR\",\"potentialAction\":[{\"@type\":\"ReadAction\",\"target\":[\"https:\\\/\\\/snirs-cfecgc.fr\\\/?page_id=308\"]}]},{\"@type\":\"BreadcrumbList\",\"@id\":\"https:\\\/\\\/snirs-cfecgc.fr\\\/?page_id=308#breadcrumb\",\"itemListElement\":[{\"@type\":\"ListItem\",\"position\":1,\"name\":\"Accueil\",\"item\":\"https:\\\/\\\/snirs-cfecgc.fr\\\/\"},{\"@type\":\"ListItem\",\"position\":2,\"name\":\"Actions nationales\"}]},{\"@type\":\"WebSite\",\"@id\":\"https:\\\/\\\/snirs-cfecgc.fr\\\/#website\",\"url\":\"https:\\\/\\\/snirs-cfecgc.fr\\\/\",\"name\":\"Syndicat National Ind\u00e9pendant de la Recherche Scientifique et de l'Enseignement Sup\u00e9rieur\",\"description\":\"Ne pas prendre parti, c&#039;est accepter le parti pris des autres\",\"publisher\":{\"@id\":\"https:\\\/\\\/snirs-cfecgc.fr\\\/#organization\"},\"alternateName\":\"Snirs CFE-CGC\",\"potentialAction\":[{\"@type\":\"SearchAction\",\"target\":{\"@type\":\"EntryPoint\",\"urlTemplate\":\"https:\\\/\\\/snirs-cfecgc.fr\\\/?s={search_term_string}\"},\"query-input\":{\"@type\":\"PropertyValueSpecification\",\"valueRequired\":true,\"valueName\":\"search_term_string\"}}],\"inLanguage\":\"fr-FR\"},{\"@type\":\"Organization\",\"@id\":\"https:\\\/\\\/snirs-cfecgc.fr\\\/#organization\",\"name\":\"SNIRS CFE-CGC\",\"alternateName\":\"SNIRS\",\"url\":\"https:\\\/\\\/snirs-cfecgc.fr\\\/\",\"logo\":{\"@type\":\"ImageObject\",\"inLanguage\":\"fr-FR\",\"@id\":\"https:\\\/\\\/snirs-cfecgc.fr\\\/#\\\/schema\\\/logo\\\/image\\\/\",\"url\":\"https:\\\/\\\/snirs-cfecgc.fr\\\/wp-content\\\/uploads\\\/SNIRS_CFECGCFP-3-300x145-1.png\",\"contentUrl\":\"https:\\\/\\\/snirs-cfecgc.fr\\\/wp-content\\\/uploads\\\/SNIRS_CFECGCFP-3-300x145-1.png\",\"width\":300,\"height\":145,\"caption\":\"SNIRS CFE-CGC\"},\"image\":{\"@id\":\"https:\\\/\\\/snirs-cfecgc.fr\\\/#\\\/schema\\\/logo\\\/image\\\/\"},\"sameAs\":[\"https:\\\/\\\/x.com\\\/SnirsCGC\"]}]}<\/script>\n<!-- \/ Yoast SEO plugin. -->","yoast_head_json":{"title":"Actions nationales - Syndicat National Ind\u00e9pendant de la Recherche Scientifique et de l&#039;Enseignement Sup\u00e9rieur","robots":{"index":"index","follow":"follow","max-snippet":"max-snippet:-1","max-image-preview":"max-image-preview:large","max-video-preview":"max-video-preview:-1"},"canonical":"https:\/\/snirs-cfecgc.fr\/?page_id=308","og_locale":"fr_FR","og_type":"article","og_title":"Actions nationales - Syndicat National Ind\u00e9pendant de la Recherche Scientifique et de l&#039;Enseignement Sup\u00e9rieur","og_description":"CNESER La CFE-CGC au Conseil national de l&rsquo;enseignement sup\u00e9rieur et de la recherche (CNESER) Deux&nbsp;repr\u00e9sentants du SNIRS (1 titulaire et 1 suppl\u00e9ant), de par leur affiliation \u00e0 la CFE-CGC&nbsp;(4\u00e8&nbsp;syndicat repr\u00e9sentatif au niveau national), ont \u00e9t\u00e9 nomm\u00e9s membres du CNESER. Le minist\u00e8re les a nomm\u00e9s, par arr\u00eat\u00e9 en date du 13 octobre 2015, au titre des [&hellip;]","og_url":"https:\/\/snirs-cfecgc.fr\/?page_id=308","og_site_name":"Syndicat National Ind\u00e9pendant de la Recherche Scientifique et de l&#039;Enseignement Sup\u00e9rieur","og_image":[{"width":300,"height":145,"url":"https:\/\/snirs-cfecgc.fr\/wp-content\/uploads\/SNIRS_CFECGCFP-3-300x145-1.png","type":"image\/png"}],"twitter_card":"summary_large_image","twitter_site":"@SnirsCGC","twitter_misc":{"Dur\u00e9e de lecture estim\u00e9e":"2 minutes"},"schema":{"@context":"https:\/\/schema.org","@graph":[{"@type":"WebPage","@id":"https:\/\/snirs-cfecgc.fr\/?page_id=308","url":"https:\/\/snirs-cfecgc.fr\/?page_id=308","name":"Actions nationales - Syndicat National Ind\u00e9pendant de la Recherche Scientifique et de l&#039;Enseignement Sup\u00e9rieur","isPartOf":{"@id":"https:\/\/snirs-cfecgc.fr\/#website"},"datePublished":"2016-09-14T12:18:33+00:00","breadcrumb":{"@id":"https:\/\/snirs-cfecgc.fr\/?page_id=308#breadcrumb"},"inLanguage":"fr-FR","potentialAction":[{"@type":"ReadAction","target":["https:\/\/snirs-cfecgc.fr\/?page_id=308"]}]},{"@type":"BreadcrumbList","@id":"https:\/\/snirs-cfecgc.fr\/?page_id=308#breadcrumb","itemListElement":[{"@type":"ListItem","position":1,"name":"Accueil","item":"https:\/\/snirs-cfecgc.fr\/"},{"@type":"ListItem","position":2,"name":"Actions nationales"}]},{"@type":"WebSite","@id":"https:\/\/snirs-cfecgc.fr\/#website","url":"https:\/\/snirs-cfecgc.fr\/","name":"Syndicat National Ind\u00e9pendant de la Recherche Scientifique et de l'Enseignement Sup\u00e9rieur","description":"Ne pas prendre parti, c&#039;est accepter le parti pris des autres","publisher":{"@id":"https:\/\/snirs-cfecgc.fr\/#organization"},"alternateName":"Snirs CFE-CGC","potentialAction":[{"@type":"SearchAction","target":{"@type":"EntryPoint","urlTemplate":"https:\/\/snirs-cfecgc.fr\/?s={search_term_string}"},"query-input":{"@type":"PropertyValueSpecification","valueRequired":true,"valueName":"search_term_string"}}],"inLanguage":"fr-FR"},{"@type":"Organization","@id":"https:\/\/snirs-cfecgc.fr\/#organization","name":"SNIRS CFE-CGC","alternateName":"SNIRS","url":"https:\/\/snirs-cfecgc.fr\/","logo":{"@type":"ImageObject","inLanguage":"fr-FR","@id":"https:\/\/snirs-cfecgc.fr\/#\/schema\/logo\/image\/","url":"https:\/\/snirs-cfecgc.fr\/wp-content\/uploads\/SNIRS_CFECGCFP-3-300x145-1.png","contentUrl":"https:\/\/snirs-cfecgc.fr\/wp-content\/uploads\/SNIRS_CFECGCFP-3-300x145-1.png","width":300,"height":145,"caption":"SNIRS CFE-CGC"},"image":{"@id":"https:\/\/snirs-cfecgc.fr\/#\/schema\/logo\/image\/"},"sameAs":["https:\/\/x.com\/SnirsCGC"]}]}},"_links":{"self":[{"href":"https:\/\/snirs-cfecgc.fr\/index.php?rest_route=\/wp\/v2\/pages\/308","targetHints":{"allow":["GET"]}}],"collection":[{"href":"https:\/\/snirs-cfecgc.fr\/index.php?rest_route=\/wp\/v2\/pages"}],"about":[{"href":"https:\/\/snirs-cfecgc.fr\/index.php?rest_route=\/wp\/v2\/types\/page"}],"author":[{"embeddable":true,"href":"https:\/\/snirs-cfecgc.fr\/index.php?rest_route=\/wp\/v2\/users\/5"}],"replies":[{"embeddable":true,"href":"https:\/\/snirs-cfecgc.fr\/index.php?rest_route=%2Fwp%2Fv2%2Fcomments&post=308"}],"version-history":[{"count":0,"href":"https:\/\/snirs-cfecgc.fr\/index.php?rest_route=\/wp\/v2\/pages\/308\/revisions"}],"wp:attachment":[{"href":"https:\/\/snirs-cfecgc.fr\/index.php?rest_route=%2Fwp%2Fv2%2Fmedia&parent=308"}],"curies":[{"name":"wp","href":"https:\/\/api.w.org\/{rel}","templated":true}]}}