{"id":25,"date":"2016-08-12T15:07:23","date_gmt":"2016-08-12T13:07:23","guid":{"rendered":"http:\/\/snirscfecgc.neowordpress.fr\/?page_id=25"},"modified":"2026-03-15T18:47:31","modified_gmt":"2026-03-15T17:47:31","slug":"nous-connaitre","status":"publish","type":"page","link":"https:\/\/snirs-cfecgc.fr\/?page_id=25","title":{"rendered":"Nous conna\u00eetre"},"content":{"rendered":"<h1>Le SNIRS est un syndicat ind\u00e9pendant :<\/h1>\n<ul>\n<li>des partis politiques,<\/li>\n<li>des religions,<\/li>\n<li>des doctrines philosophiques,<\/li>\n<li>de l\u2019administration avec laquelle il n\u00e9gocie librement.<\/li>\n<\/ul>\n<p>C\u2019est un syndicat compos\u00e9 de coll\u00e8gues de la communaut\u00e9 scientifique, libres de leurs opinions, pr\u00eats \u00e0 vous \u00e9couter, responsables dans la d\u00e9fense des personnels de la recherche.<\/p>\n<h1>Repr\u00e9sentativit\u00e9 du SNIRS<\/h1>\n<p>Le SNIRS-CGC est rattach\u00e9 \u00e0 la CFE-CGC\u00a0: c\u2019est ce qui lui permet de b\u00e9n\u00e9ficier d\u2019une exp\u00e9rience de plus de 70 ans et de l\u2019appui de milliers de d\u00e9l\u00e9gu\u00e9s de toutes les branches professionnelles.<\/p>\n<p>Les r\u00e9sultats obtenus lors des derni\u00e8res \u00e9lections font du SNIRS l\u2019un des syndicats repr\u00e9sentatifs du CNRS, pour les chercheurs comme pour les ITA.<\/p>\n<p>Ainsi le SNIRS assure votre repr\u00e9sentation aupr\u00e8s de nombreuses instances nationales et r\u00e9gionales<\/p>\n<p>Il est l\u2019un des principaux interlocuteurs reconnus des autorit\u00e9s de tutelle (Direction des organismes et minist\u00e8res) et, \u00e0 ce titre, il participe \u00e0 toutes les grandes n\u00e9gociations \u00e0 caract\u00e8re national.<\/p>\n<p><a href=\"https:\/\/snirs-cfecgc.fr\/?page_id=40\">Qui sommes nous ?<\/a><\/p>\n<p><a href=\"https:\/\/snirs-cfecgc.fr\/?page_id=121\">Nos valeurs<\/a><\/p>\n<p><a href=\"https:\/\/snirs-cfecgc.fr\/?page_id=96\">Le bureau<\/a><\/p>\n<p><iframe title=\"3 minutes avec le SNIRS actualit\u00e9s 9 mars 2026 n\u00b01\" width=\"610\" height=\"343\" src=\"https:\/\/www.youtube.com\/embed\/BBTXiEIqfGg?feature=oembed\" frameborder=\"0\" allow=\"accelerometer; autoplay; clipboard-write; encrypted-media; gyroscope; picture-in-picture; web-share\" referrerpolicy=\"strict-origin-when-cross-origin\" allowfullscreen><\/iframe><\/p>\n","protected":false},"excerpt":{"rendered":"<p>Le SNIRS est un syndicat ind\u00e9pendant : des partis politiques, des religions, des doctrines philosophiques, de l\u2019administration avec laquelle il n\u00e9gocie librement. C\u2019est un syndicat compos\u00e9 de coll\u00e8gues de la communaut\u00e9 scientifique, libres de leurs opinions, pr\u00eats \u00e0 vous \u00e9couter, responsables dans la d\u00e9fense des personnels de la recherche. Repr\u00e9sentativit\u00e9 du SNIRS Le SNIRS-CGC est [&hellip;]<\/p>\n","protected":false},"author":2,"featured_media":0,"parent":0,"menu_order":0,"comment_status":"closed","ping_status":"closed","template":"","meta":{"_bbp_topic_count":0,"_bbp_reply_count":0,"_bbp_total_topic_count":0,"_bbp_total_reply_count":0,"_bbp_voice_count":0,"_bbp_anonymous_reply_count":0,"_bbp_topic_count_hidden":0,"_bbp_reply_count_hidden":0,"_bbp_forum_subforum_count":0,"om_disable_all_campaigns":false,"footnotes":""},"class_list":["post-25","page","type-page","status-publish","hentry"],"yoast_head":"<!-- This site is optimized with the Yoast SEO plugin v27.4 - https:\/\/yoast.com\/product\/yoast-seo-wordpress\/ -->\n<title>Nous conna\u00eetre - Syndicat National Ind\u00e9pendant de la Recherche Scientifique et de l&#039;Enseignement Sup\u00e9rieur<\/title>\n<meta name=\"robots\" content=\"index, follow, max-snippet:-1, max-image-preview:large, max-video-preview:-1\" \/>\n<link rel=\"canonical\" href=\"https:\/\/snirs-cfecgc.fr\/?page_id=25\" class=\"yoast-seo-meta-tag\" \/>\n<meta property=\"og:locale\" content=\"fr_FR\" class=\"yoast-seo-meta-tag\" \/>\n<meta property=\"og:type\" content=\"article\" class=\"yoast-seo-meta-tag\" \/>\n<meta property=\"og:title\" content=\"Nous conna\u00eetre - Syndicat National Ind\u00e9pendant de la Recherche Scientifique et de l&#039;Enseignement Sup\u00e9rieur\" class=\"yoast-seo-meta-tag\" \/>\n<meta property=\"og:description\" content=\"Le SNIRS est un syndicat ind\u00e9pendant : des partis politiques, des religions, des doctrines philosophiques, de l\u2019administration avec laquelle il n\u00e9gocie librement. C\u2019est un syndicat compos\u00e9 de coll\u00e8gues de la communaut\u00e9 scientifique, libres de leurs opinions, pr\u00eats \u00e0 vous \u00e9couter, responsables dans la d\u00e9fense des personnels de la recherche. Repr\u00e9sentativit\u00e9 du SNIRS Le SNIRS-CGC est [&hellip;]\" class=\"yoast-seo-meta-tag\" \/>\n<meta property=\"og:url\" content=\"https:\/\/snirs-cfecgc.fr\/?page_id=25\" class=\"yoast-seo-meta-tag\" \/>\n<meta property=\"og:site_name\" content=\"Syndicat National Ind\u00e9pendant de la Recherche Scientifique et de l&#039;Enseignement Sup\u00e9rieur\" class=\"yoast-seo-meta-tag\" \/>\n<meta property=\"article:modified_time\" content=\"2026-03-15T17:47:31+00:00\" class=\"yoast-seo-meta-tag\" \/>\n<meta property=\"og:image\" content=\"https:\/\/snirs-cfecgc.fr\/wp-content\/uploads\/SNIRS_CFECGCFP-3-300x145-1.png\" class=\"yoast-seo-meta-tag\" \/>\n\t<meta property=\"og:image:width\" content=\"300\" class=\"yoast-seo-meta-tag\" \/>\n\t<meta property=\"og:image:height\" content=\"145\" class=\"yoast-seo-meta-tag\" \/>\n\t<meta property=\"og:image:type\" content=\"image\/png\" class=\"yoast-seo-meta-tag\" \/>\n<meta name=\"twitter:card\" content=\"summary_large_image\" class=\"yoast-seo-meta-tag\" \/>\n<meta name=\"twitter:site\" content=\"@SnirsCGC\" class=\"yoast-seo-meta-tag\" \/>\n<meta name=\"twitter:label1\" content=\"Dur\u00e9e de lecture estim\u00e9e\" class=\"yoast-seo-meta-tag\" \/>\n\t<meta name=\"twitter:data1\" content=\"1 minute\" class=\"yoast-seo-meta-tag\" \/>\n<script type=\"application\/ld+json\" class=\"yoast-schema-graph\">{\"@context\":\"https:\\\/\\\/schema.org\",\"@graph\":[{\"@type\":\"WebPage\",\"@id\":\"https:\\\/\\\/snirs-cfecgc.fr\\\/?page_id=25\",\"url\":\"https:\\\/\\\/snirs-cfecgc.fr\\\/?page_id=25\",\"name\":\"Nous conna\u00eetre - Syndicat National Ind\u00e9pendant de la Recherche Scientifique et de l&#039;Enseignement Sup\u00e9rieur\",\"isPartOf\":{\"@id\":\"https:\\\/\\\/snirs-cfecgc.fr\\\/#website\"},\"datePublished\":\"2016-08-12T13:07:23+00:00\",\"dateModified\":\"2026-03-15T17:47:31+00:00\",\"breadcrumb\":{\"@id\":\"https:\\\/\\\/snirs-cfecgc.fr\\\/?page_id=25#breadcrumb\"},\"inLanguage\":\"fr-FR\",\"potentialAction\":[{\"@type\":\"ReadAction\",\"target\":[\"https:\\\/\\\/snirs-cfecgc.fr\\\/?page_id=25\"]}]},{\"@type\":\"BreadcrumbList\",\"@id\":\"https:\\\/\\\/snirs-cfecgc.fr\\\/?page_id=25#breadcrumb\",\"itemListElement\":[{\"@type\":\"ListItem\",\"position\":1,\"name\":\"Accueil\",\"item\":\"https:\\\/\\\/snirs-cfecgc.fr\\\/\"},{\"@type\":\"ListItem\",\"position\":2,\"name\":\"Nous conna\u00eetre\"}]},{\"@type\":\"WebSite\",\"@id\":\"https:\\\/\\\/snirs-cfecgc.fr\\\/#website\",\"url\":\"https:\\\/\\\/snirs-cfecgc.fr\\\/\",\"name\":\"Syndicat National Ind\u00e9pendant de la Recherche Scientifique et de l'Enseignement Sup\u00e9rieur\",\"description\":\"Ne pas prendre parti, c&#039;est accepter le parti pris des autres\",\"publisher\":{\"@id\":\"https:\\\/\\\/snirs-cfecgc.fr\\\/#organization\"},\"alternateName\":\"Snirs CFE-CGC\",\"potentialAction\":[{\"@type\":\"SearchAction\",\"target\":{\"@type\":\"EntryPoint\",\"urlTemplate\":\"https:\\\/\\\/snirs-cfecgc.fr\\\/?s={search_term_string}\"},\"query-input\":{\"@type\":\"PropertyValueSpecification\",\"valueRequired\":true,\"valueName\":\"search_term_string\"}}],\"inLanguage\":\"fr-FR\"},{\"@type\":\"Organization\",\"@id\":\"https:\\\/\\\/snirs-cfecgc.fr\\\/#organization\",\"name\":\"SNIRS CFE-CGC\",\"alternateName\":\"SNIRS\",\"url\":\"https:\\\/\\\/snirs-cfecgc.fr\\\/\",\"logo\":{\"@type\":\"ImageObject\",\"inLanguage\":\"fr-FR\",\"@id\":\"https:\\\/\\\/snirs-cfecgc.fr\\\/#\\\/schema\\\/logo\\\/image\\\/\",\"url\":\"https:\\\/\\\/snirs-cfecgc.fr\\\/wp-content\\\/uploads\\\/SNIRS_CFECGCFP-3-300x145-1.png\",\"contentUrl\":\"https:\\\/\\\/snirs-cfecgc.fr\\\/wp-content\\\/uploads\\\/SNIRS_CFECGCFP-3-300x145-1.png\",\"width\":300,\"height\":145,\"caption\":\"SNIRS CFE-CGC\"},\"image\":{\"@id\":\"https:\\\/\\\/snirs-cfecgc.fr\\\/#\\\/schema\\\/logo\\\/image\\\/\"},\"sameAs\":[\"https:\\\/\\\/x.com\\\/SnirsCGC\"]}]}<\/script>\n<!-- \/ Yoast SEO plugin. -->","yoast_head_json":{"title":"Nous conna\u00eetre - Syndicat National Ind\u00e9pendant de la Recherche Scientifique et de l&#039;Enseignement Sup\u00e9rieur","robots":{"index":"index","follow":"follow","max-snippet":"max-snippet:-1","max-image-preview":"max-image-preview:large","max-video-preview":"max-video-preview:-1"},"canonical":"https:\/\/snirs-cfecgc.fr\/?page_id=25","og_locale":"fr_FR","og_type":"article","og_title":"Nous conna\u00eetre - Syndicat National Ind\u00e9pendant de la Recherche Scientifique et de l&#039;Enseignement Sup\u00e9rieur","og_description":"Le SNIRS est un syndicat ind\u00e9pendant : des partis politiques, des religions, des doctrines philosophiques, de l\u2019administration avec laquelle il n\u00e9gocie librement. C\u2019est un syndicat compos\u00e9 de coll\u00e8gues de la communaut\u00e9 scientifique, libres de leurs opinions, pr\u00eats \u00e0 vous \u00e9couter, responsables dans la d\u00e9fense des personnels de la recherche. Repr\u00e9sentativit\u00e9 du SNIRS Le SNIRS-CGC est [&hellip;]","og_url":"https:\/\/snirs-cfecgc.fr\/?page_id=25","og_site_name":"Syndicat National Ind\u00e9pendant de la Recherche Scientifique et de l&#039;Enseignement Sup\u00e9rieur","article_modified_time":"2026-03-15T17:47:31+00:00","og_image":[{"width":300,"height":145,"url":"https:\/\/snirs-cfecgc.fr\/wp-content\/uploads\/SNIRS_CFECGCFP-3-300x145-1.png","type":"image\/png"}],"twitter_card":"summary_large_image","twitter_site":"@SnirsCGC","twitter_misc":{"Dur\u00e9e de lecture estim\u00e9e":"1 minute"},"schema":{"@context":"https:\/\/schema.org","@graph":[{"@type":"WebPage","@id":"https:\/\/snirs-cfecgc.fr\/?page_id=25","url":"https:\/\/snirs-cfecgc.fr\/?page_id=25","name":"Nous conna\u00eetre - Syndicat National Ind\u00e9pendant de la Recherche Scientifique et de l&#039;Enseignement Sup\u00e9rieur","isPartOf":{"@id":"https:\/\/snirs-cfecgc.fr\/#website"},"datePublished":"2016-08-12T13:07:23+00:00","dateModified":"2026-03-15T17:47:31+00:00","breadcrumb":{"@id":"https:\/\/snirs-cfecgc.fr\/?page_id=25#breadcrumb"},"inLanguage":"fr-FR","potentialAction":[{"@type":"ReadAction","target":["https:\/\/snirs-cfecgc.fr\/?page_id=25"]}]},{"@type":"BreadcrumbList","@id":"https:\/\/snirs-cfecgc.fr\/?page_id=25#breadcrumb","itemListElement":[{"@type":"ListItem","position":1,"name":"Accueil","item":"https:\/\/snirs-cfecgc.fr\/"},{"@type":"ListItem","position":2,"name":"Nous conna\u00eetre"}]},{"@type":"WebSite","@id":"https:\/\/snirs-cfecgc.fr\/#website","url":"https:\/\/snirs-cfecgc.fr\/","name":"Syndicat National Ind\u00e9pendant de la Recherche Scientifique et de l'Enseignement Sup\u00e9rieur","description":"Ne pas prendre parti, c&#039;est accepter le parti pris des autres","publisher":{"@id":"https:\/\/snirs-cfecgc.fr\/#organization"},"alternateName":"Snirs CFE-CGC","potentialAction":[{"@type":"SearchAction","target":{"@type":"EntryPoint","urlTemplate":"https:\/\/snirs-cfecgc.fr\/?s={search_term_string}"},"query-input":{"@type":"PropertyValueSpecification","valueRequired":true,"valueName":"search_term_string"}}],"inLanguage":"fr-FR"},{"@type":"Organization","@id":"https:\/\/snirs-cfecgc.fr\/#organization","name":"SNIRS CFE-CGC","alternateName":"SNIRS","url":"https:\/\/snirs-cfecgc.fr\/","logo":{"@type":"ImageObject","inLanguage":"fr-FR","@id":"https:\/\/snirs-cfecgc.fr\/#\/schema\/logo\/image\/","url":"https:\/\/snirs-cfecgc.fr\/wp-content\/uploads\/SNIRS_CFECGCFP-3-300x145-1.png","contentUrl":"https:\/\/snirs-cfecgc.fr\/wp-content\/uploads\/SNIRS_CFECGCFP-3-300x145-1.png","width":300,"height":145,"caption":"SNIRS CFE-CGC"},"image":{"@id":"https:\/\/snirs-cfecgc.fr\/#\/schema\/logo\/image\/"},"sameAs":["https:\/\/x.com\/SnirsCGC"]}]}},"_links":{"self":[{"href":"https:\/\/snirs-cfecgc.fr\/index.php?rest_route=\/wp\/v2\/pages\/25","targetHints":{"allow":["GET"]}}],"collection":[{"href":"https:\/\/snirs-cfecgc.fr\/index.php?rest_route=\/wp\/v2\/pages"}],"about":[{"href":"https:\/\/snirs-cfecgc.fr\/index.php?rest_route=\/wp\/v2\/types\/page"}],"author":[{"embeddable":true,"href":"https:\/\/snirs-cfecgc.fr\/index.php?rest_route=\/wp\/v2\/users\/2"}],"replies":[{"embeddable":true,"href":"https:\/\/snirs-cfecgc.fr\/index.php?rest_route=%2Fwp%2Fv2%2Fcomments&post=25"}],"version-history":[{"count":1,"href":"https:\/\/snirs-cfecgc.fr\/index.php?rest_route=\/wp\/v2\/pages\/25\/revisions"}],"predecessor-version":[{"id":4694,"href":"https:\/\/snirs-cfecgc.fr\/index.php?rest_route=\/wp\/v2\/pages\/25\/revisions\/4694"}],"wp:attachment":[{"href":"https:\/\/snirs-cfecgc.fr\/index.php?rest_route=%2Fwp%2Fv2%2Fmedia&parent=25"}],"curies":[{"name":"wp","href":"https:\/\/api.w.org\/{rel}","templated":true}]}}