{"id":182,"date":"2016-09-12T15:56:05","date_gmt":"2016-09-12T13:56:05","guid":{"rendered":"http:\/\/snirscfecgc.neowordpress.fr\/?page_id=182"},"modified":"2016-09-12T15:56:05","modified_gmt":"2016-09-12T13:56:05","slug":"vous-representer","status":"publish","type":"page","link":"https:\/\/snirs-cfecgc.fr\/?page_id=182","title":{"rendered":"Vous repr\u00e9senter &#8230;"},"content":{"rendered":"<p><a href=\"https:\/\/www.snirs.fr\/nos-actions\/vous-representer\/elections-professionnelles-2022\/\">\u00c9lections professionnelles 2022<\/a><\/p>\n<p>Liste SNIRS au <a href=\"https:\/\/www.snirs.fr\/candidats-snirs-au-csa-du-mesr\">CSA du MESR<\/a><\/p>\n<p>Profession de foi au <a href=\"https:\/\/www.snirs.fr\/profession-de-foi-csa-esr\">CSA du MESR<\/a><\/p>\n<p>Liste SNIRS au<a href=\"https:\/\/www.snirs.fr\/liste-snirs-csa-cnrs\"> CSA du CNRS<\/a><\/p>\n<p>Profession de foi au <a href=\"https:\/\/www.snirs.fr\/csa-cnrs-profession-de-foi-du-snirs\">CSA du CNRS<\/a><\/p>\n<p>Liste et profession de foi \u00e0 la <a href=\"https:\/\/\/www.snirs.fr\/cap-cnrs\">CAP du CNRS<\/a><\/p>\n<p><a href=\"https:\/\/www.dgdr.cnrs.fr\/drh\/droit-syndical\/instances.htm\">Instances nationales CNRS et comptes rendus<\/a><\/p>\n<p>Dernier compte-rendu SNIRS CT CNRS du 12\/12\/2016 <a href=\"http:\/\/snirscfecgc.neowordpress.fr\/\/wp-content\/uploads\/sites\/20836\/2016\/09\/CNRS-CR-du-CT-du-12-dec.pdf\">cnrs-cr-du-ct-du-12-dec<\/a><\/p>\n<p>Dernier compte-rendu SNIRS CT du 22\/11\/2016 <a href=\"http:\/\/snirscfecgc.neowordpress.fr\/\/wp-content\/uploads\/sites\/20836\/2016\/09\/CNRS-CR-CT-20161122.pdf\">cnrs-cr-ct-20161122<\/a><\/p>\n<p><a href=\"http:\/\/www.toulouse-limoges.inserm.fr\/rubriques\/l-inserm-en-region\/l-organisation\/les-instances\">Instances INSERM<\/a><\/p>\n<p>Nos \u00e9lus et repr\u00e9sentants nationaux et r\u00e9gionaux&nbsp;\u00e0 l&rsquo;INSERM et au CNRS&#8230;<\/p>\n<p>&nbsp;<\/p>\n<p>&nbsp;<\/p>\n","protected":false},"excerpt":{"rendered":"<p>\u00c9lections professionnelles 2022 Liste SNIRS au CSA du MESR Profession de foi au CSA du MESR Liste SNIRS au CSA du CNRS Profession de foi au CSA du CNRS Liste et profession de foi \u00e0 la CAP du CNRS Instances nationales CNRS et comptes rendus Dernier compte-rendu SNIRS CT CNRS du 12\/12\/2016 cnrs-cr-du-ct-du-12-dec Dernier compte-rendu [&hellip;]<\/p>\n","protected":false},"author":2,"featured_media":0,"parent":80,"menu_order":0,"comment_status":"closed","ping_status":"closed","template":"","meta":{"_bbp_topic_count":0,"_bbp_reply_count":0,"_bbp_total_topic_count":0,"_bbp_total_reply_count":0,"_bbp_voice_count":0,"_bbp_anonymous_reply_count":0,"_bbp_topic_count_hidden":0,"_bbp_reply_count_hidden":0,"_bbp_forum_subforum_count":0,"om_disable_all_campaigns":false,"footnotes":""},"class_list":["post-182","page","type-page","status-publish","hentry"],"yoast_head":"<!-- This site is optimized with the Yoast SEO plugin v27.2 - https:\/\/yoast.com\/product\/yoast-seo-wordpress\/ -->\n<title>Vous repr\u00e9senter ... - Syndicat National Ind\u00e9pendant de la Recherche Scientifique et de l&#039;Enseignement Sup\u00e9rieur<\/title>\n<meta name=\"robots\" content=\"index, follow, max-snippet:-1, max-image-preview:large, max-video-preview:-1\" \/>\n<link rel=\"canonical\" href=\"https:\/\/snirs-cfecgc.fr\/?page_id=182\" class=\"yoast-seo-meta-tag\" \/>\n<meta property=\"og:locale\" content=\"fr_FR\" class=\"yoast-seo-meta-tag\" \/>\n<meta property=\"og:type\" content=\"article\" class=\"yoast-seo-meta-tag\" \/>\n<meta property=\"og:title\" content=\"Vous repr\u00e9senter ... - Syndicat National Ind\u00e9pendant de la Recherche Scientifique et de l&#039;Enseignement Sup\u00e9rieur\" class=\"yoast-seo-meta-tag\" \/>\n<meta property=\"og:description\" content=\"\u00c9lections professionnelles 2022 Liste SNIRS au CSA du MESR Profession de foi au CSA du MESR Liste SNIRS au CSA du CNRS Profession de foi au CSA du CNRS Liste et profession de foi \u00e0 la CAP du CNRS Instances nationales CNRS et comptes rendus Dernier compte-rendu SNIRS CT CNRS du 12\/12\/2016 cnrs-cr-du-ct-du-12-dec Dernier compte-rendu [&hellip;]\" class=\"yoast-seo-meta-tag\" \/>\n<meta property=\"og:url\" content=\"https:\/\/snirs-cfecgc.fr\/?page_id=182\" class=\"yoast-seo-meta-tag\" \/>\n<meta property=\"og:site_name\" content=\"Syndicat National Ind\u00e9pendant de la Recherche Scientifique et de l&#039;Enseignement Sup\u00e9rieur\" class=\"yoast-seo-meta-tag\" \/>\n<meta property=\"og:image\" content=\"https:\/\/snirs-cfecgc.fr\/wp-content\/uploads\/SNIRS_CFECGCFP-3-300x145-1.png\" class=\"yoast-seo-meta-tag\" \/>\n\t<meta property=\"og:image:width\" content=\"300\" class=\"yoast-seo-meta-tag\" \/>\n\t<meta property=\"og:image:height\" content=\"145\" class=\"yoast-seo-meta-tag\" \/>\n\t<meta property=\"og:image:type\" content=\"image\/png\" class=\"yoast-seo-meta-tag\" \/>\n<meta name=\"twitter:card\" content=\"summary_large_image\" class=\"yoast-seo-meta-tag\" \/>\n<meta name=\"twitter:site\" content=\"@SnirsCGC\" class=\"yoast-seo-meta-tag\" \/>\n<meta name=\"twitter:label1\" content=\"Dur\u00e9e de lecture estim\u00e9e\" class=\"yoast-seo-meta-tag\" \/>\n\t<meta name=\"twitter:data1\" content=\"1 minute\" class=\"yoast-seo-meta-tag\" \/>\n<script type=\"application\/ld+json\" class=\"yoast-schema-graph\">{\"@context\":\"https:\/\/schema.org\",\"@graph\":[{\"@type\":\"WebPage\",\"@id\":\"https:\/\/snirs-cfecgc.fr\/?page_id=182\",\"url\":\"https:\/\/snirs-cfecgc.fr\/?page_id=182\",\"name\":\"Vous repr\u00e9senter ... - Syndicat National Ind\u00e9pendant de la Recherche Scientifique et de l&#039;Enseignement Sup\u00e9rieur\",\"isPartOf\":{\"@id\":\"https:\/\/snirs-cfecgc.fr\/#website\"},\"datePublished\":\"2016-09-12T13:56:05+00:00\",\"breadcrumb\":{\"@id\":\"https:\/\/snirs-cfecgc.fr\/?page_id=182#breadcrumb\"},\"inLanguage\":\"fr-FR\",\"potentialAction\":[{\"@type\":\"ReadAction\",\"target\":[\"https:\/\/snirs-cfecgc.fr\/?page_id=182\"]}]},{\"@type\":\"BreadcrumbList\",\"@id\":\"https:\/\/snirs-cfecgc.fr\/?page_id=182#breadcrumb\",\"itemListElement\":[{\"@type\":\"ListItem\",\"position\":1,\"name\":\"Accueil\",\"item\":\"https:\/\/snirs-cfecgc.fr\/\"},{\"@type\":\"ListItem\",\"position\":2,\"name\":\"Nos actions\",\"item\":\"https:\/\/snirs-cfecgc.fr\/?page_id=80\"},{\"@type\":\"ListItem\",\"position\":3,\"name\":\"Vous repr\u00e9senter &#8230;\"}]},{\"@type\":\"WebSite\",\"@id\":\"https:\/\/snirs-cfecgc.fr\/#website\",\"url\":\"https:\/\/snirs-cfecgc.fr\/\",\"name\":\"Syndicat National Ind\u00e9pendant de la Recherche Scientifique et de l'Enseignement Sup\u00e9rieur\",\"description\":\"Ne pas prendre parti, c&#039;est accepter le parti pris des autres\",\"publisher\":{\"@id\":\"https:\/\/snirs-cfecgc.fr\/#organization\"},\"alternateName\":\"Snirs CFE-CGC\",\"potentialAction\":[{\"@type\":\"SearchAction\",\"target\":{\"@type\":\"EntryPoint\",\"urlTemplate\":\"https:\/\/snirs-cfecgc.fr\/?s={search_term_string}\"},\"query-input\":{\"@type\":\"PropertyValueSpecification\",\"valueRequired\":true,\"valueName\":\"search_term_string\"}}],\"inLanguage\":\"fr-FR\"},{\"@type\":\"Organization\",\"@id\":\"https:\/\/snirs-cfecgc.fr\/#organization\",\"name\":\"SNIRS CFE-CGC\",\"alternateName\":\"SNIRS\",\"url\":\"https:\/\/snirs-cfecgc.fr\/\",\"logo\":{\"@type\":\"ImageObject\",\"inLanguage\":\"fr-FR\",\"@id\":\"https:\/\/snirs-cfecgc.fr\/#\/schema\/logo\/image\/\",\"url\":\"https:\/\/snirs-cfecgc.fr\/wp-content\/uploads\/SNIRS_CFECGCFP-3-300x145-1.png\",\"contentUrl\":\"https:\/\/snirs-cfecgc.fr\/wp-content\/uploads\/SNIRS_CFECGCFP-3-300x145-1.png\",\"width\":300,\"height\":145,\"caption\":\"SNIRS CFE-CGC\"},\"image\":{\"@id\":\"https:\/\/snirs-cfecgc.fr\/#\/schema\/logo\/image\/\"},\"sameAs\":[\"https:\/\/x.com\/SnirsCGC\"]}]}<\/script>\n<!-- \/ Yoast SEO plugin. -->","yoast_head_json":{"title":"Vous repr\u00e9senter ... - Syndicat National Ind\u00e9pendant de la Recherche Scientifique et de l&#039;Enseignement Sup\u00e9rieur","robots":{"index":"index","follow":"follow","max-snippet":"max-snippet:-1","max-image-preview":"max-image-preview:large","max-video-preview":"max-video-preview:-1"},"canonical":"https:\/\/snirs-cfecgc.fr\/?page_id=182","og_locale":"fr_FR","og_type":"article","og_title":"Vous repr\u00e9senter ... - Syndicat National Ind\u00e9pendant de la Recherche Scientifique et de l&#039;Enseignement Sup\u00e9rieur","og_description":"\u00c9lections professionnelles 2022 Liste SNIRS au CSA du MESR Profession de foi au CSA du MESR Liste SNIRS au CSA du CNRS Profession de foi au CSA du CNRS Liste et profession de foi \u00e0 la CAP du CNRS Instances nationales CNRS et comptes rendus Dernier compte-rendu SNIRS CT CNRS du 12\/12\/2016 cnrs-cr-du-ct-du-12-dec Dernier compte-rendu [&hellip;]","og_url":"https:\/\/snirs-cfecgc.fr\/?page_id=182","og_site_name":"Syndicat National Ind\u00e9pendant de la Recherche Scientifique et de l&#039;Enseignement Sup\u00e9rieur","og_image":[{"width":300,"height":145,"url":"https:\/\/snirs-cfecgc.fr\/wp-content\/uploads\/SNIRS_CFECGCFP-3-300x145-1.png","type":"image\/png"}],"twitter_card":"summary_large_image","twitter_site":"@SnirsCGC","twitter_misc":{"Dur\u00e9e de lecture estim\u00e9e":"1 minute"},"schema":{"@context":"https:\/\/schema.org","@graph":[{"@type":"WebPage","@id":"https:\/\/snirs-cfecgc.fr\/?page_id=182","url":"https:\/\/snirs-cfecgc.fr\/?page_id=182","name":"Vous repr\u00e9senter ... - Syndicat National Ind\u00e9pendant de la Recherche Scientifique et de l&#039;Enseignement Sup\u00e9rieur","isPartOf":{"@id":"https:\/\/snirs-cfecgc.fr\/#website"},"datePublished":"2016-09-12T13:56:05+00:00","breadcrumb":{"@id":"https:\/\/snirs-cfecgc.fr\/?page_id=182#breadcrumb"},"inLanguage":"fr-FR","potentialAction":[{"@type":"ReadAction","target":["https:\/\/snirs-cfecgc.fr\/?page_id=182"]}]},{"@type":"BreadcrumbList","@id":"https:\/\/snirs-cfecgc.fr\/?page_id=182#breadcrumb","itemListElement":[{"@type":"ListItem","position":1,"name":"Accueil","item":"https:\/\/snirs-cfecgc.fr\/"},{"@type":"ListItem","position":2,"name":"Nos actions","item":"https:\/\/snirs-cfecgc.fr\/?page_id=80"},{"@type":"ListItem","position":3,"name":"Vous repr\u00e9senter &#8230;"}]},{"@type":"WebSite","@id":"https:\/\/snirs-cfecgc.fr\/#website","url":"https:\/\/snirs-cfecgc.fr\/","name":"Syndicat National Ind\u00e9pendant de la Recherche Scientifique et de l'Enseignement Sup\u00e9rieur","description":"Ne pas prendre parti, c&#039;est accepter le parti pris des autres","publisher":{"@id":"https:\/\/snirs-cfecgc.fr\/#organization"},"alternateName":"Snirs CFE-CGC","potentialAction":[{"@type":"SearchAction","target":{"@type":"EntryPoint","urlTemplate":"https:\/\/snirs-cfecgc.fr\/?s={search_term_string}"},"query-input":{"@type":"PropertyValueSpecification","valueRequired":true,"valueName":"search_term_string"}}],"inLanguage":"fr-FR"},{"@type":"Organization","@id":"https:\/\/snirs-cfecgc.fr\/#organization","name":"SNIRS CFE-CGC","alternateName":"SNIRS","url":"https:\/\/snirs-cfecgc.fr\/","logo":{"@type":"ImageObject","inLanguage":"fr-FR","@id":"https:\/\/snirs-cfecgc.fr\/#\/schema\/logo\/image\/","url":"https:\/\/snirs-cfecgc.fr\/wp-content\/uploads\/SNIRS_CFECGCFP-3-300x145-1.png","contentUrl":"https:\/\/snirs-cfecgc.fr\/wp-content\/uploads\/SNIRS_CFECGCFP-3-300x145-1.png","width":300,"height":145,"caption":"SNIRS CFE-CGC"},"image":{"@id":"https:\/\/snirs-cfecgc.fr\/#\/schema\/logo\/image\/"},"sameAs":["https:\/\/x.com\/SnirsCGC"]}]}},"_links":{"self":[{"href":"https:\/\/snirs-cfecgc.fr\/index.php?rest_route=\/wp\/v2\/pages\/182","targetHints":{"allow":["GET"]}}],"collection":[{"href":"https:\/\/snirs-cfecgc.fr\/index.php?rest_route=\/wp\/v2\/pages"}],"about":[{"href":"https:\/\/snirs-cfecgc.fr\/index.php?rest_route=\/wp\/v2\/types\/page"}],"author":[{"embeddable":true,"href":"https:\/\/snirs-cfecgc.fr\/index.php?rest_route=\/wp\/v2\/users\/2"}],"replies":[{"embeddable":true,"href":"https:\/\/snirs-cfecgc.fr\/index.php?rest_route=%2Fwp%2Fv2%2Fcomments&post=182"}],"version-history":[{"count":0,"href":"https:\/\/snirs-cfecgc.fr\/index.php?rest_route=\/wp\/v2\/pages\/182\/revisions"}],"up":[{"embeddable":true,"href":"https:\/\/snirs-cfecgc.fr\/index.php?rest_route=\/wp\/v2\/pages\/80"}],"wp:attachment":[{"href":"https:\/\/snirs-cfecgc.fr\/index.php?rest_route=%2Fwp%2Fv2%2Fmedia&parent=182"}],"curies":[{"name":"wp","href":"https:\/\/api.w.org\/{rel}","templated":true}]}}