{"id":134,"date":"2016-09-02T14:12:36","date_gmt":"2016-09-02T12:12:36","guid":{"rendered":"http:\/\/snirscfecgc.neowordpress.fr\/?page_id=134"},"modified":"2026-01-03T17:58:50","modified_gmt":"2026-01-03T16:58:50","slug":"comment-adherer","status":"publish","type":"page","link":"https:\/\/snirs-cfecgc.fr\/?page_id=134","title":{"rendered":"Comment adh\u00e9rer au SNIRS CFE-CGC ?"},"content":{"rendered":"\t\t<div data-elementor-type=\"wp-page\" data-elementor-id=\"134\" class=\"elementor elementor-134\">\n\t\t\t\t<div class=\"elementor-element elementor-element-140ff62a e-flex e-con-boxed e-con e-parent\" data-id=\"140ff62a\" data-element_type=\"container\" data-e-type=\"container\">\n\t\t\t\t\t<div class=\"e-con-inner\">\n\t\t\t\t<div class=\"elementor-element elementor-element-7d4720cb elementor-widget elementor-widget-text-editor\" data-id=\"7d4720cb\" data-element_type=\"widget\" data-e-type=\"widget\" data-widget_type=\"text-editor.default\">\n\t\t\t\t<div class=\"elementor-widget-container\">\n\t\t\t\t\t\t\t\t\t<p style=\"text-align: left;\">Les id\u00e9es et actions du SNIRS vous plaisent ?<\/p><p style=\"text-align: left;\">Vous avez envie de nous rejoindre ? Bravo ! Rien de plus simple<strong><br \/><\/strong><\/p><p><strong>Le bulletin d\u2019adh\u00e9sion 2026 est disponible et les cotisations devraient encore rester stables.<br \/><\/strong><\/p><p><span style=\"text-decoration: underline;\">Proc\u00e9dure<\/span> : il faut contacter le Secr\u00e9taire g\u00e9n\u00e9ral par mail <a href=\"mailto:secretaire.general@snirs-cfecgc.fr\">secretaire.general@snirs-cfecgc.fr<\/a> ou par t\u00e9l\u00e9phone au 01 44 96 45 27. Apr\u00e8s \u00e9changes, il pr\u00e9sentera votre candidature au bureau national qui la fera valider par le conseil syndical.<\/p><p>T\u00e9l\u00e9chargez et compl\u00e9tez le formulaire que vous enverrez par mail au secr\u00e9taire g\u00e9n\u00e9ral ou par courrier au SNIRS Syndicat CNRS SNIRS \/ F\u00e9d\u00e9ration des services publics CFE CGC \/ 15-17 rue Beccaria \/ Paris 75012<\/p><ul><li>N\u2019oubliez pas d\u2019envoyer votre r\u00e8glement correspondant au montant de la cotisation (par virement ou ch\u00e8que) !<\/li><\/ul><p style=\"text-align: center;\"><a href=\"https:\/\/snirs-cfecgc.fr\/wp-content\/uploads\/Bulletin_Adhesion_2026_SNIRS.pdf\"><span style=\"text-decoration: underline;\"><strong><em>T\u00e9l\u00e9chargez et compl\u00e9tez le formulaire<\/em><\/strong><\/span><\/a><\/p>\t\t\t\t\t\t\t\t<\/div>\n\t\t\t\t<\/div>\n\t\t\t\t\t<\/div>\n\t\t\t\t<\/div>\n\t\t\t\t<\/div>\n\t\t","protected":false},"excerpt":{"rendered":"<p>Les id\u00e9es et actions du SNIRS vous plaisent ? Vous avez envie de nous rejoindre ? Bravo ! Rien de plus simple Le bulletin d\u2019adh\u00e9sion 2026 est disponible et les cotisations devraient encore rester stables. Proc\u00e9dure : il faut contacter le Secr\u00e9taire g\u00e9n\u00e9ral par mail secretaire.general@snirs-cfecgc.fr ou par t\u00e9l\u00e9phone au 01 44 96 45 27. [&hellip;]<\/p>\n","protected":false},"author":2,"featured_media":0,"parent":18,"menu_order":2,"comment_status":"closed","ping_status":"closed","template":"","meta":{"_bbp_topic_count":0,"_bbp_reply_count":0,"_bbp_total_topic_count":0,"_bbp_total_reply_count":0,"_bbp_voice_count":0,"_bbp_anonymous_reply_count":0,"_bbp_topic_count_hidden":0,"_bbp_reply_count_hidden":0,"_bbp_forum_subforum_count":0,"om_disable_all_campaigns":false,"footnotes":""},"class_list":["post-134","page","type-page","status-publish","hentry"],"yoast_head":"<!-- This site is optimized with the Yoast SEO plugin v27.4 - https:\/\/yoast.com\/product\/yoast-seo-wordpress\/ -->\n<title>snirs-cfeccgc\/comment-adherer<\/title>\n<meta name=\"robots\" content=\"index, follow, max-snippet:-1, max-image-preview:large, max-video-preview:-1\" \/>\n<link rel=\"canonical\" href=\"https:\/\/snirs-cfecgc.fr\/?page_id=134\" class=\"yoast-seo-meta-tag\" \/>\n<meta property=\"og:locale\" content=\"fr_FR\" class=\"yoast-seo-meta-tag\" \/>\n<meta property=\"og:type\" content=\"article\" class=\"yoast-seo-meta-tag\" \/>\n<meta property=\"og:title\" content=\"snirs-cfeccgc\/comment-adherer\" class=\"yoast-seo-meta-tag\" \/>\n<meta property=\"og:description\" content=\"Les id\u00e9es et actions du SNIRS vous plaisent ? Vous avez envie de nous rejoindre ? Bravo ! Rien de plus simple Le bulletin d\u2019adh\u00e9sion 2026 est disponible et les cotisations devraient encore rester stables. Proc\u00e9dure : il faut contacter le Secr\u00e9taire g\u00e9n\u00e9ral par mail secretaire.general@snirs-cfecgc.fr ou par t\u00e9l\u00e9phone au 01 44 96 45 27. [&hellip;]\" class=\"yoast-seo-meta-tag\" \/>\n<meta property=\"og:url\" content=\"https:\/\/snirs-cfecgc.fr\/?page_id=134\" class=\"yoast-seo-meta-tag\" \/>\n<meta property=\"og:site_name\" content=\"Syndicat National Ind\u00e9pendant de la Recherche Scientifique et de l&#039;Enseignement Sup\u00e9rieur\" class=\"yoast-seo-meta-tag\" \/>\n<meta property=\"article:modified_time\" content=\"2026-01-03T16:58:50+00:00\" class=\"yoast-seo-meta-tag\" \/>\n<meta property=\"og:image\" content=\"https:\/\/snirs-cfecgc.fr\/wp-content\/uploads\/SNIRS_CFECGCFP-3-300x145-1.png\" class=\"yoast-seo-meta-tag\" \/>\n\t<meta property=\"og:image:width\" content=\"300\" class=\"yoast-seo-meta-tag\" \/>\n\t<meta property=\"og:image:height\" content=\"145\" class=\"yoast-seo-meta-tag\" \/>\n\t<meta property=\"og:image:type\" content=\"image\/png\" class=\"yoast-seo-meta-tag\" \/>\n<meta name=\"twitter:card\" content=\"summary_large_image\" class=\"yoast-seo-meta-tag\" \/>\n<meta name=\"twitter:site\" content=\"@SnirsCGC\" class=\"yoast-seo-meta-tag\" \/>\n<meta name=\"twitter:label1\" content=\"Dur\u00e9e de lecture estim\u00e9e\" class=\"yoast-seo-meta-tag\" \/>\n\t<meta name=\"twitter:data1\" content=\"1 minute\" class=\"yoast-seo-meta-tag\" \/>\n<script type=\"application\/ld+json\" class=\"yoast-schema-graph\">{\"@context\":\"https:\\\/\\\/schema.org\",\"@graph\":[{\"@type\":\"WebPage\",\"@id\":\"https:\\\/\\\/snirs-cfecgc.fr\\\/?page_id=134\",\"url\":\"https:\\\/\\\/snirs-cfecgc.fr\\\/?page_id=134\",\"name\":\"snirs-cfeccgc\\\/comment-adherer\",\"isPartOf\":{\"@id\":\"https:\\\/\\\/snirs-cfecgc.fr\\\/#website\"},\"datePublished\":\"2016-09-02T12:12:36+00:00\",\"dateModified\":\"2026-01-03T16:58:50+00:00\",\"breadcrumb\":{\"@id\":\"https:\\\/\\\/snirs-cfecgc.fr\\\/?page_id=134#breadcrumb\"},\"inLanguage\":\"fr-FR\",\"potentialAction\":[{\"@type\":\"ReadAction\",\"target\":[\"https:\\\/\\\/snirs-cfecgc.fr\\\/?page_id=134\"]}]},{\"@type\":\"BreadcrumbList\",\"@id\":\"https:\\\/\\\/snirs-cfecgc.fr\\\/?page_id=134#breadcrumb\",\"itemListElement\":[{\"@type\":\"ListItem\",\"position\":1,\"name\":\"Accueil\",\"item\":\"https:\\\/\\\/snirs-cfecgc.fr\\\/\"},{\"@type\":\"ListItem\",\"position\":2,\"name\":\"Nous rejoindre\",\"item\":\"https:\\\/\\\/snirs-cfecgc.fr\\\/?page_id=18\"},{\"@type\":\"ListItem\",\"position\":3,\"name\":\"Comment adh\u00e9rer au SNIRS CFE-CGC ?\"}]},{\"@type\":\"WebSite\",\"@id\":\"https:\\\/\\\/snirs-cfecgc.fr\\\/#website\",\"url\":\"https:\\\/\\\/snirs-cfecgc.fr\\\/\",\"name\":\"Syndicat National Ind\u00e9pendant de la Recherche Scientifique et de l'Enseignement Sup\u00e9rieur\",\"description\":\"Ne pas prendre parti, c&#039;est accepter le parti pris des autres\",\"publisher\":{\"@id\":\"https:\\\/\\\/snirs-cfecgc.fr\\\/#organization\"},\"alternateName\":\"Snirs CFE-CGC\",\"potentialAction\":[{\"@type\":\"SearchAction\",\"target\":{\"@type\":\"EntryPoint\",\"urlTemplate\":\"https:\\\/\\\/snirs-cfecgc.fr\\\/?s={search_term_string}\"},\"query-input\":{\"@type\":\"PropertyValueSpecification\",\"valueRequired\":true,\"valueName\":\"search_term_string\"}}],\"inLanguage\":\"fr-FR\"},{\"@type\":\"Organization\",\"@id\":\"https:\\\/\\\/snirs-cfecgc.fr\\\/#organization\",\"name\":\"SNIRS CFE-CGC\",\"alternateName\":\"SNIRS\",\"url\":\"https:\\\/\\\/snirs-cfecgc.fr\\\/\",\"logo\":{\"@type\":\"ImageObject\",\"inLanguage\":\"fr-FR\",\"@id\":\"https:\\\/\\\/snirs-cfecgc.fr\\\/#\\\/schema\\\/logo\\\/image\\\/\",\"url\":\"https:\\\/\\\/snirs-cfecgc.fr\\\/wp-content\\\/uploads\\\/SNIRS_CFECGCFP-3-300x145-1.png\",\"contentUrl\":\"https:\\\/\\\/snirs-cfecgc.fr\\\/wp-content\\\/uploads\\\/SNIRS_CFECGCFP-3-300x145-1.png\",\"width\":300,\"height\":145,\"caption\":\"SNIRS CFE-CGC\"},\"image\":{\"@id\":\"https:\\\/\\\/snirs-cfecgc.fr\\\/#\\\/schema\\\/logo\\\/image\\\/\"},\"sameAs\":[\"https:\\\/\\\/x.com\\\/SnirsCGC\"]}]}<\/script>\n<!-- \/ Yoast SEO plugin. -->","yoast_head_json":{"title":"snirs-cfeccgc\/comment-adherer","robots":{"index":"index","follow":"follow","max-snippet":"max-snippet:-1","max-image-preview":"max-image-preview:large","max-video-preview":"max-video-preview:-1"},"canonical":"https:\/\/snirs-cfecgc.fr\/?page_id=134","og_locale":"fr_FR","og_type":"article","og_title":"snirs-cfeccgc\/comment-adherer","og_description":"Les id\u00e9es et actions du SNIRS vous plaisent ? Vous avez envie de nous rejoindre ? Bravo ! Rien de plus simple Le bulletin d\u2019adh\u00e9sion 2026 est disponible et les cotisations devraient encore rester stables. Proc\u00e9dure : il faut contacter le Secr\u00e9taire g\u00e9n\u00e9ral par mail secretaire.general@snirs-cfecgc.fr ou par t\u00e9l\u00e9phone au 01 44 96 45 27. [&hellip;]","og_url":"https:\/\/snirs-cfecgc.fr\/?page_id=134","og_site_name":"Syndicat National Ind\u00e9pendant de la Recherche Scientifique et de l&#039;Enseignement Sup\u00e9rieur","article_modified_time":"2026-01-03T16:58:50+00:00","og_image":[{"width":300,"height":145,"url":"https:\/\/snirs-cfecgc.fr\/wp-content\/uploads\/SNIRS_CFECGCFP-3-300x145-1.png","type":"image\/png"}],"twitter_card":"summary_large_image","twitter_site":"@SnirsCGC","twitter_misc":{"Dur\u00e9e de lecture estim\u00e9e":"1 minute"},"schema":{"@context":"https:\/\/schema.org","@graph":[{"@type":"WebPage","@id":"https:\/\/snirs-cfecgc.fr\/?page_id=134","url":"https:\/\/snirs-cfecgc.fr\/?page_id=134","name":"snirs-cfeccgc\/comment-adherer","isPartOf":{"@id":"https:\/\/snirs-cfecgc.fr\/#website"},"datePublished":"2016-09-02T12:12:36+00:00","dateModified":"2026-01-03T16:58:50+00:00","breadcrumb":{"@id":"https:\/\/snirs-cfecgc.fr\/?page_id=134#breadcrumb"},"inLanguage":"fr-FR","potentialAction":[{"@type":"ReadAction","target":["https:\/\/snirs-cfecgc.fr\/?page_id=134"]}]},{"@type":"BreadcrumbList","@id":"https:\/\/snirs-cfecgc.fr\/?page_id=134#breadcrumb","itemListElement":[{"@type":"ListItem","position":1,"name":"Accueil","item":"https:\/\/snirs-cfecgc.fr\/"},{"@type":"ListItem","position":2,"name":"Nous rejoindre","item":"https:\/\/snirs-cfecgc.fr\/?page_id=18"},{"@type":"ListItem","position":3,"name":"Comment adh\u00e9rer au SNIRS CFE-CGC ?"}]},{"@type":"WebSite","@id":"https:\/\/snirs-cfecgc.fr\/#website","url":"https:\/\/snirs-cfecgc.fr\/","name":"Syndicat National Ind\u00e9pendant de la Recherche Scientifique et de l'Enseignement Sup\u00e9rieur","description":"Ne pas prendre parti, c&#039;est accepter le parti pris des autres","publisher":{"@id":"https:\/\/snirs-cfecgc.fr\/#organization"},"alternateName":"Snirs CFE-CGC","potentialAction":[{"@type":"SearchAction","target":{"@type":"EntryPoint","urlTemplate":"https:\/\/snirs-cfecgc.fr\/?s={search_term_string}"},"query-input":{"@type":"PropertyValueSpecification","valueRequired":true,"valueName":"search_term_string"}}],"inLanguage":"fr-FR"},{"@type":"Organization","@id":"https:\/\/snirs-cfecgc.fr\/#organization","name":"SNIRS CFE-CGC","alternateName":"SNIRS","url":"https:\/\/snirs-cfecgc.fr\/","logo":{"@type":"ImageObject","inLanguage":"fr-FR","@id":"https:\/\/snirs-cfecgc.fr\/#\/schema\/logo\/image\/","url":"https:\/\/snirs-cfecgc.fr\/wp-content\/uploads\/SNIRS_CFECGCFP-3-300x145-1.png","contentUrl":"https:\/\/snirs-cfecgc.fr\/wp-content\/uploads\/SNIRS_CFECGCFP-3-300x145-1.png","width":300,"height":145,"caption":"SNIRS CFE-CGC"},"image":{"@id":"https:\/\/snirs-cfecgc.fr\/#\/schema\/logo\/image\/"},"sameAs":["https:\/\/x.com\/SnirsCGC"]}]}},"_links":{"self":[{"href":"https:\/\/snirs-cfecgc.fr\/index.php?rest_route=\/wp\/v2\/pages\/134","targetHints":{"allow":["GET"]}}],"collection":[{"href":"https:\/\/snirs-cfecgc.fr\/index.php?rest_route=\/wp\/v2\/pages"}],"about":[{"href":"https:\/\/snirs-cfecgc.fr\/index.php?rest_route=\/wp\/v2\/types\/page"}],"author":[{"embeddable":true,"href":"https:\/\/snirs-cfecgc.fr\/index.php?rest_route=\/wp\/v2\/users\/2"}],"replies":[{"embeddable":true,"href":"https:\/\/snirs-cfecgc.fr\/index.php?rest_route=%2Fwp%2Fv2%2Fcomments&post=134"}],"version-history":[{"count":39,"href":"https:\/\/snirs-cfecgc.fr\/index.php?rest_route=\/wp\/v2\/pages\/134\/revisions"}],"predecessor-version":[{"id":4632,"href":"https:\/\/snirs-cfecgc.fr\/index.php?rest_route=\/wp\/v2\/pages\/134\/revisions\/4632"}],"up":[{"embeddable":true,"href":"https:\/\/snirs-cfecgc.fr\/index.php?rest_route=\/wp\/v2\/pages\/18"}],"wp:attachment":[{"href":"https:\/\/snirs-cfecgc.fr\/index.php?rest_route=%2Fwp%2Fv2%2Fmedia&parent=134"}],"curies":[{"name":"wp","href":"https:\/\/api.w.org\/{rel}","templated":true}]}}