{"id":121,"date":"2016-09-02T11:44:29","date_gmt":"2016-09-02T09:44:29","guid":{"rendered":"http:\/\/snirscfecgc.neowordpress.fr\/?page_id=121"},"modified":"2024-09-25T17:43:44","modified_gmt":"2024-09-25T15:43:44","slug":"nos-valeurs","status":"publish","type":"page","link":"https:\/\/snirs-cfecgc.fr\/?page_id=121","title":{"rendered":"Nos valeurs"},"content":{"rendered":"\n<div class=\"wp-block-group\"><div class=\"wp-block-group__inner-container is-layout-constrained wp-block-group-is-layout-constrained\">\n<h4 class=\"wp-block-heading\"><span style=\"color: #3366ff;\">Pour vous d\u00e9fendre, pour vous repr\u00e9senter<\/span><br><span style=\"color: #3366ff;\">Il vous faut un syndicat<\/span><\/h4>\n\n\n\n<h4 class=\"wp-block-heading\"><span style=\"color: #3366ff;\">Moderne, ouvert, constructif, ind\u00e9pendant<\/span><br><span style=\"color: #3366ff;\">repr\u00e9sentatif des hommes et des femmes <\/span><span style=\"color: #3366ff;\">de l\u2019enseignement sup\u00e9rieur et de la recherche<\/span><\/h4>\n<\/div><\/div>\n\n\n\n<p>&nbsp;<\/p>\n\n\n\n<h4 class=\"wp-block-heading\"><span style=\"color: #333399;\">Ind\u00e9pendance<\/span><\/h4>\n\n\n\n<p>Un syndicat qui respecte en son sein la libert\u00e9 d&rsquo;expression, de pens\u00e9e, hors de tout mouvement politique ou id\u00e9ologique.<\/p>\n\n\n\n<h4 class=\"wp-block-heading\"><span style=\"color: #333399;\">Diversit\u00e9<\/span><\/h4>\n\n\n\n<p>Prise en compte des statuts de chacun dans la diversit\u00e9 de tous les acteurs de la recherche et organismes<\/p>\n\n\n\n<h4 class=\"wp-block-heading\"><span style=\"color: #333399;\">Coll\u00e9gialit\u00e9<\/span><\/h4>\n\n\n\n<p>Un mode de fonctionnement participatif, d\u00e9mocratique et coll\u00e9gial, une synth\u00e8se et mise en commun des comp\u00e9tences et points de vue<\/p>\n\n\n\n<h4 class=\"wp-block-heading\"><span style=\"color: #333399;\">Force de proposition<\/span><\/h4>\n\n\n\n<p>Un syndicat constructif, tourn\u00e9 vers l&rsquo;avenir<\/p>\n\n\n<a href=\"https:\/\/snirs-cfecgc.fr\/wp-content\/uploads\/TRACT-SNIRS-2024-page-4-11_2.pdf\" class=\"pdfemb-viewer\" style=\"\" data-width=\"max\" data-height=\"max\" data-toolbar=\"bottom\" data-toolbar-fixed=\"off\">TRACT-SNIRS-2024-page-4-11_2<\/a>","protected":false},"excerpt":{"rendered":"<p>Pour vous d\u00e9fendre, pour vous repr\u00e9senterIl vous faut un syndicat Moderne, ouvert, constructif, ind\u00e9pendantrepr\u00e9sentatif des hommes et des femmes de l\u2019enseignement sup\u00e9rieur et de la recherche &nbsp; Ind\u00e9pendance Un syndicat qui respecte en son sein la libert\u00e9 d&rsquo;expression, de pens\u00e9e, hors de tout mouvement politique ou id\u00e9ologique. Diversit\u00e9 Prise en compte des statuts de chacun [&hellip;]<\/p>\n","protected":false},"author":2,"featured_media":0,"parent":25,"menu_order":3,"comment_status":"closed","ping_status":"closed","template":"","meta":{"_bbp_topic_count":0,"_bbp_reply_count":0,"_bbp_total_topic_count":0,"_bbp_total_reply_count":0,"_bbp_voice_count":0,"_bbp_anonymous_reply_count":0,"_bbp_topic_count_hidden":0,"_bbp_reply_count_hidden":0,"_bbp_forum_subforum_count":0,"om_disable_all_campaigns":false,"footnotes":""},"class_list":["post-121","page","type-page","status-publish","hentry"],"yoast_head":"<!-- This site is optimized with the Yoast SEO plugin v27.3 - https:\/\/yoast.com\/product\/yoast-seo-wordpress\/ -->\n<title>Nos valeurs - Syndicat National Ind\u00e9pendant de la Recherche Scientifique et de l&#039;Enseignement Sup\u00e9rieur<\/title>\n<meta name=\"robots\" content=\"index, follow, max-snippet:-1, max-image-preview:large, max-video-preview:-1\" \/>\n<link rel=\"canonical\" href=\"https:\/\/snirs-cfecgc.fr\/?page_id=121\" class=\"yoast-seo-meta-tag\" \/>\n<meta property=\"og:locale\" content=\"fr_FR\" class=\"yoast-seo-meta-tag\" \/>\n<meta property=\"og:type\" content=\"article\" class=\"yoast-seo-meta-tag\" \/>\n<meta property=\"og:title\" content=\"Nos valeurs - Syndicat National Ind\u00e9pendant de la Recherche Scientifique et de l&#039;Enseignement Sup\u00e9rieur\" class=\"yoast-seo-meta-tag\" \/>\n<meta property=\"og:description\" content=\"Pour vous d\u00e9fendre, pour vous repr\u00e9senterIl vous faut un syndicat Moderne, ouvert, constructif, ind\u00e9pendantrepr\u00e9sentatif des hommes et des femmes de l\u2019enseignement sup\u00e9rieur et de la recherche &nbsp; Ind\u00e9pendance Un syndicat qui respecte en son sein la libert\u00e9 d&rsquo;expression, de pens\u00e9e, hors de tout mouvement politique ou id\u00e9ologique. Diversit\u00e9 Prise en compte des statuts de chacun [&hellip;]\" class=\"yoast-seo-meta-tag\" \/>\n<meta property=\"og:url\" content=\"https:\/\/snirs-cfecgc.fr\/?page_id=121\" class=\"yoast-seo-meta-tag\" \/>\n<meta property=\"og:site_name\" content=\"Syndicat National Ind\u00e9pendant de la Recherche Scientifique et de l&#039;Enseignement Sup\u00e9rieur\" class=\"yoast-seo-meta-tag\" \/>\n<meta property=\"article:modified_time\" content=\"2024-09-25T15:43:44+00:00\" class=\"yoast-seo-meta-tag\" \/>\n<meta property=\"og:image\" content=\"https:\/\/snirs-cfecgc.fr\/wp-content\/uploads\/SNIRS_CFECGCFP-3-300x145-1.png\" class=\"yoast-seo-meta-tag\" \/>\n\t<meta property=\"og:image:width\" content=\"300\" class=\"yoast-seo-meta-tag\" \/>\n\t<meta property=\"og:image:height\" content=\"145\" class=\"yoast-seo-meta-tag\" \/>\n\t<meta property=\"og:image:type\" content=\"image\/png\" class=\"yoast-seo-meta-tag\" \/>\n<meta name=\"twitter:card\" content=\"summary_large_image\" class=\"yoast-seo-meta-tag\" \/>\n<meta name=\"twitter:site\" content=\"@SnirsCGC\" class=\"yoast-seo-meta-tag\" \/>\n<meta name=\"twitter:label1\" content=\"Dur\u00e9e de lecture estim\u00e9e\" class=\"yoast-seo-meta-tag\" \/>\n\t<meta name=\"twitter:data1\" content=\"1 minute\" class=\"yoast-seo-meta-tag\" \/>\n<script type=\"application\/ld+json\" class=\"yoast-schema-graph\">{\"@context\":\"https:\\\/\\\/schema.org\",\"@graph\":[{\"@type\":\"WebPage\",\"@id\":\"https:\\\/\\\/snirs-cfecgc.fr\\\/?page_id=121\",\"url\":\"https:\\\/\\\/snirs-cfecgc.fr\\\/?page_id=121\",\"name\":\"Nos valeurs - Syndicat National Ind\u00e9pendant de la Recherche Scientifique et de l&#039;Enseignement Sup\u00e9rieur\",\"isPartOf\":{\"@id\":\"https:\\\/\\\/snirs-cfecgc.fr\\\/#website\"},\"datePublished\":\"2016-09-02T09:44:29+00:00\",\"dateModified\":\"2024-09-25T15:43:44+00:00\",\"breadcrumb\":{\"@id\":\"https:\\\/\\\/snirs-cfecgc.fr\\\/?page_id=121#breadcrumb\"},\"inLanguage\":\"fr-FR\",\"potentialAction\":[{\"@type\":\"ReadAction\",\"target\":[\"https:\\\/\\\/snirs-cfecgc.fr\\\/?page_id=121\"]}]},{\"@type\":\"BreadcrumbList\",\"@id\":\"https:\\\/\\\/snirs-cfecgc.fr\\\/?page_id=121#breadcrumb\",\"itemListElement\":[{\"@type\":\"ListItem\",\"position\":1,\"name\":\"Accueil\",\"item\":\"https:\\\/\\\/snirs-cfecgc.fr\\\/\"},{\"@type\":\"ListItem\",\"position\":2,\"name\":\"Nous conna\u00eetre\",\"item\":\"https:\\\/\\\/snirs-cfecgc.fr\\\/?page_id=25\"},{\"@type\":\"ListItem\",\"position\":3,\"name\":\"Nos valeurs\"}]},{\"@type\":\"WebSite\",\"@id\":\"https:\\\/\\\/snirs-cfecgc.fr\\\/#website\",\"url\":\"https:\\\/\\\/snirs-cfecgc.fr\\\/\",\"name\":\"Syndicat National Ind\u00e9pendant de la Recherche Scientifique et de l'Enseignement Sup\u00e9rieur\",\"description\":\"Ne pas prendre parti, c&#039;est accepter le parti pris des autres\",\"publisher\":{\"@id\":\"https:\\\/\\\/snirs-cfecgc.fr\\\/#organization\"},\"alternateName\":\"Snirs CFE-CGC\",\"potentialAction\":[{\"@type\":\"SearchAction\",\"target\":{\"@type\":\"EntryPoint\",\"urlTemplate\":\"https:\\\/\\\/snirs-cfecgc.fr\\\/?s={search_term_string}\"},\"query-input\":{\"@type\":\"PropertyValueSpecification\",\"valueRequired\":true,\"valueName\":\"search_term_string\"}}],\"inLanguage\":\"fr-FR\"},{\"@type\":\"Organization\",\"@id\":\"https:\\\/\\\/snirs-cfecgc.fr\\\/#organization\",\"name\":\"SNIRS CFE-CGC\",\"alternateName\":\"SNIRS\",\"url\":\"https:\\\/\\\/snirs-cfecgc.fr\\\/\",\"logo\":{\"@type\":\"ImageObject\",\"inLanguage\":\"fr-FR\",\"@id\":\"https:\\\/\\\/snirs-cfecgc.fr\\\/#\\\/schema\\\/logo\\\/image\\\/\",\"url\":\"https:\\\/\\\/snirs-cfecgc.fr\\\/wp-content\\\/uploads\\\/SNIRS_CFECGCFP-3-300x145-1.png\",\"contentUrl\":\"https:\\\/\\\/snirs-cfecgc.fr\\\/wp-content\\\/uploads\\\/SNIRS_CFECGCFP-3-300x145-1.png\",\"width\":300,\"height\":145,\"caption\":\"SNIRS CFE-CGC\"},\"image\":{\"@id\":\"https:\\\/\\\/snirs-cfecgc.fr\\\/#\\\/schema\\\/logo\\\/image\\\/\"},\"sameAs\":[\"https:\\\/\\\/x.com\\\/SnirsCGC\"]}]}<\/script>\n<!-- \/ Yoast SEO plugin. -->","yoast_head_json":{"title":"Nos valeurs - Syndicat National Ind\u00e9pendant de la Recherche Scientifique et de l&#039;Enseignement Sup\u00e9rieur","robots":{"index":"index","follow":"follow","max-snippet":"max-snippet:-1","max-image-preview":"max-image-preview:large","max-video-preview":"max-video-preview:-1"},"canonical":"https:\/\/snirs-cfecgc.fr\/?page_id=121","og_locale":"fr_FR","og_type":"article","og_title":"Nos valeurs - Syndicat National Ind\u00e9pendant de la Recherche Scientifique et de l&#039;Enseignement Sup\u00e9rieur","og_description":"Pour vous d\u00e9fendre, pour vous repr\u00e9senterIl vous faut un syndicat Moderne, ouvert, constructif, ind\u00e9pendantrepr\u00e9sentatif des hommes et des femmes de l\u2019enseignement sup\u00e9rieur et de la recherche &nbsp; Ind\u00e9pendance Un syndicat qui respecte en son sein la libert\u00e9 d&rsquo;expression, de pens\u00e9e, hors de tout mouvement politique ou id\u00e9ologique. Diversit\u00e9 Prise en compte des statuts de chacun [&hellip;]","og_url":"https:\/\/snirs-cfecgc.fr\/?page_id=121","og_site_name":"Syndicat National Ind\u00e9pendant de la Recherche Scientifique et de l&#039;Enseignement Sup\u00e9rieur","article_modified_time":"2024-09-25T15:43:44+00:00","og_image":[{"width":300,"height":145,"url":"https:\/\/snirs-cfecgc.fr\/wp-content\/uploads\/SNIRS_CFECGCFP-3-300x145-1.png","type":"image\/png"}],"twitter_card":"summary_large_image","twitter_site":"@SnirsCGC","twitter_misc":{"Dur\u00e9e de lecture estim\u00e9e":"1 minute"},"schema":{"@context":"https:\/\/schema.org","@graph":[{"@type":"WebPage","@id":"https:\/\/snirs-cfecgc.fr\/?page_id=121","url":"https:\/\/snirs-cfecgc.fr\/?page_id=121","name":"Nos valeurs - Syndicat National Ind\u00e9pendant de la Recherche Scientifique et de l&#039;Enseignement Sup\u00e9rieur","isPartOf":{"@id":"https:\/\/snirs-cfecgc.fr\/#website"},"datePublished":"2016-09-02T09:44:29+00:00","dateModified":"2024-09-25T15:43:44+00:00","breadcrumb":{"@id":"https:\/\/snirs-cfecgc.fr\/?page_id=121#breadcrumb"},"inLanguage":"fr-FR","potentialAction":[{"@type":"ReadAction","target":["https:\/\/snirs-cfecgc.fr\/?page_id=121"]}]},{"@type":"BreadcrumbList","@id":"https:\/\/snirs-cfecgc.fr\/?page_id=121#breadcrumb","itemListElement":[{"@type":"ListItem","position":1,"name":"Accueil","item":"https:\/\/snirs-cfecgc.fr\/"},{"@type":"ListItem","position":2,"name":"Nous conna\u00eetre","item":"https:\/\/snirs-cfecgc.fr\/?page_id=25"},{"@type":"ListItem","position":3,"name":"Nos valeurs"}]},{"@type":"WebSite","@id":"https:\/\/snirs-cfecgc.fr\/#website","url":"https:\/\/snirs-cfecgc.fr\/","name":"Syndicat National Ind\u00e9pendant de la Recherche Scientifique et de l'Enseignement Sup\u00e9rieur","description":"Ne pas prendre parti, c&#039;est accepter le parti pris des autres","publisher":{"@id":"https:\/\/snirs-cfecgc.fr\/#organization"},"alternateName":"Snirs CFE-CGC","potentialAction":[{"@type":"SearchAction","target":{"@type":"EntryPoint","urlTemplate":"https:\/\/snirs-cfecgc.fr\/?s={search_term_string}"},"query-input":{"@type":"PropertyValueSpecification","valueRequired":true,"valueName":"search_term_string"}}],"inLanguage":"fr-FR"},{"@type":"Organization","@id":"https:\/\/snirs-cfecgc.fr\/#organization","name":"SNIRS CFE-CGC","alternateName":"SNIRS","url":"https:\/\/snirs-cfecgc.fr\/","logo":{"@type":"ImageObject","inLanguage":"fr-FR","@id":"https:\/\/snirs-cfecgc.fr\/#\/schema\/logo\/image\/","url":"https:\/\/snirs-cfecgc.fr\/wp-content\/uploads\/SNIRS_CFECGCFP-3-300x145-1.png","contentUrl":"https:\/\/snirs-cfecgc.fr\/wp-content\/uploads\/SNIRS_CFECGCFP-3-300x145-1.png","width":300,"height":145,"caption":"SNIRS CFE-CGC"},"image":{"@id":"https:\/\/snirs-cfecgc.fr\/#\/schema\/logo\/image\/"},"sameAs":["https:\/\/x.com\/SnirsCGC"]}]}},"_links":{"self":[{"href":"https:\/\/snirs-cfecgc.fr\/index.php?rest_route=\/wp\/v2\/pages\/121","targetHints":{"allow":["GET"]}}],"collection":[{"href":"https:\/\/snirs-cfecgc.fr\/index.php?rest_route=\/wp\/v2\/pages"}],"about":[{"href":"https:\/\/snirs-cfecgc.fr\/index.php?rest_route=\/wp\/v2\/types\/page"}],"author":[{"embeddable":true,"href":"https:\/\/snirs-cfecgc.fr\/index.php?rest_route=\/wp\/v2\/users\/2"}],"replies":[{"embeddable":true,"href":"https:\/\/snirs-cfecgc.fr\/index.php?rest_route=%2Fwp%2Fv2%2Fcomments&post=121"}],"version-history":[{"count":8,"href":"https:\/\/snirs-cfecgc.fr\/index.php?rest_route=\/wp\/v2\/pages\/121\/revisions"}],"predecessor-version":[{"id":4271,"href":"https:\/\/snirs-cfecgc.fr\/index.php?rest_route=\/wp\/v2\/pages\/121\/revisions\/4271"}],"up":[{"embeddable":true,"href":"https:\/\/snirs-cfecgc.fr\/index.php?rest_route=\/wp\/v2\/pages\/25"}],"wp:attachment":[{"href":"https:\/\/snirs-cfecgc.fr\/index.php?rest_route=%2Fwp%2Fv2%2Fmedia&parent=121"}],"curies":[{"name":"wp","href":"https:\/\/api.w.org\/{rel}","templated":true}]}}