{"id":112,"date":"2016-09-02T10:59:50","date_gmt":"2016-09-02T08:59:50","guid":{"rendered":"http:\/\/snirscfecgc.neowordpress.fr\/?page_id=112"},"modified":"2026-01-17T18:35:21","modified_gmt":"2026-01-17T17:35:21","slug":"les-conseillers-et-correspondants","status":"publish","type":"page","link":"https:\/\/snirs-cfecgc.fr\/?page_id=112","title":{"rendered":"Les conseillers nationaux et correspondants"},"content":{"rendered":"\n<p class=\"has-text-align-center\"><\/p>\n\n\n\n<figure class=\"wp-block-table is-style-stripes\"><table class=\"has-fixed-layout\"><tbody><tr><td><strong>\u00a0Conseillers nationaux<br><\/strong><\/td><td>Fran\u00e7ois-Xavier SAUVAGE (CNRS, retrait\u00e9)<\/td><\/tr><tr><td><strong>&nbsp;<\/strong><\/td><td><p>Am\u00e9lie VIALET (MNHN)\u00a0<\/p><\/td><\/tr><tr><td><strong>&nbsp;<\/strong><\/td><td>Eric SUIRE (Universit\u00e9 Bordeaux Montaigne)<\/td><\/tr><tr><td><strong>&nbsp;<\/strong><\/td><td>Sylvain PICAUD (CNRS, Besan\u00e7on)<\/td><\/tr><tr><td><strong>&nbsp;<\/strong><\/td><td>Christine BOUSQUET (CNRS, Montpellier)<\/td><\/tr><tr><td><strong>&nbsp;<\/strong><\/td><td>Richard FERRERE (CNRS, Bordeaux)<\/td><\/tr><tr><td><strong>&nbsp;<\/strong><\/td><td><p>Farid BOUSSAMA (universit\u00e9 de Montpellier)<\/p><\/td><\/tr><tr><td><strong>&nbsp;<\/strong><\/td><td><p>Sophie SOCCARD (Le Mans Universit\u00e9)<\/p><\/td><\/tr><tr><td><strong>&nbsp;<\/strong><\/td><td><p>Olivier MBAREK (CNRS, Lyon)<\/p><\/td><\/tr><tr><td><strong>&nbsp;<\/strong><\/td><td><p>Sophie DOULUT (Universit\u00e9 de Perpignan)<\/p><\/td><\/tr><tr><td><strong>&nbsp;<\/strong><\/td><td><p>Catherine BRENNER (CNRS, Villejuif)<\/p><\/td><\/tr><tr><td><strong>&nbsp;<\/strong><\/td><td>Patricia MACAIGNE (CNAM)<\/td><\/tr><tr><td><strong>&nbsp;<\/strong><\/td><td><p>Jean-Luc CHOUKROUN, permanent(CNRS, Paris)<\/p><\/td><\/tr><tr><td><strong>&nbsp;<\/strong><\/td><td>Rapha\u00ebl GALLET (CNRS, Savoie)<\/td><\/tr><tr><td><strong>Correspondants<\/strong><\/td><td>S\u00e9verine SCHNEIDER (Strasbourg)<\/td><\/tr><tr><td><strong>&nbsp;<\/strong><\/td><td>Fabienne FACHE (Lyon)<\/td><\/tr><\/tbody><\/table><\/figure>\n","protected":false},"excerpt":{"rendered":"<p>\u00a0Conseillers nationaux Fran\u00e7ois-Xavier SAUVAGE (CNRS, retrait\u00e9) &nbsp; Am\u00e9lie VIALET (MNHN)\u00a0 &nbsp; Eric SUIRE (Universit\u00e9 Bordeaux Montaigne) &nbsp; Sylvain PICAUD (CNRS, Besan\u00e7on) &nbsp; Christine BOUSQUET (CNRS, Montpellier) &nbsp; Richard FERRERE (CNRS, Bordeaux) &nbsp; Farid BOUSSAMA (universit\u00e9 de Montpellier) &nbsp; Sophie SOCCARD (Le Mans Universit\u00e9) &nbsp; Olivier MBAREK (CNRS, Lyon) &nbsp; Sophie DOULUT (Universit\u00e9 de Perpignan) &nbsp; [&hellip;]<\/p>\n","protected":false},"author":2,"featured_media":0,"parent":25,"menu_order":4,"comment_status":"closed","ping_status":"closed","template":"","meta":{"_bbp_topic_count":0,"_bbp_reply_count":0,"_bbp_total_topic_count":0,"_bbp_total_reply_count":0,"_bbp_voice_count":0,"_bbp_anonymous_reply_count":0,"_bbp_topic_count_hidden":0,"_bbp_reply_count_hidden":0,"_bbp_forum_subforum_count":0,"om_disable_all_campaigns":false,"footnotes":""},"class_list":["post-112","page","type-page","status-publish","hentry"],"yoast_head":"<!-- This site is optimized with the Yoast SEO plugin v27.4 - https:\/\/yoast.com\/product\/yoast-seo-wordpress\/ -->\n<title>Les conseillers nationaux et correspondants - Syndicat National Ind\u00e9pendant de la Recherche Scientifique et de l&#039;Enseignement Sup\u00e9rieur<\/title>\n<meta name=\"robots\" content=\"index, follow, max-snippet:-1, max-image-preview:large, max-video-preview:-1\" \/>\n<link rel=\"canonical\" href=\"https:\/\/snirs-cfecgc.fr\/?page_id=112\" class=\"yoast-seo-meta-tag\" \/>\n<meta property=\"og:locale\" content=\"fr_FR\" class=\"yoast-seo-meta-tag\" \/>\n<meta property=\"og:type\" content=\"article\" class=\"yoast-seo-meta-tag\" \/>\n<meta property=\"og:title\" content=\"Les conseillers nationaux et correspondants - Syndicat National Ind\u00e9pendant de la Recherche Scientifique et de l&#039;Enseignement Sup\u00e9rieur\" class=\"yoast-seo-meta-tag\" \/>\n<meta property=\"og:description\" content=\"\u00a0Conseillers nationaux Fran\u00e7ois-Xavier SAUVAGE (CNRS, retrait\u00e9) &nbsp; Am\u00e9lie VIALET (MNHN)\u00a0 &nbsp; Eric SUIRE (Universit\u00e9 Bordeaux Montaigne) &nbsp; Sylvain PICAUD (CNRS, Besan\u00e7on) &nbsp; Christine BOUSQUET (CNRS, Montpellier) &nbsp; Richard FERRERE (CNRS, Bordeaux) &nbsp; Farid BOUSSAMA (universit\u00e9 de Montpellier) &nbsp; Sophie SOCCARD (Le Mans Universit\u00e9) &nbsp; Olivier MBAREK (CNRS, Lyon) &nbsp; Sophie DOULUT (Universit\u00e9 de Perpignan) &nbsp; [&hellip;]\" class=\"yoast-seo-meta-tag\" \/>\n<meta property=\"og:url\" content=\"https:\/\/snirs-cfecgc.fr\/?page_id=112\" class=\"yoast-seo-meta-tag\" \/>\n<meta property=\"og:site_name\" content=\"Syndicat National Ind\u00e9pendant de la Recherche Scientifique et de l&#039;Enseignement Sup\u00e9rieur\" class=\"yoast-seo-meta-tag\" \/>\n<meta property=\"article:modified_time\" content=\"2026-01-17T17:35:21+00:00\" class=\"yoast-seo-meta-tag\" \/>\n<meta property=\"og:image\" content=\"https:\/\/snirs-cfecgc.fr\/wp-content\/uploads\/SNIRS_CFECGCFP-3-300x145-1.png\" class=\"yoast-seo-meta-tag\" \/>\n\t<meta property=\"og:image:width\" content=\"300\" class=\"yoast-seo-meta-tag\" \/>\n\t<meta property=\"og:image:height\" content=\"145\" class=\"yoast-seo-meta-tag\" \/>\n\t<meta property=\"og:image:type\" content=\"image\/png\" class=\"yoast-seo-meta-tag\" \/>\n<meta name=\"twitter:card\" content=\"summary_large_image\" class=\"yoast-seo-meta-tag\" \/>\n<meta name=\"twitter:site\" content=\"@SnirsCGC\" class=\"yoast-seo-meta-tag\" \/>\n<meta name=\"twitter:label1\" content=\"Dur\u00e9e de lecture estim\u00e9e\" class=\"yoast-seo-meta-tag\" \/>\n\t<meta name=\"twitter:data1\" content=\"1 minute\" class=\"yoast-seo-meta-tag\" \/>\n<script type=\"application\/ld+json\" class=\"yoast-schema-graph\">{\"@context\":\"https:\\\/\\\/schema.org\",\"@graph\":[{\"@type\":\"WebPage\",\"@id\":\"https:\\\/\\\/snirs-cfecgc.fr\\\/?page_id=112\",\"url\":\"https:\\\/\\\/snirs-cfecgc.fr\\\/?page_id=112\",\"name\":\"Les conseillers nationaux et correspondants - Syndicat National Ind\u00e9pendant de la Recherche Scientifique et de l&#039;Enseignement Sup\u00e9rieur\",\"isPartOf\":{\"@id\":\"https:\\\/\\\/snirs-cfecgc.fr\\\/#website\"},\"datePublished\":\"2016-09-02T08:59:50+00:00\",\"dateModified\":\"2026-01-17T17:35:21+00:00\",\"breadcrumb\":{\"@id\":\"https:\\\/\\\/snirs-cfecgc.fr\\\/?page_id=112#breadcrumb\"},\"inLanguage\":\"fr-FR\",\"potentialAction\":[{\"@type\":\"ReadAction\",\"target\":[\"https:\\\/\\\/snirs-cfecgc.fr\\\/?page_id=112\"]}]},{\"@type\":\"BreadcrumbList\",\"@id\":\"https:\\\/\\\/snirs-cfecgc.fr\\\/?page_id=112#breadcrumb\",\"itemListElement\":[{\"@type\":\"ListItem\",\"position\":1,\"name\":\"Accueil\",\"item\":\"https:\\\/\\\/snirs-cfecgc.fr\\\/\"},{\"@type\":\"ListItem\",\"position\":2,\"name\":\"Nous conna\u00eetre\",\"item\":\"https:\\\/\\\/snirs-cfecgc.fr\\\/?page_id=25\"},{\"@type\":\"ListItem\",\"position\":3,\"name\":\"Les conseillers nationaux et correspondants\"}]},{\"@type\":\"WebSite\",\"@id\":\"https:\\\/\\\/snirs-cfecgc.fr\\\/#website\",\"url\":\"https:\\\/\\\/snirs-cfecgc.fr\\\/\",\"name\":\"Syndicat National Ind\u00e9pendant de la Recherche Scientifique et de l'Enseignement Sup\u00e9rieur\",\"description\":\"Ne pas prendre parti, c&#039;est accepter le parti pris des autres\",\"publisher\":{\"@id\":\"https:\\\/\\\/snirs-cfecgc.fr\\\/#organization\"},\"alternateName\":\"Snirs CFE-CGC\",\"potentialAction\":[{\"@type\":\"SearchAction\",\"target\":{\"@type\":\"EntryPoint\",\"urlTemplate\":\"https:\\\/\\\/snirs-cfecgc.fr\\\/?s={search_term_string}\"},\"query-input\":{\"@type\":\"PropertyValueSpecification\",\"valueRequired\":true,\"valueName\":\"search_term_string\"}}],\"inLanguage\":\"fr-FR\"},{\"@type\":\"Organization\",\"@id\":\"https:\\\/\\\/snirs-cfecgc.fr\\\/#organization\",\"name\":\"SNIRS CFE-CGC\",\"alternateName\":\"SNIRS\",\"url\":\"https:\\\/\\\/snirs-cfecgc.fr\\\/\",\"logo\":{\"@type\":\"ImageObject\",\"inLanguage\":\"fr-FR\",\"@id\":\"https:\\\/\\\/snirs-cfecgc.fr\\\/#\\\/schema\\\/logo\\\/image\\\/\",\"url\":\"https:\\\/\\\/snirs-cfecgc.fr\\\/wp-content\\\/uploads\\\/SNIRS_CFECGCFP-3-300x145-1.png\",\"contentUrl\":\"https:\\\/\\\/snirs-cfecgc.fr\\\/wp-content\\\/uploads\\\/SNIRS_CFECGCFP-3-300x145-1.png\",\"width\":300,\"height\":145,\"caption\":\"SNIRS CFE-CGC\"},\"image\":{\"@id\":\"https:\\\/\\\/snirs-cfecgc.fr\\\/#\\\/schema\\\/logo\\\/image\\\/\"},\"sameAs\":[\"https:\\\/\\\/x.com\\\/SnirsCGC\"]}]}<\/script>\n<!-- \/ Yoast SEO plugin. -->","yoast_head_json":{"title":"Les conseillers nationaux et correspondants - Syndicat National Ind\u00e9pendant de la Recherche Scientifique et de l&#039;Enseignement Sup\u00e9rieur","robots":{"index":"index","follow":"follow","max-snippet":"max-snippet:-1","max-image-preview":"max-image-preview:large","max-video-preview":"max-video-preview:-1"},"canonical":"https:\/\/snirs-cfecgc.fr\/?page_id=112","og_locale":"fr_FR","og_type":"article","og_title":"Les conseillers nationaux et correspondants - Syndicat National Ind\u00e9pendant de la Recherche Scientifique et de l&#039;Enseignement Sup\u00e9rieur","og_description":"\u00a0Conseillers nationaux Fran\u00e7ois-Xavier SAUVAGE (CNRS, retrait\u00e9) &nbsp; Am\u00e9lie VIALET (MNHN)\u00a0 &nbsp; Eric SUIRE (Universit\u00e9 Bordeaux Montaigne) &nbsp; Sylvain PICAUD (CNRS, Besan\u00e7on) &nbsp; Christine BOUSQUET (CNRS, Montpellier) &nbsp; Richard FERRERE (CNRS, Bordeaux) &nbsp; Farid BOUSSAMA (universit\u00e9 de Montpellier) &nbsp; Sophie SOCCARD (Le Mans Universit\u00e9) &nbsp; Olivier MBAREK (CNRS, Lyon) &nbsp; Sophie DOULUT (Universit\u00e9 de Perpignan) &nbsp; [&hellip;]","og_url":"https:\/\/snirs-cfecgc.fr\/?page_id=112","og_site_name":"Syndicat National Ind\u00e9pendant de la Recherche Scientifique et de l&#039;Enseignement Sup\u00e9rieur","article_modified_time":"2026-01-17T17:35:21+00:00","og_image":[{"width":300,"height":145,"url":"https:\/\/snirs-cfecgc.fr\/wp-content\/uploads\/SNIRS_CFECGCFP-3-300x145-1.png","type":"image\/png"}],"twitter_card":"summary_large_image","twitter_site":"@SnirsCGC","twitter_misc":{"Dur\u00e9e de lecture estim\u00e9e":"1 minute"},"schema":{"@context":"https:\/\/schema.org","@graph":[{"@type":"WebPage","@id":"https:\/\/snirs-cfecgc.fr\/?page_id=112","url":"https:\/\/snirs-cfecgc.fr\/?page_id=112","name":"Les conseillers nationaux et correspondants - Syndicat National Ind\u00e9pendant de la Recherche Scientifique et de l&#039;Enseignement Sup\u00e9rieur","isPartOf":{"@id":"https:\/\/snirs-cfecgc.fr\/#website"},"datePublished":"2016-09-02T08:59:50+00:00","dateModified":"2026-01-17T17:35:21+00:00","breadcrumb":{"@id":"https:\/\/snirs-cfecgc.fr\/?page_id=112#breadcrumb"},"inLanguage":"fr-FR","potentialAction":[{"@type":"ReadAction","target":["https:\/\/snirs-cfecgc.fr\/?page_id=112"]}]},{"@type":"BreadcrumbList","@id":"https:\/\/snirs-cfecgc.fr\/?page_id=112#breadcrumb","itemListElement":[{"@type":"ListItem","position":1,"name":"Accueil","item":"https:\/\/snirs-cfecgc.fr\/"},{"@type":"ListItem","position":2,"name":"Nous conna\u00eetre","item":"https:\/\/snirs-cfecgc.fr\/?page_id=25"},{"@type":"ListItem","position":3,"name":"Les conseillers nationaux et correspondants"}]},{"@type":"WebSite","@id":"https:\/\/snirs-cfecgc.fr\/#website","url":"https:\/\/snirs-cfecgc.fr\/","name":"Syndicat National Ind\u00e9pendant de la Recherche Scientifique et de l'Enseignement Sup\u00e9rieur","description":"Ne pas prendre parti, c&#039;est accepter le parti pris des autres","publisher":{"@id":"https:\/\/snirs-cfecgc.fr\/#organization"},"alternateName":"Snirs CFE-CGC","potentialAction":[{"@type":"SearchAction","target":{"@type":"EntryPoint","urlTemplate":"https:\/\/snirs-cfecgc.fr\/?s={search_term_string}"},"query-input":{"@type":"PropertyValueSpecification","valueRequired":true,"valueName":"search_term_string"}}],"inLanguage":"fr-FR"},{"@type":"Organization","@id":"https:\/\/snirs-cfecgc.fr\/#organization","name":"SNIRS CFE-CGC","alternateName":"SNIRS","url":"https:\/\/snirs-cfecgc.fr\/","logo":{"@type":"ImageObject","inLanguage":"fr-FR","@id":"https:\/\/snirs-cfecgc.fr\/#\/schema\/logo\/image\/","url":"https:\/\/snirs-cfecgc.fr\/wp-content\/uploads\/SNIRS_CFECGCFP-3-300x145-1.png","contentUrl":"https:\/\/snirs-cfecgc.fr\/wp-content\/uploads\/SNIRS_CFECGCFP-3-300x145-1.png","width":300,"height":145,"caption":"SNIRS CFE-CGC"},"image":{"@id":"https:\/\/snirs-cfecgc.fr\/#\/schema\/logo\/image\/"},"sameAs":["https:\/\/x.com\/SnirsCGC"]}]}},"_links":{"self":[{"href":"https:\/\/snirs-cfecgc.fr\/index.php?rest_route=\/wp\/v2\/pages\/112","targetHints":{"allow":["GET"]}}],"collection":[{"href":"https:\/\/snirs-cfecgc.fr\/index.php?rest_route=\/wp\/v2\/pages"}],"about":[{"href":"https:\/\/snirs-cfecgc.fr\/index.php?rest_route=\/wp\/v2\/types\/page"}],"author":[{"embeddable":true,"href":"https:\/\/snirs-cfecgc.fr\/index.php?rest_route=\/wp\/v2\/users\/2"}],"replies":[{"embeddable":true,"href":"https:\/\/snirs-cfecgc.fr\/index.php?rest_route=%2Fwp%2Fv2%2Fcomments&post=112"}],"version-history":[{"count":14,"href":"https:\/\/snirs-cfecgc.fr\/index.php?rest_route=\/wp\/v2\/pages\/112\/revisions"}],"predecessor-version":[{"id":4664,"href":"https:\/\/snirs-cfecgc.fr\/index.php?rest_route=\/wp\/v2\/pages\/112\/revisions\/4664"}],"up":[{"embeddable":true,"href":"https:\/\/snirs-cfecgc.fr\/index.php?rest_route=\/wp\/v2\/pages\/25"}],"wp:attachment":[{"href":"https:\/\/snirs-cfecgc.fr\/index.php?rest_route=%2Fwp%2Fv2%2Fmedia&parent=112"}],"curies":[{"name":"wp","href":"https:\/\/api.w.org\/{rel}","templated":true}]}}